{"id":3983,"date":"2023-04-05T14:11:18","date_gmt":"2023-04-05T12:11:18","guid":{"rendered":"https:\/\/hakkers.com\/hakkers\/hakkers-talent-event\/"},"modified":"2023-04-05T14:11:18","modified_gmt":"2023-04-05T12:11:18","slug":"hakkers-talent-event","status":"publish","type":"page","link":"https:\/\/hakkers.com\/de\/hakkers\/hakkers-talent-event\/","title":{"rendered":"Hakkers Talent Event"},"content":{"rendered":"","protected":false},"excerpt":{"rendered":"","protected":false},"author":21,"featured_media":6574,"parent":3097,"menu_order":0,"comment_status":"closed","ping_status":"closed","template":"","meta":{"footnotes":""},"class_list":["post-3983","page","type-page","status-publish","has-post-thumbnail","hentry","entry","has-media"],"yoast_head":"<!-- This site is optimized with the Yoast SEO plugin v27.4 - https:\/\/yoast.com\/product\/yoast-seo-wordpress\/ -->\n<title>Hakkers Talent Event - Hakkers<\/title>\n<meta name=\"description\" content=\"M\u00f6chten Sie wissen, wie es ist, f\u00fcr ein Bauunternehmen im Wasserbau zu arbeiten? Dann melden Sie sich schnell f\u00fcr das Hakkers Talent Event am 11. Mai an!\" \/>\n<meta name=\"robots\" content=\"index, follow, max-snippet:-1, max-image-preview:large, max-video-preview:-1\" \/>\n<link rel=\"canonical\" href=\"https:\/\/hakkers.com\/hakkers\/hakkers-talent-event\/\" \/>\n<meta property=\"og:locale\" content=\"de_DE\" \/>\n<meta property=\"og:type\" content=\"article\" \/>\n<meta property=\"og:title\" content=\"Hakkers Talent Event - Hakkers\" \/>\n<meta property=\"og:description\" content=\"M\u00f6chten Sie wissen, wie es ist, f\u00fcr ein Bauunternehmen im Wasserbau zu arbeiten? Dann melden Sie sich schnell f\u00fcr das Hakkers Talent Event am 11. Mai an!\" \/>\n<meta property=\"og:url\" content=\"https:\/\/hakkers.com\/hakkers\/hakkers-talent-event\/\" \/>\n<meta property=\"og:site_name\" content=\"Hakkers\" \/>\n<meta name=\"twitter:card\" content=\"summary_large_image\" \/>\n<!-- \/ Yoast SEO plugin. -->","yoast_head_json":{"title":"Hakkers Talent Event - Hakkers","description":"M\u00f6chten Sie wissen, wie es ist, f\u00fcr ein Bauunternehmen im Wasserbau zu arbeiten? Dann melden Sie sich schnell f\u00fcr das Hakkers Talent Event am 11. Mai an!","robots":{"index":"index","follow":"follow","max-snippet":"max-snippet:-1","max-image-preview":"max-image-preview:large","max-video-preview":"max-video-preview:-1"},"canonical":"https:\/\/hakkers.com\/hakkers\/hakkers-talent-event\/","og_locale":"de_DE","og_type":"article","og_title":"Hakkers Talent Event - Hakkers","og_description":"M\u00f6chten Sie wissen, wie es ist, f\u00fcr ein Bauunternehmen im Wasserbau zu arbeiten? Dann melden Sie sich schnell f\u00fcr das Hakkers Talent Event am 11. Mai an!","og_url":"https:\/\/hakkers.com\/hakkers\/hakkers-talent-event\/","og_site_name":"Hakkers","twitter_card":"summary_large_image","schema":{"@context":"https:\/\/schema.org","@graph":[{"@type":"WebPage","@id":"https:\/\/hakkers.com\/hakkers\/hakkers-talent-event\/","url":"https:\/\/hakkers.com\/hakkers\/hakkers-talent-event\/","name":"Hakkers Talent Event - Hakkers","isPartOf":{"@id":"https:\/\/hakkers.com\/#website"},"primaryImageOfPage":{"@id":"https:\/\/hakkers.com\/hakkers\/hakkers-talent-event\/#primaryimage"},"image":{"@id":"https:\/\/hakkers.com\/hakkers\/hakkers-talent-event\/#primaryimage"},"thumbnailUrl":"https:\/\/hakkers.com\/wp-content\/uploads\/2026\/01\/PHOTO-2025-11-11-13-08-03.jpg","datePublished":"2023-04-05T12:11:18+00:00","description":"M\u00f6chten Sie wissen, wie es ist, f\u00fcr ein Bauunternehmen im Wasserbau zu arbeiten? Dann melden Sie sich schnell f\u00fcr das Hakkers Talent Event am 11. Mai an!","breadcrumb":{"@id":"https:\/\/hakkers.com\/hakkers\/hakkers-talent-event\/#breadcrumb"},"inLanguage":"de","potentialAction":[{"@type":"ReadAction","target":["https:\/\/hakkers.com\/hakkers\/hakkers-talent-event\/"]}]},{"@type":"ImageObject","inLanguage":"de","@id":"https:\/\/hakkers.com\/hakkers\/hakkers-talent-event\/#primaryimage","url":"https:\/\/hakkers.com\/wp-content\/uploads\/2026\/01\/PHOTO-2025-11-11-13-08-03.jpg","contentUrl":"https:\/\/hakkers.com\/wp-content\/uploads\/2026\/01\/PHOTO-2025-11-11-13-08-03.jpg","width":1600,"height":1200},{"@type":"BreadcrumbList","@id":"https:\/\/hakkers.com\/hakkers\/hakkers-talent-event\/#breadcrumb","itemListElement":[{"@type":"ListItem","position":1,"name":"Home","item":"https:\/\/hakkers.com\/de\/"},{"@type":"ListItem","position":2,"name":"Hakkers","item":"https:\/\/hakkers.com\/de\/hakkers\/"},{"@type":"ListItem","position":3,"name":"Hakkers Talent Event"}]},{"@type":"WebSite","@id":"https:\/\/hakkers.com\/#website","url":"https:\/\/hakkers.com\/","name":"Hakkers","description":"Maakt het mogelijk","publisher":{"@id":"https:\/\/hakkers.com\/#organization"},"potentialAction":[{"@type":"SearchAction","target":{"@type":"EntryPoint","urlTemplate":"https:\/\/hakkers.com\/?s={search_term_string}"},"query-input":{"@type":"PropertyValueSpecification","valueRequired":true,"valueName":"search_term_string"}}],"inLanguage":"de"},{"@type":"Organization","@id":"https:\/\/hakkers.com\/#organization","name":"Hakkers","url":"https:\/\/hakkers.com\/","logo":{"@type":"ImageObject","inLanguage":"de","@id":"https:\/\/hakkers.com\/#\/schema\/logo\/image\/","url":"https:\/\/hakkers.com\/wp-content\/uploads\/2025\/09\/Hakkers_Logo150_liggend_CMYK.jpg","contentUrl":"https:\/\/hakkers.com\/wp-content\/uploads\/2025\/09\/Hakkers_Logo150_liggend_CMYK.jpg","width":2343,"height":559,"caption":"Hakkers"},"image":{"@id":"https:\/\/hakkers.com\/#\/schema\/logo\/image\/"}}]}},"_links":{"self":[{"href":"https:\/\/hakkers.com\/de\/wp-json\/wp\/v2\/pages\/3983","targetHints":{"allow":["GET"]}}],"collection":[{"href":"https:\/\/hakkers.com\/de\/wp-json\/wp\/v2\/pages"}],"about":[{"href":"https:\/\/hakkers.com\/de\/wp-json\/wp\/v2\/types\/page"}],"author":[{"embeddable":true,"href":"https:\/\/hakkers.com\/de\/wp-json\/wp\/v2\/users\/21"}],"replies":[{"embeddable":true,"href":"https:\/\/hakkers.com\/de\/wp-json\/wp\/v2\/comments?post=3983"}],"version-history":[{"count":0,"href":"https:\/\/hakkers.com\/de\/wp-json\/wp\/v2\/pages\/3983\/revisions"}],"up":[{"embeddable":true,"href":"https:\/\/hakkers.com\/de\/wp-json\/wp\/v2\/pages\/3097"}],"wp:featuredmedia":[{"embeddable":true,"href":"https:\/\/hakkers.com\/de\/wp-json\/wp\/v2\/media\/6574"}],"wp:attachment":[{"href":"https:\/\/hakkers.com\/de\/wp-json\/wp\/v2\/media?parent=3983"}],"curies":[{"name":"wp","href":"https:\/\/api.w.org\/{rel}","templated":true}]}}