						
						{"id":3971,"date":"2023-01-31T09:03:17","date_gmt":"2023-01-31T08:03:17","guid":{"rendered":"https:\/\/hakkers.com\/hakkers\/sicherheit\/sicherheitsprogramm\/"},"modified":"2023-12-21T13:28:55","modified_gmt":"2023-12-21T12:28:55","slug":"sicherheitsprogramm","status":"publish","type":"page","link":"https:\/\/hakkers.com\/de\/hakkers\/sicherheit\/sicherheitsprogramm\/","title":{"rendered":"Sicherheitsprogramm"},"content":{"rendered":"<div class=\"wpb-content-wrapper\">[vc_row full_width=&#8220;stretch_row&#8220; wpex_bg_overlay=&#8220;custom&#8220; wpex_post_thumbnail_bg=&#8220;true&#8220; el_class=&#8220;hero-duurzaamheid&#8220; wpex_bg_overlay_color=&#8220;palette-7&#8243; wpex_bg_overlay_opacity=&#8220;0.25&#8243;][vc_column][vc_column_text el_class=&#8220;title&#8220;]\n<h1><strong>GEGENSEITIGE<\/strong> F\u00dcRSORGE<\/h1>\n[\/vc_column_text][\/vc_column][\/vc_row][vc_row][vc_column]<div class=\"templatera_shortcode\"><style type=\"text\/css\" data-type=\"vc_shortcodes-custom-css\">.vc_custom_1678184025824{background-image: url(https:\/\/hakkers.com\/wp-content\/uploads\/2022\/07\/texture_triangle_steel.svg?id=192) !important;}<\/style><div class=\"vc_row wpb_row vc_row-fluid blue-triangle-block wpex-relative\"><div class=\"wpb_column vc_column_container vc_col-sm-12\"><div class=\"vc_column-inner\"><div class=\"wpb_wrapper\"><div class=\"vc_row wpb_row vc_inner vc_row-fluid blue-triangle-bkg vc_custom_1678184025824 wpex-relative wpex-vc_row-has-fill wpex-vc-reset-negative-margin\"><div class=\"wpb_column vc_column_container vc_col-sm-12\"><div class=\"vc_column-inner\"><div class=\"wpb_wrapper\"><div class=\"vcex-spacing wpex-w-100 wpex-clear\"><\/div><\/div><\/div><\/div><\/div><\/div><\/div><\/div><\/div><\/div>[\/vc_column][\/vc_row][vc_row el_class=&#8220;txt-blck-duur&#8220;][vc_column width=&#8220;1\/2&#8243; el_class=&#8220;column1&#8243;][vc_column_text el_class=&#8220;title&#8220;]\n<h2>HAKKERS UND <strong>SICHERHEIT<\/strong><\/h2>\n[\/vc_column_text][vc_column_text el_class=&#8220;text&#8220;]Teil des Auftrags sind die Lieferbedingungen in Bezug auf die Sicherheit: \u201eWir arbeiten HAK\u201c. Der Subunternehmer ist verpflichtet, die mit dem Auftraggeber vereinbarten Regeln und Vorschriften gem\u00e4\u00df dem SuG-Plan f\u00fcr die Ausf\u00fchrungsphase einzuhalten. Sie k\u00f6nnen diese Dokumente hier herunterladen.[\/vc_column_text][\/vc_column][vc_column width=&#8220;1\/2&#8243; el_class=&#8220;column2&#8243;][\/vc_column][\/vc_row][vc_row el_class=&#8220;txt-blck-2-3&#8243;][vc_column width=&#8220;2\/3&#8243; el_class=&#8220;column1&#8243;][vc_column_text el_class=&#8220;title&#8220;]Dokumente[\/vc_column_text][\/vc_column][vc_column width=&#8220;1\/3&#8243; el_class=&#8220;column2&#8243;][\/vc_column][\/vc_row][vc_row el_class=&#8220;inspiratie-grid-block&#8220;][vc_column]<div id=\"el-5024646462e3d3a1d2fde\" class=\" card-906 ss-element gusta-post-listing\" data-query_vars=\"YSUzQTklM0ElN0JzJTNBMTQlM0ElMjJwb3N0c19wZXJfcGFnZSUyMiUzQnMlM0EyJTNBJTIyMTAlMjIlM0JzJTNBNiUzQSUyMm9mZnNldCUyMiUzQnMlM0EwJTNBJTIyJTIyJTNCcyUzQTclM0ElMjJvcmRlcmJ5JTIyJTNCcyUzQTQlM0ElMjJkYXRlJTIyJTNCcyUzQTUlM0ElMjJvcmRlciUyMiUzQnMlM0E0JTNBJTIyREVTQyUyMiUzQnMlM0ExMSUzQSUyMnBvc3Rfc3RhdHVzJTIyJTNCcyUzQTclM0ElMjJwdWJsaXNoJTIyJTNCcyUzQTE5JTNBJTIyaWdub3JlX3N0aWNreV9wb3N0cyUyMiUzQmIlM0ExJTNCcyUzQTklM0ElMjJwb3N0X3R5cGUlMjIlM0JzJTNBMTAlM0ElMjJkb2N1bWVudGVuJTIyJTNCcyUzQTklM0ElMjJ0YXhfcXVlcnklMjIlM0JhJTNBMyUzQSU3QnMlM0E4JTNBJTIycmVsYXRpb24lMjIlM0JzJTNBMyUzQSUyMkFORCUyMiUzQmklM0EwJTNCYSUzQTIlM0ElN0JzJTNBOCUzQSUyMnRheG9ub215JTIyJTNCcyUzQTEyJTNBJTIydHlwZWRvY3VtZW50JTIyJTNCcyUzQTUlM0ElMjJ0ZXJtcyUyMiUzQmElM0ExJTNBJTdCaSUzQTAlM0JzJTNBMiUzQSUyMjcyJTIyJTNCJTdEJTdEaSUzQTElM0JhJTNBMyUzQSU3QnMlM0E4JTNBJTIydGF4b25vbXklMjIlM0JzJTNBMTIlM0ElMjJ0eXBlZG9jdW1lbnQlMjIlM0JzJTNBNSUzQSUyMnRlcm1zJTIyJTNCYSUzQTIlM0ElN0JpJTNBMCUzQnMlM0EyJTNBJTIyMjElMjIlM0JpJTNBMSUzQnMlM0EzJTNBJTIyJTIwMjUlMjIlM0IlN0RzJTNBOCUzQSUyMm9wZXJhdG9yJTIyJTNCcyUzQTYlM0ElMjJOT1QlMjBJTiUyMiUzQiU3RCU3RHMlM0E1JTNBJTIycGFnZWQlMjIlM0JpJTNBMSUzQiU3RA==\" data-page=\"2\" data-total=\"3\" data-card_design=\"906\" data-tax=\"0\"><div class=\"gusta-grid\" data-columns><div class=\"post-listing-container\" id=\"gusta-post-6102\" style=\"-webkit-animation-delay: 100ms; animation-delay: 100ms;\"><div class=\"vc_row wpb_row vc_row-fluid document-grid wpex-relative\"><div class=\"wpb_column vc_column_container vc_col-sm-12\"><div class=\"vc_column-inner\"><div class=\"wpb_wrapper\"><div class=\"vc_row wpb_row vc_inner vc_row-fluid content vc_row-o-equal-height vc_row-o-content-middle vc_row-flex wpex-relative\"><div class=\"wpb_column column1 vc_column_container vc_col-sm-3\"><div class=\"vc_column-inner\"><div class=\"wpb_wrapper\">\n\t<div class=\"wpb_raw_code wpb_raw_html wpb_content_element\" >\n\t\t<div class=\"wpb_wrapper\">\n\t\t\t<img src=\"\/wp-content\/uploads\/2022\/08\/pdf-icon.svg\" \/>\n\t\t<\/div>\n\t<\/div>\n<\/div><\/div><\/div><div class=\"wpb_column column2 vc_column_container vc_col-sm-9\"><div class=\"vc_column-inner\"><div class=\"wpb_wrapper\"><div class=\"gusta-align-left  \"><div class=\"el-91822246762e3d3f9bf9a9 ss-element gusta-post-title title show-show ani-fade  linked\"><a href=\"https:\/\/hakkers.com\/wp-content\/uploads\/2025\/10\/PR.07.05.I-VGM-reglement-versie-25.01.pdf\" target=\"_blank\">VGM reglement<\/a><\/div><\/div><div class=\"gusta-clear gusta-mobile-clear\"><\/div><div class=\"gusta-align-left  \"><a class=\"el-46283358362ea446793680 col-butt-blue ss-element gusta-read-more-button gusta-icon-link gusta-has-span show-show ani-fade linked\" href=\"https:\/\/hakkers.com\/wp-content\/uploads\/2025\/10\/PR.07.05.I-VGM-reglement-versie-25.01.pdf\" target=\"_blank\"> <span>Download<\/span> <\/a><\/div><div class=\"gusta-clear gusta-mobile-clear\"><\/div><\/div><\/div><\/div><\/div><\/div><\/div><\/div><\/div><\/div><div class=\"post-listing-container\" id=\"gusta-post-4821\" style=\"-webkit-animation-delay: 200ms; animation-delay: 200ms;\"><div class=\"vc_row wpb_row vc_row-fluid document-grid wpex-relative\"><div class=\"wpb_column vc_column_container vc_col-sm-12\"><div class=\"vc_column-inner\"><div class=\"wpb_wrapper\"><div class=\"vc_row wpb_row vc_inner vc_row-fluid content vc_row-o-equal-height vc_row-o-content-middle vc_row-flex wpex-relative\"><div class=\"wpb_column column1 vc_column_container vc_col-sm-3\"><div class=\"vc_column-inner\"><div class=\"wpb_wrapper\">\n\t<div class=\"wpb_raw_code wpb_raw_html wpb_content_element\" >\n\t\t<div class=\"wpb_wrapper\">\n\t\t\t<img src=\"\/wp-content\/uploads\/2022\/08\/pdf-icon.svg\" \/>\n\t\t<\/div>\n\t<\/div>\n<\/div><\/div><\/div><div class=\"wpb_column column2 vc_column_container vc_col-sm-9\"><div class=\"vc_column-inner\"><div class=\"wpb_wrapper\"><div class=\"gusta-align-left  \"><div class=\"el-91822246762e3d3f9bf9a9 ss-element gusta-post-title title show-show ani-fade  linked\"><a href=\"https:\/\/hakkers.com\/wp-content\/uploads\/2024\/04\/PR.19.02.P-Veiligheid-Gezondheid-en-Milieueisen-ingehuurde-diensten-versie-24.01.pdf\" target=\"_blank\">Veiligheid-Gezondheid- en Milieueisen ingehuurde diensten<\/a><\/div><\/div><div class=\"gusta-clear gusta-mobile-clear\"><\/div><div class=\"gusta-align-left  \"><a class=\"el-46283358362ea446793680 col-butt-blue ss-element gusta-read-more-button gusta-icon-link gusta-has-span show-show ani-fade linked\" href=\"https:\/\/hakkers.com\/wp-content\/uploads\/2024\/04\/PR.19.02.P-Veiligheid-Gezondheid-en-Milieueisen-ingehuurde-diensten-versie-24.01.pdf\" target=\"_blank\"> <span>Download<\/span> <\/a><\/div><div class=\"gusta-clear gusta-mobile-clear\"><\/div><\/div><\/div><\/div><\/div><\/div><\/div><\/div><\/div><\/div><div class=\"post-listing-container\" id=\"gusta-post-2571\" style=\"-webkit-animation-delay: 300ms; animation-delay: 300ms;\"><div class=\"vc_row wpb_row vc_row-fluid document-grid wpex-relative\"><div class=\"wpb_column vc_column_container vc_col-sm-12\"><div class=\"vc_column-inner\"><div class=\"wpb_wrapper\"><div class=\"vc_row wpb_row vc_inner vc_row-fluid content vc_row-o-equal-height vc_row-o-content-middle vc_row-flex wpex-relative\"><div class=\"wpb_column column1 vc_column_container vc_col-sm-3\"><div class=\"vc_column-inner\"><div class=\"wpb_wrapper\">\n\t<div class=\"wpb_raw_code wpb_raw_html wpb_content_element\" >\n\t\t<div class=\"wpb_wrapper\">\n\t\t\t<img src=\"\/wp-content\/uploads\/2022\/08\/pdf-icon.svg\" \/>\n\t\t<\/div>\n\t<\/div>\n<\/div><\/div><\/div><div class=\"wpb_column column2 vc_column_container vc_col-sm-9\"><div class=\"vc_column-inner\"><div class=\"wpb_wrapper\"><div class=\"gusta-align-left  \"><div class=\"el-91822246762e3d3f9bf9a9 ss-element gusta-post-title title show-show ani-fade  linked\"><a href=\"https:\/\/hakkers.com\/wp-content\/uploads\/2023\/02\/HAK-A5-boekje-veiligheid-nieuwe-huisstijl.pdf\" target=\"_blank\">Veiligheidsafspraken<\/a><\/div><\/div><div class=\"gusta-clear gusta-mobile-clear\"><\/div><div class=\"gusta-align-left  \"><a class=\"el-46283358362ea446793680 col-butt-blue ss-element gusta-read-more-button gusta-icon-link gusta-has-span show-show ani-fade linked\" href=\"https:\/\/hakkers.com\/wp-content\/uploads\/2023\/02\/HAK-A5-boekje-veiligheid-nieuwe-huisstijl.pdf\" target=\"_blank\"> <span>Download<\/span> <\/a><\/div><div class=\"gusta-clear gusta-mobile-clear\"><\/div><\/div><\/div><\/div><\/div><\/div><\/div><\/div><\/div><\/div><\/div><\/div>[\/vc_column][\/vc_row][vc_row full_width=&#8220;stretch_row&#8220; content_placement=&#8220;middle&#8220; el_class=&#8220;black-qoute-background&#8220;][vc_column el_class=&#8220;column1&#8243;][vc_row_inner][vc_column_inner][vc_column_text el_class=&#8220;quote&#8220;]Sicherheit ist HAK: Helfen. Ansprechen. Kennen.[\/vc_column_text][vc_column_text el_class=&#8220;name&#8220; visibility=&#8220;hidden&#8220;]Sander de Kraker, Koordinator f\u00fcr Nachhaltigkeit[\/vc_column_text][\/vc_column_inner][\/vc_row_inner][\/vc_column][\/vc_row][vc_row el_id=&#8220;Contact blok&#8220;][vc_column][vc_raw_html]W3RlbXBsYXRlcmEgaWQ9IjQ5Il0=[\/vc_raw_html][\/vc_column][\/vc_row]\n<\/div>","protected":false},"excerpt":{"rendered":"","protected":false},"author":21,"featured_media":2917,"parent":2928,"menu_order":0,"comment_status":"closed","ping_status":"closed","template":"","meta":{"footnotes":""},"class_list":["post-3971","page","type-page","status-publish","has-post-thumbnail","hentry","entry","no-media"],"yoast_head":"<!-- This site is optimized with the Yoast SEO plugin v27.3 - https:\/\/yoast.com\/product\/yoast-seo-wordpress\/ -->\n<title>Sicherheitsprogramm - Hakkers<\/title>\n<meta name=\"description\" content=\"Die Entscheidungen, die wir heute treffen, wirken sich auf diese k\u00fcnftigen Generationen und die Umwelt aus. Um Kontinuit\u00e4t zu gew\u00e4hrleisten, wollen wir innovativ sein und uns weiterentwickeln.\" \/>\n<meta name=\"robots\" content=\"index, follow, max-snippet:-1, max-image-preview:large, max-video-preview:-1\" \/>\n<link rel=\"canonical\" href=\"https:\/\/hakkers.com\/de\/hakkers\/sicherheit\/sicherheitsprogramm\/\" \/>\n<meta property=\"og:locale\" content=\"de_DE\" \/>\n<meta property=\"og:type\" content=\"article\" \/>\n<meta property=\"og:title\" content=\"Sicherheitsprogramm - Hakkers\" \/>\n<meta property=\"og:description\" content=\"Die Entscheidungen, die wir heute treffen, wirken sich auf diese k\u00fcnftigen Generationen und die Umwelt aus. Um Kontinuit\u00e4t zu gew\u00e4hrleisten, wollen wir innovativ sein und uns weiterentwickeln.\" \/>\n<meta property=\"og:url\" content=\"https:\/\/hakkers.com\/de\/hakkers\/sicherheit\/sicherheitsprogramm\/\" \/>\n<meta property=\"og:site_name\" content=\"Hakkers\" \/>\n<meta property=\"article:modified_time\" content=\"2023-12-21T12:28:55+00:00\" \/>\n<meta property=\"og:image\" content=\"https:\/\/hakkers.com\/wp-content\/uploads\/2022\/11\/Wereld-van-Hakkers.jpg\" \/>\n\t<meta property=\"og:image:width\" content=\"1920\" \/>\n\t<meta property=\"og:image:height\" content=\"900\" \/>\n\t<meta property=\"og:image:type\" content=\"image\/jpeg\" \/>\n<meta name=\"twitter:card\" content=\"summary_large_image\" \/>\n<meta name=\"twitter:label1\" content=\"Gesch\u00e4tzte Lesezeit\" \/>\n\t<meta name=\"twitter:data1\" content=\"2\u00a0Minuten\" \/>\n<!-- \/ Yoast SEO plugin. -->","yoast_head_json":{"title":"Sicherheitsprogramm - Hakkers","description":"Die Entscheidungen, die wir heute treffen, wirken sich auf diese k\u00fcnftigen Generationen und die Umwelt aus. Um Kontinuit\u00e4t zu gew\u00e4hrleisten, wollen wir innovativ sein und uns weiterentwickeln.","robots":{"index":"index","follow":"follow","max-snippet":"max-snippet:-1","max-image-preview":"max-image-preview:large","max-video-preview":"max-video-preview:-1"},"canonical":"https:\/\/hakkers.com\/de\/hakkers\/sicherheit\/sicherheitsprogramm\/","og_locale":"de_DE","og_type":"article","og_title":"Sicherheitsprogramm - Hakkers","og_description":"Die Entscheidungen, die wir heute treffen, wirken sich auf diese k\u00fcnftigen Generationen und die Umwelt aus. Um Kontinuit\u00e4t zu gew\u00e4hrleisten, wollen wir innovativ sein und uns weiterentwickeln.","og_url":"https:\/\/hakkers.com\/de\/hakkers\/sicherheit\/sicherheitsprogramm\/","og_site_name":"Hakkers","article_modified_time":"2023-12-21T12:28:55+00:00","og_image":[{"width":1920,"height":900,"url":"https:\/\/hakkers.com\/wp-content\/uploads\/2022\/11\/Wereld-van-Hakkers.jpg","type":"image\/jpeg"}],"twitter_card":"summary_large_image","twitter_misc":{"Gesch\u00e4tzte Lesezeit":"2\u00a0Minuten"},"schema":{"@context":"https:\/\/schema.org","@graph":[{"@type":"WebPage","@id":"https:\/\/hakkers.com\/de\/hakkers\/sicherheit\/sicherheitsprogramm\/","url":"https:\/\/hakkers.com\/de\/hakkers\/sicherheit\/sicherheitsprogramm\/","name":"Sicherheitsprogramm - Hakkers","isPartOf":{"@id":"https:\/\/hakkers.com\/#website"},"primaryImageOfPage":{"@id":"https:\/\/hakkers.com\/de\/hakkers\/sicherheit\/sicherheitsprogramm\/#primaryimage"},"image":{"@id":"https:\/\/hakkers.com\/de\/hakkers\/sicherheit\/sicherheitsprogramm\/#primaryimage"},"thumbnailUrl":"https:\/\/hakkers.com\/wp-content\/uploads\/2022\/11\/Wereld-van-Hakkers.jpg","datePublished":"2023-01-31T08:03:17+00:00","dateModified":"2023-12-21T12:28:55+00:00","description":"Die Entscheidungen, die wir heute treffen, wirken sich auf diese k\u00fcnftigen Generationen und die Umwelt aus. Um Kontinuit\u00e4t zu gew\u00e4hrleisten, wollen wir innovativ sein und uns weiterentwickeln.","breadcrumb":{"@id":"https:\/\/hakkers.com\/de\/hakkers\/sicherheit\/sicherheitsprogramm\/#breadcrumb"},"inLanguage":"de","potentialAction":[{"@type":"ReadAction","target":["https:\/\/hakkers.com\/de\/hakkers\/sicherheit\/sicherheitsprogramm\/"]}]},{"@type":"ImageObject","inLanguage":"de","@id":"https:\/\/hakkers.com\/de\/hakkers\/sicherheit\/sicherheitsprogramm\/#primaryimage","url":"https:\/\/hakkers.com\/wp-content\/uploads\/2022\/11\/Wereld-van-Hakkers.jpg","contentUrl":"https:\/\/hakkers.com\/wp-content\/uploads\/2022\/11\/Wereld-van-Hakkers.jpg","width":1920,"height":900},{"@type":"BreadcrumbList","@id":"https:\/\/hakkers.com\/de\/hakkers\/sicherheit\/sicherheitsprogramm\/#breadcrumb","itemListElement":[{"@type":"ListItem","position":1,"name":"Home","item":"https:\/\/hakkers.com\/de\/"},{"@type":"ListItem","position":2,"name":"Hakkers","item":"https:\/\/hakkers.com\/de\/hakkers\/"},{"@type":"ListItem","position":3,"name":"Sicherheit","item":"https:\/\/hakkers.com\/de\/hakkers\/sicherheit\/"},{"@type":"ListItem","position":4,"name":"Sicherheitsprogramm"}]},{"@type":"WebSite","@id":"https:\/\/hakkers.com\/#website","url":"https:\/\/hakkers.com\/","name":"Hakkers","description":"Maakt het mogelijk","publisher":{"@id":"https:\/\/hakkers.com\/#organization"},"potentialAction":[{"@type":"SearchAction","target":{"@type":"EntryPoint","urlTemplate":"https:\/\/hakkers.com\/?s={search_term_string}"},"query-input":{"@type":"PropertyValueSpecification","valueRequired":true,"valueName":"search_term_string"}}],"inLanguage":"de"},{"@type":"Organization","@id":"https:\/\/hakkers.com\/#organization","name":"Hakkers","url":"https:\/\/hakkers.com\/","logo":{"@type":"ImageObject","inLanguage":"de","@id":"https:\/\/hakkers.com\/#\/schema\/logo\/image\/","url":"https:\/\/hakkers.com\/wp-content\/uploads\/2025\/09\/Hakkers_Logo150_liggend_CMYK.jpg","contentUrl":"https:\/\/hakkers.com\/wp-content\/uploads\/2025\/09\/Hakkers_Logo150_liggend_CMYK.jpg","width":2343,"height":559,"caption":"Hakkers"},"image":{"@id":"https:\/\/hakkers.com\/#\/schema\/logo\/image\/"}}]}},"_links":{"self":[{"href":"https:\/\/hakkers.com\/de\/wp-json\/wp\/v2\/pages\/3971","targetHints":{"allow":["GET"]}}],"collection":[{"href":"https:\/\/hakkers.com\/de\/wp-json\/wp\/v2\/pages"}],"about":[{"href":"https:\/\/hakkers.com\/de\/wp-json\/wp\/v2\/types\/page"}],"author":[{"embeddable":true,"href":"https:\/\/hakkers.com\/de\/wp-json\/wp\/v2\/users\/21"}],"replies":[{"embeddable":true,"href":"https:\/\/hakkers.com\/de\/wp-json\/wp\/v2\/comments?post=3971"}],"version-history":[{"count":1,"href":"https:\/\/hakkers.com\/de\/wp-json\/wp\/v2\/pages\/3971\/revisions"}],"predecessor-version":[{"id":3974,"href":"https:\/\/hakkers.com\/de\/wp-json\/wp\/v2\/pages\/3971\/revisions\/3974"}],"up":[{"embeddable":true,"href":"https:\/\/hakkers.com\/de\/wp-json\/wp\/v2\/pages\/2928"}],"wp:featuredmedia":[{"embeddable":true,"href":"https:\/\/hakkers.com\/de\/wp-json\/wp\/v2\/media\/2917"}],"wp:attachment":[{"href":"https:\/\/hakkers.com\/de\/wp-json\/wp\/v2\/media?parent=3971"}],"curies":[{"name":"wp","href":"https:\/\/api.w.org\/{rel}","templated":true}]}}