						
						{"id":3922,"date":"2022-07-29T10:07:44","date_gmt":"2022-07-29T08:07:44","guid":{"rendered":"https:\/\/hakkers.com\/hakkers\/ausruestung\/"},"modified":"2023-12-21T13:28:53","modified_gmt":"2023-12-21T12:28:53","slug":"ausruestung","status":"publish","type":"page","link":"https:\/\/hakkers.com\/de\/hakkers\/ausruestung\/","title":{"rendered":"Ausr\u00fcstung"},"content":{"rendered":"<div class=\"wpb-content-wrapper\">[vc_row][vc_column]<div class=\"templatera_shortcode\"><style type=\"text\/css\" data-type=\"vc_shortcodes-custom-css\">.vc_custom_1678184722809{background-image: url(https:\/\/hakkers.com\/wp-content\/uploads\/2022\/07\/texture-triangle-blue.svg?id=476) !important;}<\/style><div class=\"vc_row wpb_row vc_row-fluid blue-triangle-block wpex-relative\"><div class=\"wpb_column vc_column_container vc_col-sm-12\"><div class=\"vc_column-inner\"><div class=\"wpb_wrapper\"><div class=\"vc_row wpb_row vc_inner vc_row-fluid blue-triangle-bkg vc_custom_1678184722809 wpex-relative wpex-vc_row-has-fill wpex-vc-reset-negative-margin\"><div class=\"wpb_column vc_column_container vc_col-sm-12\"><div class=\"vc_column-inner\"><div class=\"wpb_wrapper\"><div class=\"vcex-spacing wpex-w-100 wpex-clear\"><\/div><\/div><\/div><\/div><\/div><\/div><\/div><\/div><\/div><\/div>[\/vc_column][\/vc_row][vc_row el_class=&#8220;txt-blck-2-3&#8243;][vc_column width=&#8220;2\/3&#8243; el_class=&#8220;column1&#8243;][vc_column_text el_class=&#8220;title&#8220;]Ausr\u00fcstung[\/vc_column_text][vc_column_text el_class=&#8220;text&#8220;]Anspruchsvolle Projekte nehmen wir mit Spezialger\u00e4ten in Angriff. Darauf sind wir stolz.[\/vc_column_text]<div class=\"gusta-align-left gusta-inline \"><div id=\"el-95478263662e3df8ce105a\" class=\"ss-element gusta-post-filter inspiratie-filter\" data-post-listing=\"\"><div class=\"gusta-type-dropdown-container\"><button class=\"gusta-type-button\" type=\"button\">Domein<i class=\"fa fa-sort-down\"><\/i><\/button> <ul id=\"filter-portfolio_category\" class=\"gusta-type-dropdown\">\n\t\t\t\t<li class=\"gusta-active\" id=\"portfolio_category-0\"><a>Domein<\/a><\/li><li id=\"portfolio_category-96\"><a>Fundamentbau<\/a><\/li><li id=\"portfolio_category-92\"><a>Wasserbau<\/a><\/li><\/ul><\/div><div class=\"gusta-type-dropdown-container\"><button class=\"gusta-type-button\" type=\"button\">Soort materieel<i class=\"fa fa-sort-down\"><\/i><\/button> <ul id=\"filter-portfolio_tag\" class=\"gusta-type-dropdown\">\n\t\t\t\t<li class=\"gusta-active\" id=\"portfolio_tag-0\"><a>Soort materieel<\/a><\/li><li id=\"portfolio_tag-94\"><a>Krane<\/a><\/li><li id=\"portfolio_tag-93\"><a>Schiffe<\/a><\/li><li id=\"portfolio_tag-95\"><a>Sonstige<\/a><\/li><\/ul><\/div><\/div><\/div>[\/vc_column][vc_column width=&#8220;1\/3&#8243; el_class=&#8220;column2&#8243;][\/vc_column][\/vc_row][vc_row el_class=&#8220;inspiratie-grid-block&#8220;][vc_column]<div id=\"el-5024646462e3d3a1d2fde\" class=\"materieel-overzicht card-2207 ss-element gusta-post-listing\" data-query_vars=\"YSUzQTglM0ElN0JzJTNBMTQlM0ElMjJwb3N0c19wZXJfcGFnZSUyMiUzQnMlM0EyJTNBJTIyMTIlMjIlM0JzJTNBNiUzQSUyMm9mZnNldCUyMiUzQnMlM0EwJTNBJTIyJTIyJTNCcyUzQTclM0ElMjJvcmRlcmJ5JTIyJTNCcyUzQTUlM0ElMjJ0aXRsZSUyMiUzQnMlM0E1JTNBJTIyb3JkZXIlMjIlM0JzJTNBMyUzQSUyMkFTQyUyMiUzQnMlM0ExMSUzQSUyMnBvc3Rfc3RhdHVzJTIyJTNCcyUzQTclM0ElMjJwdWJsaXNoJTIyJTNCcyUzQTE5JTNBJTIyaWdub3JlX3N0aWNreV9wb3N0cyUyMiUzQmIlM0ExJTNCcyUzQTklM0ElMjJwb3N0X3R5cGUlMjIlM0JzJTNBOSUzQSUyMnBvcnRmb2xpbyUyMiUzQnMlM0E1JTNBJTIycGFnZWQlMjIlM0JpJTNBMSUzQiU3RA==\" data-page=\"2\" data-total=\"29\" data-card_design=\"2207\" data-tax=\"0\"><div class=\"gusta-grid\" data-columns><div class=\"post-listing-container\" id=\"gusta-post-3817\" style=\"-webkit-animation-delay: 100ms; animation-delay: 100ms;\"><div class=\"vc_row wpb_row vc_row-fluid materieel-grid wpex-relative\"><div class=\"wpb_column vc_column_container vc_col-sm-12\"><div class=\"vc_column-inner\"><div class=\"wpb_wrapper\"><div class=\"bkgrd-image ss-element gusta-image-as-background show-show background-image ani-fade gusta-cover-column\" style=\"background:url(https:\/\/hakkers.com\/wp-content\/uploads\/2022\/11\/Ankerboormachine-Klemm-KR806.jpg);\"><div class=\"gusta-overlay\"><\/div><\/div><a class=\"gusta-image-as-background\" href=\"https:\/\/hakkers.com\/de\/materieel\/ankerbohrgeraete\/\">&nbsp;<\/a><div class=\"vc_row wpb_row vc_inner vc_row-fluid content wpex-relative\"><div class=\"wpb_column vc_column_container vc_col-sm-12\"><div class=\"vc_column-inner\"><div class=\"wpb_wrapper\"><div class=\"gusta-align-left  \"><div class=\"el-91822246762e3d3f9bf9a9 ss-element gusta-post-title title show-show ani-fade  linked\"><a href=\"https:\/\/hakkers.com\/de\/materieel\/ankerbohrgeraete\/\">Ankerbohrger\u00e4te<\/a><\/div><\/div><div class=\"gusta-clear gusta-mobile-clear\"><\/div><\/div><\/div><\/div><\/div><\/div><\/div><\/div><\/div><\/div><div class=\"post-listing-container\" id=\"gusta-post-3727\" style=\"-webkit-animation-delay: 200ms; animation-delay: 200ms;\"><div class=\"vc_row wpb_row vc_row-fluid materieel-grid wpex-relative\"><div class=\"wpb_column vc_column_container vc_col-sm-12\"><div class=\"vc_column-inner\"><div class=\"wpb_wrapper\"><div class=\"bkgrd-image ss-element gusta-image-as-background show-show background-image ani-fade gusta-cover-column\" style=\"background:url(https:\/\/hakkers.com\/wp-content\/uploads\/2022\/11\/Hitachi-EX-135.jpg);\"><div class=\"gusta-overlay\"><\/div><\/div><a class=\"gusta-image-as-background\" href=\"https:\/\/hakkers.com\/de\/materieel\/hitachi-ex-135\/\">&nbsp;<\/a><div class=\"vc_row wpb_row vc_inner vc_row-fluid content wpex-relative\"><div class=\"wpb_column vc_column_container vc_col-sm-12\"><div class=\"vc_column-inner\"><div class=\"wpb_wrapper\"><div class=\"gusta-align-left  \"><div class=\"el-91822246762e3d3f9bf9a9 ss-element gusta-post-title title show-show ani-fade  linked\"><a href=\"https:\/\/hakkers.com\/de\/materieel\/hitachi-ex-135\/\">Hitachi EX 135<\/a><\/div><\/div><div class=\"gusta-clear gusta-mobile-clear\"><\/div><\/div><\/div><\/div><\/div><\/div><\/div><\/div><\/div><\/div><div class=\"post-listing-container\" id=\"gusta-post-3792\" style=\"-webkit-animation-delay: 300ms; animation-delay: 300ms;\"><div class=\"vc_row wpb_row vc_row-fluid materieel-grid wpex-relative\"><div class=\"wpb_column vc_column_container vc_col-sm-12\"><div class=\"vc_column-inner\"><div class=\"wpb_wrapper\"><div class=\"bkgrd-image ss-element gusta-image-as-background show-show background-image ani-fade gusta-cover-column\" style=\"background:url(https:\/\/hakkers.com\/wp-content\/uploads\/2022\/11\/Hitachi-HX-140B-2.jpg);\"><div class=\"gusta-overlay\"><\/div><\/div><a class=\"gusta-image-as-background\" href=\"https:\/\/hakkers.com\/de\/materieel\/hitachi-hx-140b-2\/\">&nbsp;<\/a><div class=\"vc_row wpb_row vc_inner vc_row-fluid content wpex-relative\"><div class=\"wpb_column vc_column_container vc_col-sm-12\"><div class=\"vc_column-inner\"><div class=\"wpb_wrapper\"><div class=\"gusta-align-left  \"><div class=\"el-91822246762e3d3f9bf9a9 ss-element gusta-post-title title show-show ani-fade  linked\"><a href=\"https:\/\/hakkers.com\/de\/materieel\/hitachi-hx-140b-2\/\">Hitachi HX 140B-2<\/a><\/div><\/div><div class=\"gusta-clear gusta-mobile-clear\"><\/div><\/div><\/div><\/div><\/div><\/div><\/div><\/div><\/div><\/div><div class=\"post-listing-container\" id=\"gusta-post-3732\" style=\"-webkit-animation-delay: 400ms; animation-delay: 400ms;\"><div class=\"vc_row wpb_row vc_row-fluid materieel-grid wpex-relative\"><div class=\"wpb_column vc_column_container vc_col-sm-12\"><div class=\"vc_column-inner\"><div class=\"wpb_wrapper\"><div class=\"bkgrd-image ss-element gusta-image-as-background show-show background-image ani-fade gusta-cover-column\" style=\"background:url(https:\/\/hakkers.com\/wp-content\/uploads\/2022\/11\/Hitachi-KH-150-3.jpg);\"><div class=\"gusta-overlay\"><\/div><\/div><a class=\"gusta-image-as-background\" href=\"https:\/\/hakkers.com\/de\/materieel\/hitachi-kh-150-3\/\">&nbsp;<\/a><div class=\"vc_row wpb_row vc_inner vc_row-fluid content wpex-relative\"><div class=\"wpb_column vc_column_container vc_col-sm-12\"><div class=\"vc_column-inner\"><div class=\"wpb_wrapper\"><div class=\"gusta-align-left  \"><div class=\"el-91822246762e3d3f9bf9a9 ss-element gusta-post-title title show-show ani-fade  linked\"><a href=\"https:\/\/hakkers.com\/de\/materieel\/hitachi-kh-150-3\/\">Hitachi KH 150-3<\/a><\/div><\/div><div class=\"gusta-clear gusta-mobile-clear\"><\/div><\/div><\/div><\/div><\/div><\/div><\/div><\/div><\/div><\/div><div class=\"post-listing-container\" id=\"gusta-post-3737\" style=\"-webkit-animation-delay: 500ms; animation-delay: 500ms;\"><div class=\"vc_row wpb_row vc_row-fluid materieel-grid wpex-relative\"><div class=\"wpb_column vc_column_container vc_col-sm-12\"><div class=\"vc_column-inner\"><div class=\"wpb_wrapper\"><div class=\"bkgrd-image ss-element gusta-image-as-background show-show background-image ani-fade gusta-cover-column\" style=\"background:url(https:\/\/hakkers.com\/wp-content\/uploads\/2022\/11\/Hitachi-EX350-LC.jpg);\"><div class=\"gusta-overlay\"><\/div><\/div><a class=\"gusta-image-as-background\" href=\"https:\/\/hakkers.com\/de\/materieel\/hitachi-zaxis-350lc-3\/\">&nbsp;<\/a><div class=\"vc_row wpb_row vc_inner vc_row-fluid content wpex-relative\"><div class=\"wpb_column vc_column_container vc_col-sm-12\"><div class=\"vc_column-inner\"><div class=\"wpb_wrapper\"><div class=\"gusta-align-left  \"><div class=\"el-91822246762e3d3f9bf9a9 ss-element gusta-post-title title show-show ani-fade  linked\"><a href=\"https:\/\/hakkers.com\/de\/materieel\/hitachi-zaxis-350lc-3\/\">Hitachi Zaxis 350LC-3<\/a><\/div><\/div><div class=\"gusta-clear gusta-mobile-clear\"><\/div><\/div><\/div><\/div><\/div><\/div><\/div><\/div><\/div><\/div><div class=\"post-listing-container\" id=\"gusta-post-3742\" style=\"-webkit-animation-delay: 600ms; animation-delay: 600ms;\"><div class=\"vc_row wpb_row vc_row-fluid materieel-grid wpex-relative\"><div class=\"wpb_column vc_column_container vc_col-sm-12\"><div class=\"vc_column-inner\"><div class=\"wpb_wrapper\"><div class=\"bkgrd-image ss-element gusta-image-as-background show-show background-image ani-fade gusta-cover-column\" style=\"background:url(https:\/\/hakkers.com\/wp-content\/uploads\/2022\/11\/Hitachi-ZX-290-LC-5.jpg);\"><div class=\"gusta-overlay\"><\/div><\/div><a class=\"gusta-image-as-background\" href=\"https:\/\/hakkers.com\/de\/materieel\/hitachi-zx-290-lc-5\/\">&nbsp;<\/a><div class=\"vc_row wpb_row vc_inner vc_row-fluid content wpex-relative\"><div class=\"wpb_column vc_column_container vc_col-sm-12\"><div class=\"vc_column-inner\"><div class=\"wpb_wrapper\"><div class=\"gusta-align-left  \"><div class=\"el-91822246762e3d3f9bf9a9 ss-element gusta-post-title title show-show ani-fade  linked\"><a href=\"https:\/\/hakkers.com\/de\/materieel\/hitachi-zx-290-lc-5\/\">Hitachi ZX 290 LC-5<\/a><\/div><\/div><div class=\"gusta-clear gusta-mobile-clear\"><\/div><\/div><\/div><\/div><\/div><\/div><\/div><\/div><\/div><\/div><div class=\"post-listing-container\" id=\"gusta-post-3802\" style=\"-webkit-animation-delay: 700ms; animation-delay: 700ms;\"><div class=\"vc_row wpb_row vc_row-fluid materieel-grid wpex-relative\"><div class=\"wpb_column vc_column_container vc_col-sm-12\"><div class=\"vc_column-inner\"><div class=\"wpb_wrapper\"><div class=\"bkgrd-image ss-element gusta-image-as-background show-show background-image ani-fade gusta-cover-column\" style=\"background:url(https:\/\/hakkers.com\/wp-content\/uploads\/2022\/11\/Trilblok-PVE.jpg);\"><div class=\"gusta-overlay\"><\/div><\/div><a class=\"gusta-image-as-background\" href=\"https:\/\/hakkers.com\/de\/materieel\/hochkantruettler\/\">&nbsp;<\/a><div class=\"vc_row wpb_row vc_inner vc_row-fluid content wpex-relative\"><div class=\"wpb_column vc_column_container vc_col-sm-12\"><div class=\"vc_column-inner\"><div class=\"wpb_wrapper\"><div class=\"gusta-align-left  \"><div class=\"el-91822246762e3d3f9bf9a9 ss-element gusta-post-title title show-show ani-fade  linked\"><a href=\"https:\/\/hakkers.com\/de\/materieel\/hochkantruettler\/\">Hochkantr\u00fcttler<\/a><\/div><\/div><div class=\"gusta-clear gusta-mobile-clear\"><\/div><\/div><\/div><\/div><\/div><\/div><\/div><\/div><\/div><\/div><div class=\"post-listing-container\" id=\"gusta-post-3797\" style=\"-webkit-animation-delay: 800ms; animation-delay: 800ms;\"><div class=\"vc_row wpb_row vc_row-fluid materieel-grid wpex-relative\"><div class=\"wpb_column vc_column_container vc_col-sm-12\"><div class=\"vc_column-inner\"><div class=\"wpb_wrapper\"><div class=\"bkgrd-image ss-element gusta-image-as-background show-show background-image ani-fade gusta-cover-column\" style=\"background:url(https:\/\/hakkers.com\/wp-content\/uploads\/2022\/11\/Juntann-hamer-scaled.jpg);\"><div class=\"gusta-overlay\"><\/div><\/div><a class=\"gusta-image-as-background\" href=\"https:\/\/hakkers.com\/de\/materieel\/hydraulisches-rammgeraet\/\">&nbsp;<\/a><div class=\"vc_row wpb_row vc_inner vc_row-fluid content wpex-relative\"><div class=\"wpb_column vc_column_container vc_col-sm-12\"><div class=\"vc_column-inner\"><div class=\"wpb_wrapper\"><div class=\"gusta-align-left  \"><div class=\"el-91822246762e3d3f9bf9a9 ss-element gusta-post-title title show-show ani-fade  linked\"><a href=\"https:\/\/hakkers.com\/de\/materieel\/hydraulisches-rammgeraet\/\">Hydraulisches Rammger\u00e4t<\/a><\/div><\/div><div class=\"gusta-clear gusta-mobile-clear\"><\/div><\/div><\/div><\/div><\/div><\/div><\/div><\/div><\/div><\/div><div class=\"post-listing-container\" id=\"gusta-post-3702\" style=\"-webkit-animation-delay: 900ms; animation-delay: 900ms;\"><div class=\"vc_row wpb_row vc_row-fluid materieel-grid wpex-relative\"><div class=\"wpb_column vc_column_container vc_col-sm-12\"><div class=\"vc_column-inner\"><div class=\"wpb_wrapper\"><div class=\"bkgrd-image ss-element gusta-image-as-background show-show background-image ani-fade gusta-cover-column\" style=\"background:url(https:\/\/hakkers.com\/wp-content\/uploads\/2022\/11\/4b2b2fbf-e995-41f3-96b0-5b62010cc946.jpg);\"><div class=\"gusta-overlay\"><\/div><\/div><a class=\"gusta-image-as-background\" href=\"https:\/\/hakkers.com\/de\/materieel\/ks-ibis\/\">&nbsp;<\/a><div class=\"vc_row wpb_row vc_inner vc_row-fluid content wpex-relative\"><div class=\"wpb_column vc_column_container vc_col-sm-12\"><div class=\"vc_column-inner\"><div class=\"wpb_wrapper\"><div class=\"gusta-align-left  \"><div class=\"el-91822246762e3d3f9bf9a9 ss-element gusta-post-title title show-show ani-fade  linked\"><a href=\"https:\/\/hakkers.com\/de\/materieel\/ks-ibis\/\">KS IBIS<\/a><\/div><\/div><div class=\"gusta-clear gusta-mobile-clear\"><\/div><\/div><\/div><\/div><\/div><\/div><\/div><\/div><\/div><\/div><div class=\"post-listing-container\" id=\"gusta-post-3678\" style=\"-webkit-animation-delay: 1000ms; animation-delay: 1000ms;\"><div class=\"vc_row wpb_row vc_row-fluid materieel-grid wpex-relative\"><div class=\"wpb_column vc_column_container vc_col-sm-12\"><div class=\"vc_column-inner\"><div class=\"wpb_wrapper\"><div class=\"bkgrd-image ss-element gusta-image-as-background show-show background-image ani-fade gusta-cover-column\" style=\"background:url(https:\/\/hakkers.com\/wp-content\/uploads\/2022\/11\/Braakman.jpg);\"><div class=\"gusta-overlay\"><\/div><\/div><a class=\"gusta-image-as-background\" href=\"https:\/\/hakkers.com\/de\/materieel\/ms-braakman\/\">&nbsp;<\/a><div class=\"vc_row wpb_row vc_inner vc_row-fluid content wpex-relative\"><div class=\"wpb_column vc_column_container vc_col-sm-12\"><div class=\"vc_column-inner\"><div class=\"wpb_wrapper\"><div class=\"gusta-align-left  \"><div class=\"el-91822246762e3d3f9bf9a9 ss-element gusta-post-title title show-show ani-fade  linked\"><a href=\"https:\/\/hakkers.com\/de\/materieel\/ms-braakman\/\">MS BRAAKMAN<\/a><\/div><\/div><div class=\"gusta-clear gusta-mobile-clear\"><\/div><\/div><\/div><\/div><\/div><\/div><\/div><\/div><\/div><\/div><div class=\"post-listing-container\" id=\"gusta-post-3682\" style=\"-webkit-animation-delay: 1100ms; animation-delay: 1100ms;\"><div class=\"vc_row wpb_row vc_row-fluid materieel-grid wpex-relative\"><div class=\"wpb_column vc_column_container vc_col-sm-12\"><div class=\"vc_column-inner\"><div class=\"wpb_wrapper\"><div class=\"bkgrd-image ss-element gusta-image-as-background show-show background-image ani-fade gusta-cover-column\" style=\"background:url(https:\/\/hakkers.com\/wp-content\/uploads\/2022\/11\/Cornelis.jpg);\"><div class=\"gusta-overlay\"><\/div><\/div><a class=\"gusta-image-as-background\" href=\"https:\/\/hakkers.com\/de\/materieel\/ms-cornelis\/\">&nbsp;<\/a><div class=\"vc_row wpb_row vc_inner vc_row-fluid content wpex-relative\"><div class=\"wpb_column vc_column_container vc_col-sm-12\"><div class=\"vc_column-inner\"><div class=\"wpb_wrapper\"><div class=\"gusta-align-left  \"><div class=\"el-91822246762e3d3f9bf9a9 ss-element gusta-post-title title show-show ani-fade  linked\"><a href=\"https:\/\/hakkers.com\/de\/materieel\/ms-cornelis\/\">MS CORNELIS<\/a><\/div><\/div><div class=\"gusta-clear gusta-mobile-clear\"><\/div><\/div><\/div><\/div><\/div><\/div><\/div><\/div><\/div><\/div><div class=\"post-listing-container\" id=\"gusta-post-3687\" style=\"-webkit-animation-delay: 1200ms; animation-delay: 1200ms;\"><div class=\"vc_row wpb_row vc_row-fluid materieel-grid wpex-relative\"><div class=\"wpb_column vc_column_container vc_col-sm-12\"><div class=\"vc_column-inner\"><div class=\"wpb_wrapper\"><div class=\"bkgrd-image ss-element gusta-image-as-background show-show background-image ani-fade gusta-cover-column\" style=\"background:url(https:\/\/hakkers.com\/wp-content\/uploads\/2022\/11\/MS-Dielis.jpg);\"><div class=\"gusta-overlay\"><\/div><\/div><a class=\"gusta-image-as-background\" href=\"https:\/\/hakkers.com\/de\/materieel\/ms-dielis\/\">&nbsp;<\/a><div class=\"vc_row wpb_row vc_inner vc_row-fluid content wpex-relative\"><div class=\"wpb_column vc_column_container vc_col-sm-12\"><div class=\"vc_column-inner\"><div class=\"wpb_wrapper\"><div class=\"gusta-align-left  \"><div class=\"el-91822246762e3d3f9bf9a9 ss-element gusta-post-title title show-show ani-fade  linked\"><a href=\"https:\/\/hakkers.com\/de\/materieel\/ms-dielis\/\">MS DIELIS<\/a><\/div><\/div><div class=\"gusta-clear gusta-mobile-clear\"><\/div><\/div><\/div><\/div><\/div><\/div><\/div><\/div><\/div><\/div><\/div><div class=\"clear\"><\/div><div class=\"gusta-load-more gusta-align-center\"><button id=\"gusta-load-more-el-5024646462e3d3a1d2fde\" class=\"load-more-button btn\">LAAD MEER<\/button><\/div><\/div>[\/vc_column][\/vc_row][vc_row el_id=&#8220;Contact blok&#8220;][vc_column][vc_raw_html]W3RlbXBsYXRlcmEgaWQ9IjQ5Il0=[\/vc_raw_html][\/vc_column][\/vc_row]\n<\/div>","protected":false},"excerpt":{"rendered":"MS DIELIS Baggerschiff mit Hydraulikbagger Hitachi 650 an Bord. Vollst\u00e4ndig ausgestattet f\u00fcr Sanierungsbaggerarbeiten, OCE-zertifizierte Baggerarbeiten. Auch f\u00fcr den Umschlag und das Aufsch\u00fctten von Uferb\u00f6schungen oder B\u00f6den geeignet. Daten \u2022 43,06 Meter L\u00e4nge \u2022 9,05 Meter Breite \u2022 1,20 Meter Tiefgang NIKS IS MOOIER DAN EEN UITDAGING AANGAAN Wil je samen met Hakkers de uitdaging aangaan&hellip;","protected":false},"author":21,"featured_media":0,"parent":3097,"menu_order":0,"comment_status":"closed","ping_status":"closed","template":"","meta":{"footnotes":""},"class_list":["post-3922","page","type-page","status-publish","hentry","entry","has-media"],"yoast_head":"<!-- This site is optimized with the Yoast SEO plugin v27.4 - https:\/\/yoast.com\/product\/yoast-seo-wordpress\/ -->\n<title>Ausr\u00fcstung - Hakkers<\/title>\n<meta name=\"description\" content=\"Hakkers verf\u00fcgt \u00fcber eine vielf\u00e4ltige, bew\u00e4hrte und moderne Ausr\u00fcstung, mit der wir keine Herausforderung scheuen. Darauf sind wir stolz.\" \/>\n<meta name=\"robots\" content=\"index, follow, max-snippet:-1, max-image-preview:large, max-video-preview:-1\" \/>\n<link rel=\"canonical\" href=\"https:\/\/hakkers.com\/de\/hakkers\/ausruestung\/\" \/>\n<meta property=\"og:locale\" content=\"de_DE\" \/>\n<meta property=\"og:type\" content=\"article\" \/>\n<meta property=\"og:title\" content=\"Ausr\u00fcstung - Hakkers\" \/>\n<meta property=\"og:description\" content=\"Hakkers verf\u00fcgt \u00fcber eine vielf\u00e4ltige, bew\u00e4hrte und moderne Ausr\u00fcstung, mit der wir keine Herausforderung scheuen. Darauf sind wir stolz.\" \/>\n<meta property=\"og:url\" content=\"https:\/\/hakkers.com\/de\/hakkers\/ausruestung\/\" \/>\n<meta property=\"og:site_name\" content=\"Hakkers\" \/>\n<meta property=\"article:modified_time\" content=\"2023-12-21T12:28:53+00:00\" \/>\n<meta name=\"twitter:card\" content=\"summary_large_image\" \/>\n<meta name=\"twitter:label1\" content=\"Gesch\u00e4tzte Lesezeit\" \/>\n\t<meta name=\"twitter:data1\" content=\"1\u00a0Minute\" \/>\n<!-- \/ Yoast SEO plugin. -->","yoast_head_json":{"title":"Ausr\u00fcstung - Hakkers","description":"Hakkers verf\u00fcgt \u00fcber eine vielf\u00e4ltige, bew\u00e4hrte und moderne Ausr\u00fcstung, mit der wir keine Herausforderung scheuen. Darauf sind wir stolz.","robots":{"index":"index","follow":"follow","max-snippet":"max-snippet:-1","max-image-preview":"max-image-preview:large","max-video-preview":"max-video-preview:-1"},"canonical":"https:\/\/hakkers.com\/de\/hakkers\/ausruestung\/","og_locale":"de_DE","og_type":"article","og_title":"Ausr\u00fcstung - Hakkers","og_description":"Hakkers verf\u00fcgt \u00fcber eine vielf\u00e4ltige, bew\u00e4hrte und moderne Ausr\u00fcstung, mit der wir keine Herausforderung scheuen. Darauf sind wir stolz.","og_url":"https:\/\/hakkers.com\/de\/hakkers\/ausruestung\/","og_site_name":"Hakkers","article_modified_time":"2023-12-21T12:28:53+00:00","twitter_card":"summary_large_image","twitter_misc":{"Gesch\u00e4tzte Lesezeit":"1\u00a0Minute"},"schema":{"@context":"https:\/\/schema.org","@graph":[{"@type":"WebPage","@id":"https:\/\/hakkers.com\/de\/hakkers\/ausruestung\/","url":"https:\/\/hakkers.com\/de\/hakkers\/ausruestung\/","name":"Ausr\u00fcstung - Hakkers","isPartOf":{"@id":"https:\/\/hakkers.com\/#website"},"datePublished":"2022-07-29T08:07:44+00:00","dateModified":"2023-12-21T12:28:53+00:00","description":"Hakkers verf\u00fcgt \u00fcber eine vielf\u00e4ltige, bew\u00e4hrte und moderne Ausr\u00fcstung, mit der wir keine Herausforderung scheuen. Darauf sind wir stolz.","breadcrumb":{"@id":"https:\/\/hakkers.com\/de\/hakkers\/ausruestung\/#breadcrumb"},"inLanguage":"de","potentialAction":[{"@type":"ReadAction","target":["https:\/\/hakkers.com\/de\/hakkers\/ausruestung\/"]}]},{"@type":"BreadcrumbList","@id":"https:\/\/hakkers.com\/de\/hakkers\/ausruestung\/#breadcrumb","itemListElement":[{"@type":"ListItem","position":1,"name":"Home","item":"https:\/\/hakkers.com\/de\/"},{"@type":"ListItem","position":2,"name":"Hakkers","item":"https:\/\/hakkers.com\/de\/hakkers\/"},{"@type":"ListItem","position":3,"name":"Ausr\u00fcstung"}]},{"@type":"WebSite","@id":"https:\/\/hakkers.com\/#website","url":"https:\/\/hakkers.com\/","name":"Hakkers","description":"Maakt het mogelijk","publisher":{"@id":"https:\/\/hakkers.com\/#organization"},"potentialAction":[{"@type":"SearchAction","target":{"@type":"EntryPoint","urlTemplate":"https:\/\/hakkers.com\/?s={search_term_string}"},"query-input":{"@type":"PropertyValueSpecification","valueRequired":true,"valueName":"search_term_string"}}],"inLanguage":"de"},{"@type":"Organization","@id":"https:\/\/hakkers.com\/#organization","name":"Hakkers","url":"https:\/\/hakkers.com\/","logo":{"@type":"ImageObject","inLanguage":"de","@id":"https:\/\/hakkers.com\/#\/schema\/logo\/image\/","url":"https:\/\/hakkers.com\/wp-content\/uploads\/2025\/09\/Hakkers_Logo150_liggend_CMYK.jpg","contentUrl":"https:\/\/hakkers.com\/wp-content\/uploads\/2025\/09\/Hakkers_Logo150_liggend_CMYK.jpg","width":2343,"height":559,"caption":"Hakkers"},"image":{"@id":"https:\/\/hakkers.com\/#\/schema\/logo\/image\/"}}]}},"_links":{"self":[{"href":"https:\/\/hakkers.com\/de\/wp-json\/wp\/v2\/pages\/3922","targetHints":{"allow":["GET"]}}],"collection":[{"href":"https:\/\/hakkers.com\/de\/wp-json\/wp\/v2\/pages"}],"about":[{"href":"https:\/\/hakkers.com\/de\/wp-json\/wp\/v2\/types\/page"}],"author":[{"embeddable":true,"href":"https:\/\/hakkers.com\/de\/wp-json\/wp\/v2\/users\/21"}],"replies":[{"embeddable":true,"href":"https:\/\/hakkers.com\/de\/wp-json\/wp\/v2\/comments?post=3922"}],"version-history":[{"count":1,"href":"https:\/\/hakkers.com\/de\/wp-json\/wp\/v2\/pages\/3922\/revisions"}],"predecessor-version":[{"id":3925,"href":"https:\/\/hakkers.com\/de\/wp-json\/wp\/v2\/pages\/3922\/revisions\/3925"}],"up":[{"embeddable":true,"href":"https:\/\/hakkers.com\/de\/wp-json\/wp\/v2\/pages\/3097"}],"wp:attachment":[{"href":"https:\/\/hakkers.com\/de\/wp-json\/wp\/v2\/media?parent=3922"}],"curies":[{"name":"wp","href":"https:\/\/api.w.org\/{rel}","templated":true}]}}