{"id":3075,"date":"2022-07-26T12:15:15","date_gmt":"2022-07-26T10:15:15","guid":{"rendered":"https:\/\/hakkers.com\/contact\/"},"modified":"2023-12-21T13:28:52","modified_gmt":"2023-12-21T12:28:52","slug":"contact","status":"publish","type":"page","link":"https:\/\/hakkers.com\/de\/contact\/","title":{"rendered":"Kontakt"},"content":{"rendered":"<div class=\"wpb-content-wrapper\">[vc_row full_width=&#8220;stretch_row_content_no_spaces&#8220; wpex_bg_overlay=&#8220;custom&#8220; wpex_post_thumbnail_bg=&#8220;true&#8220; el_class=&#8220;contact-hero&#8220; wpex_bg_overlay_color=&#8220;palette-7&#8243; wpex_bg_overlay_opacity=&#8220;0.25&#8243;][vc_column][vc_row_inner disable_element=&#8220;yes&#8220;][vc_column_inner][vc_column_text]Hoofdafbeelding[\/vc_column_text][\/vc_column_inner][\/vc_row_inner][\/vc_column][\/vc_row][vc_row][vc_column]<div class=\"templatera_shortcode\"><style type=\"text\/css\" data-type=\"vc_shortcodes-custom-css\">.vc_custom_1678184025824{background-image: url(https:\/\/hakkers.com\/wp-content\/uploads\/2022\/07\/texture_triangle_steel.svg?id=192) !important;}<\/style><div class=\"vc_row wpb_row vc_row-fluid blue-triangle-block wpex-relative\"><div class=\"wpb_column vc_column_container vc_col-sm-12\"><div class=\"vc_column-inner\"><div class=\"wpb_wrapper\"><div class=\"vc_row wpb_row vc_inner vc_row-fluid blue-triangle-bkg vc_custom_1678184025824 wpex-relative wpex-vc_row-has-fill wpex-vc-reset-negative-margin\"><div class=\"wpb_column vc_column_container vc_col-sm-12\"><div class=\"vc_column-inner\"><div class=\"wpb_wrapper\"><div class=\"vcex-spacing wpex-w-100 wpex-clear\"><\/div><\/div><\/div><\/div><\/div><\/div><\/div><\/div><\/div><\/div>[\/vc_column][\/vc_row][vc_row full_width=&#8220;stretch_row&#8220; content_placement=&#8220;middle&#8220; el_class=&#8220;contact-block&#8220;][vc_column width=&#8220;1\/2&#8243; el_class=&#8220;column1&#8243;][vc_column_text]\n<h1>B\u00dcRO <strong>HAKKERS BV<\/strong><\/h1>\n[\/vc_column_text][vc_row_inner el_class=&#8220;content&#8220;][vc_column_inner el_class=&#8220;column1&#8243; width=&#8220;1\/2&#8243;][vc_column_text]<strong>Postanschrift Hakkers bv<\/strong> Postbus 11 4250 DA Werkendam, Niederlande T: <a href=\"tel:0183501122\">+31(0)183 &#8211; 50 11 22<\/a> E: <a href=\"mailto:info@hakkers.com\">info@hakkers.com<\/a>[\/vc_column_text]<div class=\"vcex-spacing wpex-w-100 wpex-clear hidden-desktop\" style=\"height:20px;\"><\/div>[\/vc_column_inner][vc_column_inner el_class=&#8220;column2&#8243; width=&#8220;1\/2&#8243;][vc_column_text]<strong>Wasserbau<\/strong> Oudsas 11 4251 AW Werkendam, Niederlande <strong>Fundamentbau<\/strong> Leeghwaterstraat 3 4251 LM Werkendam, Niederlande E-Mail: <a href=\"mailto:funderingstechniek@hakkers.com\">funderingstechniek@hakkers.com<\/a> <strong>Stahlbau<\/strong> Bruningsstraat 24 4251 LA Werkendam, Niederlande[\/vc_column_text][\/vc_column_inner][\/vc_row_inner][vc_column_text el_class=&#8220;title&#8220;]<strong>ACHTUNG!<\/strong> Aufgrund der vor\u00fcbergehenden Schlie\u00dfung des Bandijk vom 11. September 2023 bis Ende November 2023 ist unser B\u00fcro an der Oudsas \u00fcber die Havenstraat zu erreichen. <img loading=\"lazy\" decoding=\"async\" class=\"alignnone size-medium wp-image-2876\" src=\"https:\/\/hakkers.com\/wp-content\/uploads\/2023\/09\/weg-300x262.png\" alt=\"\" width=\"300\" height=\"262\" srcset=\"https:\/\/hakkers.com\/wp-content\/uploads\/2023\/09\/weg-300x262.png 300w, https:\/\/hakkers.com\/wp-content\/uploads\/2023\/09\/weg.png 575w\" sizes=\"auto, (max-width: 300px) 100vw, 300px\" \/>[\/vc_column_text][\/vc_column][vc_column width=&#8220;1\/2&#8243; el_class=&#8220;column2&#8243;]<div class=\"vcex-spacing wpex-w-100 wpex-clear hidden-desktop\" style=\"height:30px;\"><\/div>[vc_raw_html]PGlmcmFtZSBzcmM9Imh0dHBzOi8vd3d3Lmdvb2dsZS5jb20vbWFwcy9lbWJlZD9wYj0hMW0xOCExbTEyITFtMyExZDI0NjYuNjUwMDU1MzQzMzQzNCEyZDQuODg0NjMzOTE1NzgxMjQxITNkNTEuODEyNTU0NTc5Njg2NDUhMm0zITFmMCEyZjAhM2YwITNtMiExaTEwMjQhMmk3NjghNGYxMy4xITNtMyExbTIhMXMweDQ3YzY4NDcyZWMyYmFhMzElM0EweDg3MGZjOWI4NzExOGQwOWIhMnNPdWRzYXMlMjAxMSUyQyUyMDQyNTElMjBBVyUyMFdlcmtlbmRhbSE1ZTAhM20yITFzbmwhMnNubCE0djE2NTkwMDAxMzE5NDkhNW0yITFzbmwhMnNubCIgd2lkdGg9IjgwMCIgaGVpZ2h0PSI0NTAiIHN0eWxlPSJib3JkZXI6MDsiIGFsbG93ZnVsbHNjcmVlbj0iIiBsb2FkaW5nPSJsYXp5IiByZWZlcnJlcnBvbGljeT0ibm8tcmVmZXJyZXItd2hlbi1kb3duZ3JhZGUiPjwvaWZyYW1lPg==[\/vc_raw_html][\/vc_column][\/vc_row][vc_section full_width=&#8220;stretch_row&#8220; el_class=&#8220;contactpage-blok&#8220;][vc_row content_placement=&#8220;middle&#8220;][vc_column width=&#8220;1\/2&#8243; el_class=&#8220;column1&#8243;][vc_raw_html]PGRpdiBjbGFzcz0iZGFyZS1zbGFudCI+PC9kaXY+[\/vc_raw_html][vc_row_inner el_class=&#8220;daaguit&#8220;][vc_column_inner][vc_column_text el_class=&#8220;title&#8220;]Fragen oder Kommentare?[\/vc_column_text][vc_column_text color=&#8220;palette-58&#8243; el_class=&#8220;text&#8220;]Wir werden so bald wie m\u00f6glich Kontakt mit Ihnen aufnehmen.[\/vc_column_text]<noscript class=\"ninja-forms-noscript-message\">\n\tHinweis: F\u00fcr diesen Inhalt ist JavaScript erforderlich.<\/noscript>\n<div id=\"nf-form-3-cont\" class=\"nf-form-cont\" aria-live=\"polite\" aria-labelledby=\"nf-form-title-3\" aria-describedby=\"nf-form-errors-3\" role=\"form\">\n\n    <div class=\"nf-loading-spinner\"><\/div>\n\n<\/div>\n        <!-- That data is being printed as a workaround to page builders reordering the order of the scripts loaded-->\n        <script>var formDisplay=1;var nfForms=nfForms||[];var form=[];form.id='3';form.settings={\"objectType\":\"Form Setting\",\"editActive\":true,\"title\":\"Contactformulier\",\"created_at\":\"2022-07-28 11:48:38\",\"default_label_pos\":\"hidden\",\"show_title\":\"0\",\"clear_complete\":\"1\",\"hide_complete\":0,\"logged_in\":\"\",\"wrapper_class\":\"\",\"element_class\":\"\",\"key\":\"\",\"add_submit\":\"1\",\"changeEmailErrorMsg\":\"Bitte gib eine g\\u00fcltige E-Mail-Adresse ein.\",\"changeDateErrorMsg\":\"Bitte gib ein g\\u00fcltiges Datum ein!\",\"confirmFieldErrorMsg\":\"Diese Felder m\\u00fcssen \\u00fcbereinstimmen!\",\"fieldNumberNumMinError\":\"Die eingegebene Zahl ist zu klein.\",\"fieldNumberNumMaxError\":\"Die eingegebene Zahl ist zu gross.\",\"fieldNumberIncrementBy\":\"Bitte erh\\u00f6hen in Schritten von\",\"formErrorsCorrectErrors\":\"Bitte korrigiere die Fehler, bevor du das Formular sendest.\",\"validateRequiredField\":\"Dies ist ein Pflichtfeld.\",\"honeypotHoneypotError\":\"Honeypot-Fehler\",\"fieldsMarkedRequired\":\"Felder mit einem <span class=\\\"ninja-forms-req-symbol\\\">*<\\\/span> sind Pflichtfelder\",\"currency\":\"\",\"unique_field_error\":\"Een formulier met deze waarde bestaat al.\",\"not_logged_in_msg\":\"\",\"sub_limit_msg\":\"Het formulier heeft zijn inzendingen-limiet bereikt.\",\"calculations\":[],\"formContentData\":[\"naam_1658746791418\",\"bedrijfsnaam_1659001770733\",\"email_1658746819835\",\"onderwerp_1659001824125\",\"bericht_1659001856564\",\"submit_1658746648292\"],\"drawerDisabled\":false,\"allow_public_link\":0,\"embed_form\":\"\",\"form_title_heading_level\":\"3\",\"ninjaForms\":\"Ninja Forms\",\"fieldTextareaRTEInsertLink\":\"Link einf\\u00fcgen\",\"fieldTextareaRTEInsertMedia\":\"Medien einf\\u00fcgen\",\"fieldTextareaRTESelectAFile\":\"Eine Datei ausw\\u00e4hlen\",\"formHoneypot\":\"Falls du ein Mensch bist und dieses Feld siehst, dann lasse es bitte leer.\",\"fileUploadOldCodeFileUploadInProgress\":\"Datei-Upload l\\u00e4uft.\",\"fileUploadOldCodeFileUpload\":\"DATEI-UPLOAD\",\"currencySymbol\":\"&#36;\",\"thousands_sep\":\".\",\"decimal_point\":\",\",\"siteLocale\":\"de_DE\",\"dateFormat\":\"m\\\/d\\\/Y\",\"startOfWeek\":\"1\",\"of\":\"von\",\"previousMonth\":\"Vorheriger Monat\",\"nextMonth\":\"N\\u00e4chster Monat\",\"months\":[\"Januar\",\"Februar\",\"M\\u00e4rz\",\"April\",\"Mai\",\"Juni\",\"Juli\",\"August\",\"September\",\"Oktober\",\"November\",\"Dezember\"],\"monthsShort\":[\"Jan.\",\"Feb.\",\"M\\u00e4rz\",\"Apr.\",\"Mai\",\"Juni\",\"Juli\",\"Aug\",\"Sep.\",\"Okt.\",\"Nov.\",\"Dez.\"],\"weekdays\":[\"Sonntag\",\"Montag\",\"Dienstag\",\"Mittwoch\",\"Donnerstag\",\"Freitag\",\"Samstag\"],\"weekdaysShort\":[\"So.\",\"Mo.\",\"Di.\",\"Mi.\",\"Do.\",\"Fr.\",\"Sa.\"],\"weekdaysMin\":[\"So.\",\"Mo.\",\"Di.\",\"Mi.\",\"Do.\",\"Fr.\",\"Sa.\"],\"recaptchaConsentMissing\":\"reCaptcha validation couldn&#039;t load.\",\"recaptchaMissingCookie\":\"reCaptcha v3 validation couldn&#039;t load the cookie needed to submit the form.\",\"recaptchaConsentEvent\":\"Accept reCaptcha cookies before sending the form.\",\"currency_symbol\":\"\",\"beforeForm\":\"\",\"beforeFields\":\"\",\"afterFields\":\"\",\"afterForm\":\"\"};form.fields=[{\"objectType\":\"Field\",\"objectDomain\":\"fields\",\"editActive\":false,\"order\":1,\"idAttribute\":\"id\",\"label\":\"Naam\",\"type\":\"firstname\",\"key\":\"naam_1658746791418\",\"label_pos\":\"hidden\",\"required\":1,\"default\":\"\",\"placeholder\":\"Naam\",\"container_class\":\"one-half first\",\"element_class\":\"\",\"admin_label\":\"\",\"help_text\":\"\",\"custom_name_attribute\":\"fname\",\"personally_identifiable\":1,\"value\":\"\",\"drawerDisabled\":false,\"field_label\":\"Naam\",\"field_key\":\"naam_1658746791418\",\"id\":11,\"beforeField\":\"\",\"afterField\":\"\",\"parentType\":\"firstname\",\"element_templates\":[\"firstname\",\"input\"],\"old_classname\":\"\",\"wrap_template\":\"wrap\"},{\"objectType\":\"Field\",\"objectDomain\":\"fields\",\"editActive\":false,\"order\":2,\"idAttribute\":\"id\",\"label\":\"Bedrijfsnaam\",\"type\":\"firstname\",\"key\":\"bedrijfsnaam_1659001770733\",\"label_pos\":\"hidden\",\"required\":1,\"default\":\"\",\"placeholder\":\"Bedrijfsnaam\",\"container_class\":\"one-half last\",\"element_class\":\"\",\"admin_label\":\"\",\"help_text\":\"\",\"custom_name_attribute\":\"fname\",\"personally_identifiable\":1,\"value\":\"\",\"drawerDisabled\":false,\"field_label\":\"Naam\",\"field_key\":\"naam_1658746791418\",\"id\":14,\"beforeField\":\"\",\"afterField\":\"\",\"parentType\":\"firstname\",\"element_templates\":[\"firstname\",\"input\"],\"old_classname\":\"\",\"wrap_template\":\"wrap\"},{\"objectType\":\"Field\",\"objectDomain\":\"fields\",\"editActive\":false,\"order\":3,\"idAttribute\":\"id\",\"label\":\"E-mail\",\"type\":\"email\",\"key\":\"email_1658746819835\",\"label_pos\":\"hidden\",\"required\":1,\"default\":\"\",\"placeholder\":\"E-mail\",\"container_class\":\"one-half first\",\"element_class\":\"\",\"admin_label\":\"\",\"help_text\":\"\",\"custom_name_attribute\":\"email\",\"personally_identifiable\":1,\"value\":\"\",\"drawerDisabled\":false,\"field_label\":\"E-mail\",\"field_key\":\"email_1658746819835\",\"id\":12,\"beforeField\":\"\",\"afterField\":\"\",\"parentType\":\"email\",\"element_templates\":[\"email\",\"input\"],\"old_classname\":\"\",\"wrap_template\":\"wrap\"},{\"objectType\":\"Field\",\"objectDomain\":\"fields\",\"editActive\":false,\"order\":4,\"idAttribute\":\"id\",\"label\":\"Onderwerp\",\"type\":\"textbox\",\"key\":\"onderwerp_1659001824125\",\"label_pos\":\"hidden\",\"required\":1,\"default\":\"\",\"placeholder\":\"Onderwerp\",\"container_class\":\"one-half last\",\"element_class\":\"\",\"input_limit\":\"\",\"input_limit_type\":\"characters\",\"input_limit_msg\":\"Teken(s) resterend\",\"manual_key\":\"\",\"admin_label\":\"\",\"help_text\":\"\",\"mask\":\"\",\"custom_mask\":\"\",\"custom_name_attribute\":\"\",\"personally_identifiable\":\"\",\"value\":\"\",\"drawerDisabled\":false,\"field_label\":\"Uitdaging\",\"field_key\":\"uitdaging_1658747016631\",\"id\":13,\"beforeField\":\"\",\"afterField\":\"\",\"parentType\":\"textbox\",\"element_templates\":[\"textbox\",\"input\"],\"old_classname\":\"\",\"wrap_template\":\"wrap\"},{\"objectType\":\"Field\",\"objectDomain\":\"fields\",\"editActive\":false,\"order\":5,\"idAttribute\":\"id\",\"label\":\"Bericht\",\"type\":\"textarea\",\"key\":\"bericht_1659001856564\",\"label_pos\":\"hidden\",\"required\":1,\"default\":\"\",\"placeholder\":\"Bericht\",\"container_class\":\"\",\"element_class\":\"\",\"input_limit\":\"\",\"input_limit_type\":\"characters\",\"input_limit_msg\":\"Teken(s) resterend\",\"manual_key\":false,\"admin_label\":\"\",\"help_text\":\"\",\"textarea_rte\":\"\",\"disable_rte_mobile\":\"\",\"textarea_media\":\"\",\"value\":\"\",\"drawerDisabled\":false,\"id\":15,\"beforeField\":\"\",\"afterField\":\"\",\"parentType\":\"textarea\",\"element_templates\":[\"textarea\",\"input\"],\"old_classname\":\"\",\"wrap_template\":\"wrap\"},{\"objectType\":\"Field\",\"objectDomain\":\"fields\",\"editActive\":false,\"order\":6,\"idAttribute\":\"id\",\"type\":\"submit\",\"label\":\"\",\"processing_label\":\"\",\"container_class\":\"\",\"element_class\":\"send-arrow\",\"key\":\"submit_1658746648292\",\"drawerDisabled\":false,\"field_label\":\"\",\"field_key\":\"submit_1658746648292\",\"id\":10,\"beforeField\":\"\",\"afterField\":\"\",\"value\":\"\",\"label_pos\":\"hidden\",\"parentType\":\"textbox\",\"element_templates\":[\"submit\",\"button\",\"input\"],\"old_classname\":\"\",\"wrap_template\":\"wrap-no-label\"},{\"objectType\":\"Field\",\"objectDomain\":\"fields\",\"editActive\":false,\"order\":\"7.0\",\"type\":\"recaptcha_v3\",\"label\":\"Hidden\",\"key\":\"recaptcha_v3\",\"default\":\"\",\"admin_label\":\"\",\"drawerDisabled\":false,\"id\":\"88846\",\"beforeField\":\"\",\"afterField\":\"\",\"value\":\"\",\"label_pos\":\"above\",\"parentType\":\"hidden\",\"element_templates\":[\"recaptcha-v3\",\"hidden\",\"input\"],\"old_classname\":\"\",\"wrap_template\":\"wrap-no-label\",\"site_key\":\"6Lcn_icjAAAAABmb-6BrE-n1g8iI6Aui4RgAk_ST\"}];nfForms.push(form);<\/script>\n        [\/vc_column_inner][\/vc_row_inner][\/vc_column][vc_column width=&#8220;1\/2&#8243; el_class=&#8220;column2&#8243;][vc_column_text el_class=&#8220;title&#8220;]\n<h3>NICHTS IST BESSER ALS EINE <strong>HERAUSFORDERUNG<\/strong><\/h3>\n[\/vc_column_text][vc_column_text color=&#8220;palette-58&#8243; el_class=&#8220;text&#8220;]M\u00f6chten Sie sich gemeinsam mit Hakkers der Herausforderung stellen, Ihr Projekt zum Erfolg zu f\u00fchren? Wir liefern mit Kreativit\u00e4t ein langfristiges Ergebnis.[\/vc_column_text][\/vc_column][\/vc_row][vc_row full_width=&#8220;stretch_row_content&#8220;][vc_column][vc_raw_html]PGRpdiBjbGFzcz0iY29udGFjdC1zbGFudCI+PC9kaXY+[\/vc_raw_html][\/vc_column][\/vc_row][\/vc_section]\n<\/div>","protected":false},"excerpt":{"rendered":"B\u00dcRO HAKKERS BV Postanschrift Hakkers bv Postbus 11 4250 DA Werkendam, Niederlande T: +31(0)183 - 50 11 22 E: info@hakkers.com Wasserbau Oudsas 11 4251 AW Werkendam, Niederlande Fundamentbau Leeghwaterstraat 3 4251 LM Werkendam, Niederlande E-Mail: funderingstechniek@hakkers.com Stahlbau Bruningsstraat 24 4251 LA Werkendam, Niederlande ACHTUNG! Aufgrund der vor\u00fcbergehenden Schlie\u00dfung des Bandijk vom 11. September 2023 bis&hellip;","protected":false},"author":21,"featured_media":4327,"parent":0,"menu_order":0,"comment_status":"closed","ping_status":"closed","template":"","meta":{"footnotes":""},"class_list":["post-3075","page","type-page","status-publish","has-post-thumbnail","hentry","entry","has-media"],"yoast_head":"<!-- This site is optimized with the Yoast SEO plugin v27.4 - https:\/\/yoast.com\/product\/yoast-seo-wordpress\/ -->\n<title>Kontakt - Hakkers<\/title>\n<meta name=\"description\" content=\"M\u00f6chten Sie sich gemeinsam mit Hakkers der Herausforderung stellen, Ihr Projekt zum Erfolg zu f\u00fchren? Kontaktieren Sie uns.\" \/>\n<meta name=\"robots\" content=\"index, follow, max-snippet:-1, max-image-preview:large, max-video-preview:-1\" \/>\n<link rel=\"canonical\" href=\"https:\/\/hakkers.com\/de\/contact\/\" \/>\n<meta property=\"og:locale\" content=\"de_DE\" \/>\n<meta property=\"og:type\" content=\"article\" \/>\n<meta property=\"og:title\" content=\"Kontakt - Hakkers\" \/>\n<meta property=\"og:description\" content=\"M\u00f6chten Sie sich gemeinsam mit Hakkers der Herausforderung stellen, Ihr Projekt zum Erfolg zu f\u00fchren? Kontaktieren Sie uns.\" \/>\n<meta property=\"og:url\" content=\"https:\/\/hakkers.com\/de\/contact\/\" \/>\n<meta property=\"og:site_name\" content=\"Hakkers\" \/>\n<meta property=\"article:modified_time\" content=\"2023-12-21T12:28:52+00:00\" \/>\n<meta property=\"og:image\" content=\"https:\/\/hakkers.com\/wp-content\/uploads\/2024\/01\/DSC00657-1024x683.jpg\" \/>\n\t<meta property=\"og:image:width\" content=\"1024\" \/>\n\t<meta property=\"og:image:height\" content=\"683\" \/>\n\t<meta property=\"og:image:type\" content=\"image\/jpeg\" \/>\n<meta name=\"twitter:card\" content=\"summary_large_image\" \/>\n<meta name=\"twitter:label1\" content=\"Gesch\u00e4tzte Lesezeit\" \/>\n\t<meta name=\"twitter:data1\" content=\"2\u00a0Minuten\" \/>\n<!-- \/ Yoast SEO plugin. -->","yoast_head_json":{"title":"Kontakt - Hakkers","description":"M\u00f6chten Sie sich gemeinsam mit Hakkers der Herausforderung stellen, Ihr Projekt zum Erfolg zu f\u00fchren? Kontaktieren Sie uns.","robots":{"index":"index","follow":"follow","max-snippet":"max-snippet:-1","max-image-preview":"max-image-preview:large","max-video-preview":"max-video-preview:-1"},"canonical":"https:\/\/hakkers.com\/de\/contact\/","og_locale":"de_DE","og_type":"article","og_title":"Kontakt - Hakkers","og_description":"M\u00f6chten Sie sich gemeinsam mit Hakkers der Herausforderung stellen, Ihr Projekt zum Erfolg zu f\u00fchren? Kontaktieren Sie uns.","og_url":"https:\/\/hakkers.com\/de\/contact\/","og_site_name":"Hakkers","article_modified_time":"2023-12-21T12:28:52+00:00","og_image":[{"width":1024,"height":683,"url":"https:\/\/hakkers.com\/wp-content\/uploads\/2024\/01\/DSC00657-1024x683.jpg","type":"image\/jpeg"}],"twitter_card":"summary_large_image","twitter_misc":{"Gesch\u00e4tzte Lesezeit":"2\u00a0Minuten"},"schema":{"@context":"https:\/\/schema.org","@graph":[{"@type":"WebPage","@id":"https:\/\/hakkers.com\/de\/contact\/","url":"https:\/\/hakkers.com\/de\/contact\/","name":"Kontakt - Hakkers","isPartOf":{"@id":"https:\/\/hakkers.com\/#website"},"primaryImageOfPage":{"@id":"https:\/\/hakkers.com\/de\/contact\/#primaryimage"},"image":{"@id":"https:\/\/hakkers.com\/de\/contact\/#primaryimage"},"thumbnailUrl":"https:\/\/hakkers.com\/wp-content\/uploads\/2024\/01\/DSC00657-e1706526279731.jpg","datePublished":"2022-07-26T10:15:15+00:00","dateModified":"2023-12-21T12:28:52+00:00","description":"M\u00f6chten Sie sich gemeinsam mit Hakkers der Herausforderung stellen, Ihr Projekt zum Erfolg zu f\u00fchren? Kontaktieren Sie uns.","breadcrumb":{"@id":"https:\/\/hakkers.com\/de\/contact\/#breadcrumb"},"inLanguage":"de","potentialAction":[{"@type":"ReadAction","target":["https:\/\/hakkers.com\/de\/contact\/"]}]},{"@type":"ImageObject","inLanguage":"de","@id":"https:\/\/hakkers.com\/de\/contact\/#primaryimage","url":"https:\/\/hakkers.com\/wp-content\/uploads\/2024\/01\/DSC00657-e1706526279731.jpg","contentUrl":"https:\/\/hakkers.com\/wp-content\/uploads\/2024\/01\/DSC00657-e1706526279731.jpg","width":2376,"height":1584},{"@type":"BreadcrumbList","@id":"https:\/\/hakkers.com\/de\/contact\/#breadcrumb","itemListElement":[{"@type":"ListItem","position":1,"name":"Home","item":"https:\/\/hakkers.com\/de\/"},{"@type":"ListItem","position":2,"name":"Kontakt"}]},{"@type":"WebSite","@id":"https:\/\/hakkers.com\/#website","url":"https:\/\/hakkers.com\/","name":"Hakkers","description":"Maakt het mogelijk","publisher":{"@id":"https:\/\/hakkers.com\/#organization"},"potentialAction":[{"@type":"SearchAction","target":{"@type":"EntryPoint","urlTemplate":"https:\/\/hakkers.com\/?s={search_term_string}"},"query-input":{"@type":"PropertyValueSpecification","valueRequired":true,"valueName":"search_term_string"}}],"inLanguage":"de"},{"@type":"Organization","@id":"https:\/\/hakkers.com\/#organization","name":"Hakkers","url":"https:\/\/hakkers.com\/","logo":{"@type":"ImageObject","inLanguage":"de","@id":"https:\/\/hakkers.com\/#\/schema\/logo\/image\/","url":"https:\/\/hakkers.com\/wp-content\/uploads\/2025\/09\/Hakkers_Logo150_liggend_CMYK.jpg","contentUrl":"https:\/\/hakkers.com\/wp-content\/uploads\/2025\/09\/Hakkers_Logo150_liggend_CMYK.jpg","width":2343,"height":559,"caption":"Hakkers"},"image":{"@id":"https:\/\/hakkers.com\/#\/schema\/logo\/image\/"}}]}},"_links":{"self":[{"href":"https:\/\/hakkers.com\/de\/wp-json\/wp\/v2\/pages\/3075","targetHints":{"allow":["GET"]}}],"collection":[{"href":"https:\/\/hakkers.com\/de\/wp-json\/wp\/v2\/pages"}],"about":[{"href":"https:\/\/hakkers.com\/de\/wp-json\/wp\/v2\/types\/page"}],"author":[{"embeddable":true,"href":"https:\/\/hakkers.com\/de\/wp-json\/wp\/v2\/users\/21"}],"replies":[{"embeddable":true,"href":"https:\/\/hakkers.com\/de\/wp-json\/wp\/v2\/comments?post=3075"}],"version-history":[{"count":6,"href":"https:\/\/hakkers.com\/de\/wp-json\/wp\/v2\/pages\/3075\/revisions"}],"predecessor-version":[{"id":3909,"href":"https:\/\/hakkers.com\/de\/wp-json\/wp\/v2\/pages\/3075\/revisions\/3909"}],"wp:featuredmedia":[{"embeddable":true,"href":"https:\/\/hakkers.com\/de\/wp-json\/wp\/v2\/media\/4327"}],"wp:attachment":[{"href":"https:\/\/hakkers.com\/de\/wp-json\/wp\/v2\/media?parent=3075"}],"curies":[{"name":"wp","href":"https:\/\/api.w.org\/{rel}","templated":true}]}}