{"id":2939,"date":"2022-08-01T15:14:08","date_gmt":"2022-08-01T13:14:08","guid":{"rendered":"https:\/\/hakkers.com\/akademie\/"},"modified":"2024-01-11T14:36:18","modified_gmt":"2024-01-11T13:36:18","slug":"akademie","status":"publish","type":"page","link":"https:\/\/hakkers.com\/de\/hakkers\/akademie\/","title":{"rendered":"Akademy"},"content":{"rendered":"<div class=\"wpb-content-wrapper\">[vc_row full_width=&#8220;stretch_row&#8220; wpex_bg_overlay=&#8220;custom&#8220; wpex_post_thumbnail_bg=&#8220;true&#8220; el_class=&#8220;diensten-hero&#8220; wpex_bg_overlay_color=&#8220;palette-7&#8243; wpex_bg_overlay_opacity=&#8220;0.25&#8243;][vc_column][vc_column_text el_class=&#8220;title&#8220;]\n<h1>AUFMERKSAMKEIT F\u00dcR DIE TALENTE <strong>VON MORGEN.<\/strong><\/h1>\n[\/vc_column_text]<div class=\"templatera_shortcode\"><style type=\"text\/css\" data-type=\"vc_shortcodes-custom-css\">.vc_custom_1678184704891{background-image: url(https:\/\/hakkers.com\/wp-content\/uploads\/2022\/07\/texture_triangle_white.svg?id=183) !important;}<\/style><div class=\"vc_row wpb_row vc_row-fluid white-triangle-block wpex-relative\"><div class=\"wpb_column vc_column_container vc_col-sm-12\"><div class=\"vc_column-inner\"><div class=\"wpb_wrapper\"><div class=\"vc_row wpb_row vc_inner vc_row-fluid white-triangle-bkg vc_custom_1678184704891 wpex-relative wpex-vc_row-has-fill wpex-vc-reset-negative-margin\"><div class=\"wpb_column vc_column_container vc_col-sm-12\"><div class=\"vc_column-inner\"><div class=\"wpb_wrapper\"><div class=\"vcex-spacing wpex-w-100 wpex-clear\"><\/div><\/div><\/div><\/div><\/div><\/div><\/div><\/div><\/div><\/div>[\/vc_column][\/vc_row][vc_row el_class=&#8220;txt-blck-nav&#8220;][vc_column width=&#8220;1\/2&#8243; el_class=&#8220;column1&#8243;][vc_column_text el_class=&#8220;title-h2&#8243;]\n<h2>HAKKERS. <strong>AKADEMY.<\/strong><\/h2>\n[\/vc_column_text][vc_column_text el_class=&#8220;text&#8220;]Die Hakkers Akademy ist die Garantie daf\u00fcr, dass wir als Familienunternehmen unser Know-how auch an die n\u00e4chste Generation weitergeben. Wir sind uns der Komplexit\u00e4t unserer Arbeit bewusst. Wir haben Ausbilder in verschiedenen Disziplinen, investieren in berufsbegleitende Weiterbildung und bieten verschiedene Kurse zur Weiterentwicklung an. Dies ist eine Investition in die Zukunft. F\u00fcr Sie als Mitglied unseres Teams und f\u00fcr uns als gesundes Unternehmen.[\/vc_column_text][\/vc_column][vc_column width=&#8220;1\/2&#8243; el_class=&#8220;column2&#8243;][vc_row_inner el_class=&#8220;nav-colls&#8220;][vc_column_inner el_class=&#8220;col1&#8243; width=&#8220;1\/4&#8243;]<style>.vcex-image.vcex_69e1bd458ad6c .vcex-image-inner{max-width:80px;}<\/style><figure class=\"vcex-image vcex-module wpex-text-left vcex_69e1bd458ad6c\"><div class=\"vcex-image-inner wpex-relative wpex-inline-block\"><img width=\"80\" height=\"260\" src=\"https:\/\/hakkers.com\/wp-content\/uploads\/2022\/07\/nav-blue-triangle.svg\" class=\"vcex-image-img wpex-align-middle\" alt=\"\" loading=\"lazy\" decoding=\"async\" \/><\/div><\/figure>[\/vc_column_inner][vc_column_inner el_class=&#8220;col1&#8243; width=&#8220;3\/4&#8243;][vc_column_text el_class=&#8220;title&#8220;]Navigation[\/vc_column_text]<div class=\"theme-button-wrap theme-button-block-wrap wpex-block wpex-clear\"><a href=\"#aanbod\" class=\"vcex-button theme-txt-link wpex-inline-block block nav-button local-scroll-link\"><span class=\"vcex-button-inner theme-button-inner wpex-flex wpex-flex-wrap wpex-items-center wpex-justify-center\">Angebot<\/span><\/a><\/div> [\/vc_column_inner][\/vc_row_inner][\/vc_column][\/vc_row][vc_row][vc_column width=&#8220;2\/3&#8243;]<figure class=\"vcex-image vcex-module two-third-img\"><div class=\"vcex-image-inner wpex-relative wpex-inline-block\"><img width=\"1200\" height=\"600\" src=\"https:\/\/hakkers.com\/wp-content\/uploads\/2022\/11\/Hakkers-Academy-zagen-aan-zaagtafel.jpg\" class=\"vcex-image-img wpex-align-middle\" alt=\"\" loading=\"lazy\" decoding=\"async\" srcset=\"https:\/\/hakkers.com\/wp-content\/uploads\/2022\/11\/Hakkers-Academy-zagen-aan-zaagtafel.jpg 1200w, https:\/\/hakkers.com\/wp-content\/uploads\/2022\/11\/Hakkers-Academy-zagen-aan-zaagtafel-300x150.jpg 300w, https:\/\/hakkers.com\/wp-content\/uploads\/2022\/11\/Hakkers-Academy-zagen-aan-zaagtafel-1024x512.jpg 1024w, https:\/\/hakkers.com\/wp-content\/uploads\/2022\/11\/Hakkers-Academy-zagen-aan-zaagtafel-768x384.jpg 768w\" sizes=\"auto, (max-width: 1200px) 100vw, 1200px\" \/><\/div><\/figure>[\/vc_column][vc_column width=&#8220;1\/3&#8243;]<figure class=\"vcex-image vcex-module one-third-img\"><div class=\"vcex-image-inner wpex-relative wpex-inline-block\"><img width=\"700\" height=\"700\" src=\"https:\/\/hakkers.com\/wp-content\/uploads\/2022\/11\/Vlissingen-Helm-veiligheidskleding.jpg\" class=\"vcex-image-img wpex-align-middle\" alt=\"\" loading=\"lazy\" decoding=\"async\" srcset=\"https:\/\/hakkers.com\/wp-content\/uploads\/2022\/11\/Vlissingen-Helm-veiligheidskleding.jpg 700w, https:\/\/hakkers.com\/wp-content\/uploads\/2022\/11\/Vlissingen-Helm-veiligheidskleding-300x300.jpg 300w, https:\/\/hakkers.com\/wp-content\/uploads\/2022\/11\/Vlissingen-Helm-veiligheidskleding-150x150.jpg 150w\" sizes=\"auto, (max-width: 700px) 100vw, 700px\" \/><\/div><\/figure>[\/vc_column][\/vc_row][vc_row][vc_column width=&#8220;1\/3&#8243;]<figure class=\"vcex-image vcex-module one-third-img\"><div class=\"vcex-image-inner wpex-relative wpex-inline-block\"><img width=\"1000\" height=\"1000\" src=\"https:\/\/hakkers.com\/wp-content\/uploads\/2022\/08\/Hakkers-lasser.jpg\" class=\"vcex-image-img wpex-align-middle\" alt=\"\" loading=\"lazy\" decoding=\"async\" srcset=\"https:\/\/hakkers.com\/wp-content\/uploads\/2022\/08\/Hakkers-lasser.jpg 1000w, https:\/\/hakkers.com\/wp-content\/uploads\/2022\/08\/Hakkers-lasser-300x300.jpg 300w, https:\/\/hakkers.com\/wp-content\/uploads\/2022\/08\/Hakkers-lasser-150x150.jpg 150w, https:\/\/hakkers.com\/wp-content\/uploads\/2022\/08\/Hakkers-lasser-768x768.jpg 768w\" sizes=\"auto, (max-width: 1000px) 100vw, 1000px\" \/><\/div><\/figure>[\/vc_column][vc_column width=&#8220;2\/3&#8243;]<figure class=\"vcex-image vcex-module two-third-img\"><div class=\"vcex-image-inner wpex-relative wpex-inline-block\"><img width=\"1200\" height=\"600\" src=\"https:\/\/hakkers.com\/wp-content\/uploads\/2022\/11\/Hakkers-Academy-uitleg-tekeningen.jpg\" class=\"vcex-image-img wpex-align-middle\" alt=\"\" loading=\"lazy\" decoding=\"async\" srcset=\"https:\/\/hakkers.com\/wp-content\/uploads\/2022\/11\/Hakkers-Academy-uitleg-tekeningen.jpg 1200w, https:\/\/hakkers.com\/wp-content\/uploads\/2022\/11\/Hakkers-Academy-uitleg-tekeningen-300x150.jpg 300w, https:\/\/hakkers.com\/wp-content\/uploads\/2022\/11\/Hakkers-Academy-uitleg-tekeningen-1024x512.jpg 1024w, https:\/\/hakkers.com\/wp-content\/uploads\/2022\/11\/Hakkers-Academy-uitleg-tekeningen-768x384.jpg 768w\" sizes=\"auto, (max-width: 1200px) 100vw, 1200px\" \/><\/div><\/figure>[\/vc_column][\/vc_row][vc_row el_class=&#8220;txt-blck&#8220; local_scroll_id=&#8220;realisatie&#8220;][vc_column el_class=&#8220;column1&#8243;][vc_column_text el_class=&#8220;text&#8220;]Hakkers ist bei Unternehmenstagen anzutreffen, und wir haben oft Schulen zu Besuch, die bei uns vorbeischnuppern wollen. Wenn Sie einmal bei uns an Bord sind und zum Team geh\u00f6ren, k\u00f6nnen Sie weiter wachsen. Wir ermutigen dazu, dass die Arbeit herausfordernd bleibt, mit einer gro\u00dfen Vielfalt an Ausbildungen und dem Ziel, unser Handwerk dauerhaft an zuk\u00fcnftige Generationen weiterzugeben.[\/vc_column_text][\/vc_column][\/vc_row][vc_row full_width=&#8220;stretch_row&#8220; content_placement=&#8220;middle&#8220; el_class=&#8220;black-qoute-background&#8220;][vc_column el_class=&#8220;column1&#8243;][vc_row_inner][vc_column_inner][vc_column_text el_class=&#8220;quote&#8220;]Wir investieren in die Zukunft unserer Besch\u00e4ftigten.[\/vc_column_text][vc_column_text el_class=&#8220;name&#8220;]Indy van Oord, HR bei Hakkers[\/vc_column_text][\/vc_column_inner][\/vc_row_inner]<div class=\"templatera_shortcode\"><style type=\"text\/css\" data-type=\"vc_shortcodes-custom-css\">.vc_custom_1678184704891{background-image: url(https:\/\/hakkers.com\/wp-content\/uploads\/2022\/07\/texture_triangle_white.svg?id=183) !important;}<\/style><div class=\"vc_row wpb_row vc_row-fluid white-triangle-block wpex-relative\"><div class=\"wpb_column vc_column_container vc_col-sm-12\"><div class=\"vc_column-inner\"><div class=\"wpb_wrapper\"><div class=\"vc_row wpb_row vc_inner vc_row-fluid white-triangle-bkg vc_custom_1678184704891 wpex-relative wpex-vc_row-has-fill wpex-vc-reset-negative-margin\"><div class=\"wpb_column vc_column_container vc_col-sm-12\"><div class=\"vc_column-inner\"><div class=\"wpb_wrapper\"><div class=\"vcex-spacing wpex-w-100 wpex-clear\"><\/div><\/div><\/div><\/div><\/div><\/div><\/div><\/div><\/div><\/div>[\/vc_column][\/vc_row][vc_row el_class=&#8220;txt-blck&#8220; local_scroll_id=&#8220;realisatie&#8220;][vc_column el_class=&#8220;column1&#8243;][vc_column_text el_class=&#8220;text&#8220;]Hakkers ist ein engagierter Arbeitgeber mit dem Ziel, h\u00f6chste Qualit\u00e4t im Wasser- und Fundamentbau zu liefern. Mit attraktiven Rahmenbedingungen sorgen wir daf\u00fcr, dass Sie sich bei uns wie zu Hause f\u00fchlen. Dies ist wichtig f\u00fcr Hakkers. So schaffen wir das gem\u00fctliche Familiengef\u00fchl, wo es m\u00f6glich ist, und den richtigen Teamgeist, wo es sein muss. Gemeinsam sorgen wir daf\u00fcr, dass keine Herausforderung zu gro\u00df ist. Wir machen jedes Ergebnis m\u00f6glich. Mit Engagement, mit Leidenschaft und mit Freude.[\/vc_column_text][\/vc_column][\/vc_row][vc_row content_placement=&#8220;middle&#8220; el_class=&#8220;aanbod-academy&#8220; local_scroll_id=&#8220;aanbod&#8220;][vc_column width=&#8220;1\/2&#8243; el_class=&#8220;column1&#8243;]<figure class=\"vcex-image vcex-module wpex-text-center monogram-img-academy\"><div class=\"vcex-image-inner wpex-relative wpex-inline-block\"><img width=\"574\" height=\"950\" src=\"https:\/\/hakkers.com\/wp-content\/uploads\/2022\/11\/Academy-lassen.jpg\" class=\"vcex-image-img wpex-align-middle\" alt=\"\" loading=\"lazy\" decoding=\"async\" srcset=\"https:\/\/hakkers.com\/wp-content\/uploads\/2022\/11\/Academy-lassen.jpg 574w, https:\/\/hakkers.com\/wp-content\/uploads\/2022\/11\/Academy-lassen-181x300.jpg 181w\" sizes=\"auto, (max-width: 574px) 100vw, 574px\" \/><\/div><\/figure>[\/vc_column][vc_column width=&#8220;1\/2&#8243; el_class=&#8220;column2&#8243;][vc_column_text el_class=&#8220;text&#8220;]M\u00f6chten Sie Teil eines 150 Jahre alten Familienunternehmens sein? Arbeiten bei Hakkers ist mehr als nur Arbeit. Wir bieten Ihnen einen Ort, an dem Sie wachsen, sich weiterentwickeln und innovativ sein k\u00f6nnen. Weitere Informationen \u00fcber die Hakkers Akademy finden Sie unter www.werkenbijhakkers.com.[\/vc_column_text]<a href=\"https:\/\/www.werkenbijhakkers.com\" class=\"vcex-button theme-txt-link wpex-inline-block inline col-butt-white\" target=\"_blank\" rel=\"noopener noreferrer\"><span class=\"vcex-button-inner theme-button-inner wpex-flex wpex-flex-wrap wpex-items-center wpex-justify-center\">Arbeiten bei Hakkers<\/span><\/a> [\/vc_column][\/vc_row][vc_row disable_element=&#8220;yes&#8220; el_id=&#8220;Contact blok&#8220;][vc_column][vc_raw_html]W3RlbXBsYXRlcmEgaWQ9IjE2MjEiXQ==[\/vc_raw_html][\/vc_column][\/vc_row]\n<\/div>","protected":false},"excerpt":{"rendered":"AUFMERKSAMKEIT F\u00dcR DIE TALENTE VON MORGEN. HAKKERS. AKADEMY. Die Hakkers Akademy ist die Garantie daf\u00fcr, dass wir als Familienunternehmen unser Know-how auch an die n\u00e4chste Generation weitergeben. Wir sind uns der Komplexit\u00e4t unserer Arbeit bewusst. Wir haben Ausbilder in verschiedenen Disziplinen, investieren in berufsbegleitende Weiterbildung und bieten verschiedene Kurse zur Weiterentwicklung an. Dies ist eine&hellip;","protected":false},"author":21,"featured_media":4742,"parent":3097,"menu_order":0,"comment_status":"closed","ping_status":"closed","template":"","meta":{"footnotes":""},"class_list":["post-2939","page","type-page","status-publish","has-post-thumbnail","hentry","entry","has-media"],"yoast_head":"<!-- This site is optimized with the Yoast SEO plugin v27.3 - https:\/\/yoast.com\/product\/yoast-seo-wordpress\/ -->\n<title>Akademy - Hakkers<\/title>\n<meta name=\"description\" content=\"M\u00f6chten Sie Teil eines Teams sein, das jedes Ergebnis m\u00f6glich macht? Und wollen Sie weiter wachsen, sobald Sie bei uns an Bord sind?\" \/>\n<meta name=\"robots\" content=\"index, follow, max-snippet:-1, max-image-preview:large, max-video-preview:-1\" \/>\n<link rel=\"canonical\" href=\"https:\/\/hakkers.com\/de\/hakkers\/akademie\/\" \/>\n<meta property=\"og:locale\" content=\"de_DE\" \/>\n<meta property=\"og:type\" content=\"article\" \/>\n<meta property=\"og:title\" content=\"Akademy - Hakkers\" \/>\n<meta property=\"og:description\" content=\"M\u00f6chten Sie Teil eines Teams sein, das jedes Ergebnis m\u00f6glich macht? Und wollen Sie weiter wachsen, sobald Sie bei uns an Bord sind?\" \/>\n<meta property=\"og:url\" content=\"https:\/\/hakkers.com\/de\/hakkers\/akademie\/\" \/>\n<meta property=\"og:site_name\" content=\"Hakkers\" \/>\n<meta property=\"article:modified_time\" content=\"2024-01-11T13:36:18+00:00\" \/>\n<meta property=\"og:image\" content=\"https:\/\/hakkers.com\/wp-content\/uploads\/2024\/03\/HA_achtergrond_vlag.jpg\" \/>\n\t<meta property=\"og:image:width\" content=\"1920\" \/>\n\t<meta property=\"og:image:height\" content=\"1080\" \/>\n\t<meta property=\"og:image:type\" content=\"image\/jpeg\" \/>\n<meta name=\"twitter:card\" content=\"summary_large_image\" \/>\n<meta name=\"twitter:label1\" content=\"Gesch\u00e4tzte Lesezeit\" \/>\n\t<meta name=\"twitter:data1\" content=\"2\u00a0Minuten\" \/>\n<!-- \/ Yoast SEO plugin. -->","yoast_head_json":{"title":"Akademy - Hakkers","description":"M\u00f6chten Sie Teil eines Teams sein, das jedes Ergebnis m\u00f6glich macht? Und wollen Sie weiter wachsen, sobald Sie bei uns an Bord sind?","robots":{"index":"index","follow":"follow","max-snippet":"max-snippet:-1","max-image-preview":"max-image-preview:large","max-video-preview":"max-video-preview:-1"},"canonical":"https:\/\/hakkers.com\/de\/hakkers\/akademie\/","og_locale":"de_DE","og_type":"article","og_title":"Akademy - Hakkers","og_description":"M\u00f6chten Sie Teil eines Teams sein, das jedes Ergebnis m\u00f6glich macht? Und wollen Sie weiter wachsen, sobald Sie bei uns an Bord sind?","og_url":"https:\/\/hakkers.com\/de\/hakkers\/akademie\/","og_site_name":"Hakkers","article_modified_time":"2024-01-11T13:36:18+00:00","og_image":[{"width":1920,"height":1080,"url":"https:\/\/hakkers.com\/wp-content\/uploads\/2024\/03\/HA_achtergrond_vlag.jpg","type":"image\/jpeg"}],"twitter_card":"summary_large_image","twitter_misc":{"Gesch\u00e4tzte Lesezeit":"2\u00a0Minuten"},"schema":{"@context":"https:\/\/schema.org","@graph":[{"@type":"WebPage","@id":"https:\/\/hakkers.com\/de\/hakkers\/akademie\/","url":"https:\/\/hakkers.com\/de\/hakkers\/akademie\/","name":"Akademy - Hakkers","isPartOf":{"@id":"https:\/\/hakkers.com\/#website"},"primaryImageOfPage":{"@id":"https:\/\/hakkers.com\/de\/hakkers\/akademie\/#primaryimage"},"image":{"@id":"https:\/\/hakkers.com\/de\/hakkers\/akademie\/#primaryimage"},"thumbnailUrl":"https:\/\/hakkers.com\/wp-content\/uploads\/2024\/03\/HA_achtergrond_vlag.jpg","datePublished":"2022-08-01T13:14:08+00:00","dateModified":"2024-01-11T13:36:18+00:00","description":"M\u00f6chten Sie Teil eines Teams sein, das jedes Ergebnis m\u00f6glich macht? Und wollen Sie weiter wachsen, sobald Sie bei uns an Bord sind?","breadcrumb":{"@id":"https:\/\/hakkers.com\/de\/hakkers\/akademie\/#breadcrumb"},"inLanguage":"de","potentialAction":[{"@type":"ReadAction","target":["https:\/\/hakkers.com\/de\/hakkers\/akademie\/"]}]},{"@type":"ImageObject","inLanguage":"de","@id":"https:\/\/hakkers.com\/de\/hakkers\/akademie\/#primaryimage","url":"https:\/\/hakkers.com\/wp-content\/uploads\/2024\/03\/HA_achtergrond_vlag.jpg","contentUrl":"https:\/\/hakkers.com\/wp-content\/uploads\/2024\/03\/HA_achtergrond_vlag.jpg","width":1920,"height":1080},{"@type":"BreadcrumbList","@id":"https:\/\/hakkers.com\/de\/hakkers\/akademie\/#breadcrumb","itemListElement":[{"@type":"ListItem","position":1,"name":"Home","item":"https:\/\/hakkers.com\/de\/"},{"@type":"ListItem","position":2,"name":"Hakkers","item":"https:\/\/hakkers.com\/de\/hakkers\/"},{"@type":"ListItem","position":3,"name":"Akademy"}]},{"@type":"WebSite","@id":"https:\/\/hakkers.com\/#website","url":"https:\/\/hakkers.com\/","name":"Hakkers","description":"Maakt het mogelijk","publisher":{"@id":"https:\/\/hakkers.com\/#organization"},"potentialAction":[{"@type":"SearchAction","target":{"@type":"EntryPoint","urlTemplate":"https:\/\/hakkers.com\/?s={search_term_string}"},"query-input":{"@type":"PropertyValueSpecification","valueRequired":true,"valueName":"search_term_string"}}],"inLanguage":"de"},{"@type":"Organization","@id":"https:\/\/hakkers.com\/#organization","name":"Hakkers","url":"https:\/\/hakkers.com\/","logo":{"@type":"ImageObject","inLanguage":"de","@id":"https:\/\/hakkers.com\/#\/schema\/logo\/image\/","url":"https:\/\/hakkers.com\/wp-content\/uploads\/2025\/09\/Hakkers_Logo150_liggend_CMYK.jpg","contentUrl":"https:\/\/hakkers.com\/wp-content\/uploads\/2025\/09\/Hakkers_Logo150_liggend_CMYK.jpg","width":2343,"height":559,"caption":"Hakkers"},"image":{"@id":"https:\/\/hakkers.com\/#\/schema\/logo\/image\/"}}]}},"_links":{"self":[{"href":"https:\/\/hakkers.com\/de\/wp-json\/wp\/v2\/pages\/2939","targetHints":{"allow":["GET"]}}],"collection":[{"href":"https:\/\/hakkers.com\/de\/wp-json\/wp\/v2\/pages"}],"about":[{"href":"https:\/\/hakkers.com\/de\/wp-json\/wp\/v2\/types\/page"}],"author":[{"embeddable":true,"href":"https:\/\/hakkers.com\/de\/wp-json\/wp\/v2\/users\/21"}],"replies":[{"embeddable":true,"href":"https:\/\/hakkers.com\/de\/wp-json\/wp\/v2\/comments?post=2939"}],"version-history":[{"count":9,"href":"https:\/\/hakkers.com\/de\/wp-json\/wp\/v2\/pages\/2939\/revisions"}],"predecessor-version":[{"id":4203,"href":"https:\/\/hakkers.com\/de\/wp-json\/wp\/v2\/pages\/2939\/revisions\/4203"}],"up":[{"embeddable":true,"href":"https:\/\/hakkers.com\/de\/wp-json\/wp\/v2\/pages\/3097"}],"wp:featuredmedia":[{"embeddable":true,"href":"https:\/\/hakkers.com\/de\/wp-json\/wp\/v2\/media\/4742"}],"wp:attachment":[{"href":"https:\/\/hakkers.com\/de\/wp-json\/wp\/v2\/media?parent=2939"}],"curies":[{"name":"wp","href":"https:\/\/api.w.org\/{rel}","templated":true}]}}