						
						{"id":2935,"date":"2022-08-02T16:00:20","date_gmt":"2022-08-02T14:00:20","guid":{"rendered":"https:\/\/hakkers.com\/nachhaltigkeit\/"},"modified":"2024-01-11T14:53:56","modified_gmt":"2024-01-11T13:53:56","slug":"nachhaltigkeit","status":"publish","type":"page","link":"https:\/\/hakkers.com\/de\/hakkers\/nachhaltigkeit\/","title":{"rendered":"Nachhaltigkeit"},"content":{"rendered":"<div class=\"wpb-content-wrapper\">[vc_row full_width=&#8220;stretch_row&#8220; wpex_post_thumbnail_bg=&#8220;true&#8220; wpex_bg_overlay=&#8220;custom&#8220; el_class=&#8220;hero-duurzaamheid&#8220; wpex_bg_overlay_color=&#8220;palette-7&#8243; wpex_bg_overlay_opacity=&#8220;0.25&#8243;][vc_column][vc_column_text el_class=&#8220;title&#8220;]\n<h1><strong>GEGENSEITIGE<\/strong> F\u00dcRSORGE<\/h1>\n[\/vc_column_text][\/vc_column][\/vc_row][vc_row el_class=&#8220;domains&#8220; wpex_zindex=&#8220;2&#8243;][vc_column width=&#8220;1\/3&#8243; el_class=&#8220;column1&#8243;][\/vc_column][vc_column width=&#8220;1\/3&#8243; el_class=&#8220;column2&#8243;][\/vc_column][vc_column width=&#8220;1\/3&#8243; el_class=&#8220;column3&#8243;][vc_raw_html]PGRpdiBjbGFzcz0idG9wLXNsYW50Ij48L2Rpdj4=[\/vc_raw_html][vc_row_inner el_class=&#8220;title-steel-bkg&#8220;][vc_column_inner][vc_column_text el_class=&#8220;title&#8220;]Die Welt von Hakkers[\/vc_column_text][\/vc_column_inner][\/vc_row_inner][vc_row_inner el_class=&#8220;content&#8220;][vc_column_inner][vc_column_text]Hackers ist in den Gesch\u00e4ftsfeldern Wasserbau, Fundamentbau und Stahlbau t\u00e4tig. Das ist unsere Welt, in der wir uns Herausforderungen stellen, weil wir wissen, dass wir immer die beste L\u00f6sung finden werden. Als Familienunternehmen gibt es uns schon seit fast 150 Jahren.[\/vc_column_text]<div class=\"vcex-module vcex-divider vcex-divider-solid vcex-divider-left wpex-mr-auto wpex-max-w-100 wpex-block wpex-h-0 wpex-border-b wpex-border-solid wpex-border-main divider\" style=\"width:120px;border-bottom-width:1px;border-color:var(--wpex-palette-11-color);\"><\/div><a href=\"\/hakkers.com\/de\/hakkers\/ueber-uns\/\" class=\"vcex-button theme-txt-link wpex-inline-block inline text-button-blue\"><span class=\"vcex-button-inner theme-button-inner wpex-flex wpex-flex-wrap wpex-items-center wpex-justify-center\">Erfahren Sie mehr \u00fcber uns<\/span><\/a> [\/vc_column_inner][\/vc_row_inner][vc_raw_html]PGRpdiBjbGFzcz0iYm90dG9tLXNsYW50Ij48L2Rpdj4=[\/vc_raw_html][\/vc_column][\/vc_row][vc_row el_class=&#8220;txt-blck-duur&#8220;][vc_column width=&#8220;1\/2&#8243; el_class=&#8220;column1&#8243;][vc_column_text el_class=&#8220;title&#8220;]\n<h2>HAKKERS UND <strong>NACHHALTIGKEIT<\/strong><\/h2>\n[\/vc_column_text][vc_column_text el_class=&#8220;text&#8220;]Als Familienunternehmen k\u00f6nnen wir unsere eigenen Entscheidungen treffen. Die gegenseitige F\u00fcrsorge hat eine wichtige Bedeutung. Wir lassen uns nicht nur von den Interessen der heutigen Generation von Mitarbeitenden, Gesch\u00e4ftspartnern und Anteilseignern leiten, sondern auch von den Interessen k\u00fcnftiger Generationen: unseren Kindern, zuk\u00fcnftigen Mitarbeitenden, ihren Familien und der Umwelt, in der wir t\u00e4tig sind. Die Entscheidungen, die wir heute treffen, wirken sich auf diese k\u00fcnftigen Generationen und die Umwelt aus. Um Kontinuit\u00e4t zu gew\u00e4hrleisten, wollen wir innovativ sein und uns weiterentwickeln. Hakkers&#8216; Leitbild von nachhaltigem Unternehmertum unterscheidet sechs Schwerpunktbereiche zu den Themen Umwelt und Soziales &amp; Gesellschaft.[\/vc_column_text][\/vc_column][vc_column width=&#8220;1\/2&#8243; el_class=&#8220;column2&#8243;][\/vc_column][\/vc_row][vc_row content_placement=&#8220;middle&#8220; el_class=&#8220;aandachtsgeb-background&#8220; local_scroll_id=&#8220;advies-en-ontwerp&#8220;][vc_column width=&#8220;1\/2&#8243; el_class=&#8220;column1&#8243;][vc_column_text el_class=&#8220;title&#8220;]Schwerpunktbereiche[\/vc_column_text][vc_column_text el_class=&#8220;text&#8220;]Unser Ziel ist es, eine aktive Rolle beim \u00dcbergang zu einer nachhaltigen Infrastruktur zu spielen. Das Thema \u201eUmwelt\u201c umfasst drei Hauptbereiche, auf die wir uns konzentrieren: Klima, Optimierung der Ressourcennutzung und die Erhaltung und Wiederherstellung der (nat\u00fcrlichen) Umwelt. Wir f\u00f6rdern auch die Entwicklung und das Wohlbefinden unserer Besch\u00e4ftigten. Das Thema \u201eSoziales und Gesellschaft\u201c umfasst drei Schwerpunktbereiche, auf die wir uns konzentrieren: Gew\u00e4hrleistung eines sicheren Arbeitsumfelds, verantwortungsvollen Arbeitgebertums sowie regionaler Verankerung und Rechenschaftspflicht.[\/vc_column_text][vc_column_text el_class=&#8220;text&#8220;]Wir sind ISO14001-zertifiziert und befinden uns auf Stufe 5 der CO2-Leistungsleiter\u201c.[\/vc_column_text]<style>.vcex-button.vcex_69e1bd15146b5{margin-block-start:20px;}<\/style><a href=\"https:\/\/hakkers.com\/wp-content\/uploads\/2023\/07\/LR_HAK-AA-Duurzaam-Ondernemen-nieuw-logo.pdf\" class=\"vcex-button theme-txt-link wpex-inline-block inline col-butt-blue vcex_69e1bd15146b5\" target=\"_blank\" download rel=\"noopener noreferrer\"><span class=\"vcex-button-inner theme-button-inner wpex-flex wpex-flex-wrap wpex-items-center wpex-justify-center\">Mehr zu unserem Leitbild<\/span><\/a> [\/vc_column][vc_column width=&#8220;1\/2&#8243; el_class=&#8220;column2&#8243;][vc_row_inner equal_height=&#8220;yes&#8220;][vc_column_inner el_class=&#8220;left-image&#8220; width=&#8220;1\/2&#8243;]<figure class=\"vcex-image vcex-module\"><div class=\"vcex-image-inner wpex-relative wpex-inline-block\"><img width=\"500\" height=\"500\" src=\"https:\/\/hakkers.com\/wp-content\/uploads\/2022\/11\/Duurzaamheid-veilige-werkomgeving.jpg\" class=\"vcex-image-img wpex-align-middle\" alt=\"\" loading=\"lazy\" decoding=\"async\" srcset=\"https:\/\/hakkers.com\/wp-content\/uploads\/2022\/11\/Duurzaamheid-veilige-werkomgeving.jpg 500w, https:\/\/hakkers.com\/wp-content\/uploads\/2022\/11\/Duurzaamheid-veilige-werkomgeving-300x300.jpg 300w, https:\/\/hakkers.com\/wp-content\/uploads\/2022\/11\/Duurzaamheid-veilige-werkomgeving-150x150.jpg 150w\" sizes=\"auto, (max-width: 500px) 100vw, 500px\" \/><\/div><\/figure>[\/vc_column_inner][vc_column_inner el_class=&#8220;right-image&#8220; width=&#8220;1\/2&#8243;]<figure class=\"vcex-image vcex-module\"><div class=\"vcex-image-inner wpex-relative wpex-inline-block\"><img width=\"500\" height=\"500\" src=\"https:\/\/hakkers.com\/wp-content\/uploads\/2022\/11\/Laadpaal-kantoor-duurzaamheid.jpg\" class=\"vcex-image-img wpex-align-middle\" alt=\"\" loading=\"lazy\" decoding=\"async\" srcset=\"https:\/\/hakkers.com\/wp-content\/uploads\/2022\/11\/Laadpaal-kantoor-duurzaamheid.jpg 500w, https:\/\/hakkers.com\/wp-content\/uploads\/2022\/11\/Laadpaal-kantoor-duurzaamheid-300x300.jpg 300w, https:\/\/hakkers.com\/wp-content\/uploads\/2022\/11\/Laadpaal-kantoor-duurzaamheid-150x150.jpg 150w\" sizes=\"auto, (max-width: 500px) 100vw, 500px\" \/><\/div><\/figure>[\/vc_column_inner][\/vc_row_inner][\/vc_column][\/vc_row][vc_row content_placement=&#8220;middle&#8220; el_class=&#8220;aandachtsgeb-background&#8220; local_scroll_id=&#8220;advies-en-ontwerp&#8220;][vc_column width=&#8220;1\/2&#8243; el_class=&#8220;column1&#8243;][vc_column_text el_class=&#8220;title&#8220;]Die CO<sub>2<\/sub>-Leistungsleiter[\/vc_column_text][vc_column_text el_class=&#8220;text&#8220;]Die CO<sub>2<\/sub>-Leistungsleiter ist ein niederl\u00e4ndisches Nachhaltigkeitsinstrument, das Unternehmen und Beh\u00f6rden hilft, CO<sub>2<\/sub> und Kosten zu reduzieren. Im Betrieb, in Projekten und in der Lieferkette. Die Leistungsleiter wird als CO<sub>2<\/sub>-Managementsystem und als Beschaffungsinstrument eingesetzt. In unserer Einstellung zum nachhaltigem Unternehmertum steht der Umgang miteinander und mit unserer Umwelt im Mittelpunkt. Bis 2050 sollen die CO<sub>2<\/sub>-Emissionen von Hakkers auf Null reduziert sein. Seit 2014 sind wir auf Stufe 5 zertifiziert. Wir haben uns dadurch verpflichtet, unsere CO<sub>2<\/sub>-Emissionen und die Emissionen in der Kette zu reduzieren.[\/vc_column_text][vc_column_text el_class=&#8220;text&#8220;]<a href=\"https:\/\/hakkers.com\/de\/hakkers\/nachhaltigkeit\/co2-leistungsleiter\/\" target=\"_blank\" rel=\"noopener\">Hier<\/a> k\u00f6nnen Sie die Dokumente einsehen.[\/vc_column_text]<style>.vcex-button.vcex_69e1bd1516376{margin-&#8220;top:20px&#8220;;}<\/style><a href=\"#\" class=\"vcex-button theme-button 8220plain-text8220 inline &#8220;col-butt-blue&#8220; vcex_69e1bd1516376\" download><span class=\"vcex-button-inner theme-button-inner wpex-flex wpex-flex-wrap wpex-items-center wpex-justify-center\">Sehen Sie sich unsere Unternehmensseite auf SKAO an<\/span><\/a> [\/vc_column][vc_column width=&#8220;1\/2&#8243; el_class=&#8220;column2&#8243;][vc_row_inner equal_height=&#8220;yes&#8220;][vc_column_inner el_class=&#8220;left-image&#8220; width=&#8220;1\/2&#8243;]<figure class=\"vcex-image vcex-module\"><div class=\"vcex-image-inner wpex-relative wpex-inline-block\"><img width=\"2560\" height=\"1440\" src=\"https:\/\/hakkers.com\/wp-content\/uploads\/2023\/03\/Hakkers-drone-46-scaled.jpg\" class=\"vcex-image-img wpex-align-middle\" alt=\"\" loading=\"lazy\" decoding=\"async\" srcset=\"https:\/\/hakkers.com\/wp-content\/uploads\/2023\/03\/Hakkers-drone-46-scaled.jpg 2560w, https:\/\/hakkers.com\/wp-content\/uploads\/2023\/03\/Hakkers-drone-46-300x169.jpg 300w, https:\/\/hakkers.com\/wp-content\/uploads\/2023\/03\/Hakkers-drone-46-1024x576.jpg 1024w, https:\/\/hakkers.com\/wp-content\/uploads\/2023\/03\/Hakkers-drone-46-768x432.jpg 768w, https:\/\/hakkers.com\/wp-content\/uploads\/2023\/03\/Hakkers-drone-46-1536x864.jpg 1536w, https:\/\/hakkers.com\/wp-content\/uploads\/2023\/03\/Hakkers-drone-46-2048x1152.jpg 2048w\" sizes=\"auto, (max-width: 2560px) 100vw, 2560px\" \/><\/div><\/figure>[\/vc_column_inner][vc_column_inner el_class=&#8220;right-image&#8220; width=&#8220;1\/2&#8243;]<figure class=\"vcex-image vcex-module\"><div class=\"vcex-image-inner wpex-relative wpex-inline-block\"><img width=\"1000\" height=\"600\" src=\"https:\/\/hakkers.com\/wp-content\/uploads\/2022\/11\/Stalen-loopbrug-haven-Rotterdam.jpg\" class=\"vcex-image-img wpex-align-middle\" alt=\"Stalen loopbrug haven Rotterdam\" loading=\"lazy\" decoding=\"async\" srcset=\"https:\/\/hakkers.com\/wp-content\/uploads\/2022\/11\/Stalen-loopbrug-haven-Rotterdam.jpg 1000w, https:\/\/hakkers.com\/wp-content\/uploads\/2022\/11\/Stalen-loopbrug-haven-Rotterdam-300x180.jpg 300w, https:\/\/hakkers.com\/wp-content\/uploads\/2022\/11\/Stalen-loopbrug-haven-Rotterdam-768x461.jpg 768w\" sizes=\"auto, (max-width: 1000px) 100vw, 1000px\" \/><\/div><\/figure>[\/vc_column_inner][\/vc_row_inner][\/vc_column][\/vc_row][vc_row][vc_column]<div class=\"templatera_shortcode\"><style type=\"text\/css\" data-type=\"vc_shortcodes-custom-css\">.vc_custom_1678184025824{background-image: url(https:\/\/hakkers.com\/wp-content\/uploads\/2022\/07\/texture_triangle_steel.svg?id=192) !important;}<\/style><div class=\"vc_row wpb_row vc_row-fluid blue-triangle-block wpex-relative\"><div class=\"wpb_column vc_column_container vc_col-sm-12\"><div class=\"vc_column-inner\"><div class=\"wpb_wrapper\"><div class=\"vc_row wpb_row vc_inner vc_row-fluid blue-triangle-bkg vc_custom_1678184025824 wpex-relative wpex-vc_row-has-fill wpex-vc-reset-negative-margin\"><div class=\"wpb_column vc_column_container vc_col-sm-12\"><div class=\"vc_column-inner\"><div class=\"wpb_wrapper\"><div class=\"vcex-spacing wpex-w-100 wpex-clear\"><\/div><\/div><\/div><\/div><\/div><\/div><\/div><\/div><\/div><\/div>[\/vc_column][\/vc_row][vc_row el_class=&#8220;txt-blck-2-3&#8243;][vc_column width=&#8220;2\/3&#8243; el_class=&#8220;column1&#8243;][vc_column_text el_class=&#8220;title&#8220;]Dokumente[\/vc_column_text][vc_column_text el_class=&#8220;text&#8220;]Nachstehend finden Sie einen \u00dcberblick \u00fcber unsere Zertifizierungen.[\/vc_column_text][\/vc_column][vc_column width=&#8220;1\/3&#8243; el_class=&#8220;column2&#8243;][\/vc_column][\/vc_row][vc_row el_class=&#8220;inspiratie-grid-block&#8220;][vc_column]<div id=\"el-5024646462e3d3a1d2fde\" class=\" card-906 ss-element gusta-post-listing\" data-query_vars=\"YSUzQTEwJTNBJTdCcyUzQTE0JTNBJTIycG9zdHNfcGVyX3BhZ2UlMjIlM0JzJTNBMiUzQSUyMjEwJTIyJTNCcyUzQTYlM0ElMjJvZmZzZXQlMjIlM0JzJTNBMCUzQSUyMiUyMiUzQnMlM0E3JTNBJTIyb3JkZXJieSUyMiUzQnMlM0E0JTNBJTIyZGF0ZSUyMiUzQnMlM0E1JTNBJTIyb3JkZXIlMjIlM0JzJTNBNCUzQSUyMkRFU0MlMjIlM0JzJTNBMTElM0ElMjJwb3N0X3N0YXR1cyUyMiUzQnMlM0E3JTNBJTIycHVibGlzaCUyMiUzQnMlM0ExOSUzQSUyMmlnbm9yZV9zdGlja3lfcG9zdHMlMjIlM0JiJTNBMSUzQnMlM0E5JTNBJTIycG9zdF90eXBlJTIyJTNCcyUzQTEwJTNBJTIyZG9jdW1lbnRlbiUyMiUzQnMlM0E4JTNBJTIycG9zdF9faW4lMjIlM0JhJTNBNCUzQSU3QmklM0EwJTNCcyUzQTMlM0ElMjI5MzUlMjIlM0JpJTNBMSUzQnMlM0EzJTNBJTIyOTMzJTIyJTNCaSUzQTIlM0JzJTNBMyUzQSUyMjkzMSUyMiUzQmklM0EzJTNCcyUzQTMlM0ElMjI4OTYlMjIlM0IlN0RzJTNBOSUzQSUyMnRheF9xdWVyeSUyMiUzQmElM0EyJTNBJTdCcyUzQTglM0ElMjJyZWxhdGlvbiUyMiUzQnMlM0EzJTNBJTIyQU5EJTIyJTNCaSUzQTAlM0JhJTNBMyUzQSU3QnMlM0E4JTNBJTIydGF4b25vbXklMjIlM0JzJTNBMTIlM0ElMjJ0eXBlZG9jdW1lbnQlMjIlM0JzJTNBNSUzQSUyMnRlcm1zJTIyJTNCYSUzQTIlM0ElN0JpJTNBMCUzQnMlM0EyJTNBJTIyNTElMjIlM0JpJTNBMSUzQnMlM0EzJTNBJTIyJTIwNzIlMjIlM0IlN0RzJTNBOCUzQSUyMm9wZXJhdG9yJTIyJTNCcyUzQTYlM0ElMjJOT1QlMjBJTiUyMiUzQiU3RCU3RHMlM0E1JTNBJTIycGFnZWQlMjIlM0JpJTNBMSUzQiU3RA==\" data-page=\"2\" data-total=\"1\" data-card_design=\"906\" data-tax=\"0\"><div class=\"gusta-grid\" data-columns><div class=\"post-listing-container\" id=\"gusta-post-896\" style=\"-webkit-animation-delay: 100ms; animation-delay: 100ms;\"><div class=\"vc_row wpb_row vc_row-fluid document-grid wpex-relative\"><div class=\"wpb_column vc_column_container vc_col-sm-12\"><div class=\"vc_column-inner\"><div class=\"wpb_wrapper\"><div class=\"vc_row wpb_row vc_inner vc_row-fluid content vc_row-o-equal-height vc_row-o-content-middle vc_row-flex wpex-relative\"><div class=\"wpb_column column1 vc_column_container vc_col-sm-3\"><div class=\"vc_column-inner\"><div class=\"wpb_wrapper\">\n\t<div class=\"wpb_raw_code wpb_raw_html wpb_content_element\" >\n\t\t<div class=\"wpb_wrapper\">\n\t\t\t<img src=\"\/wp-content\/uploads\/2022\/08\/pdf-icon.svg\" \/>\n\t\t<\/div>\n\t<\/div>\n<\/div><\/div><\/div><div class=\"wpb_column column2 vc_column_container vc_col-sm-9\"><div class=\"vc_column-inner\"><div class=\"wpb_wrapper\"><div class=\"gusta-align-left  \"><div class=\"el-91822246762e3d3f9bf9a9 ss-element gusta-post-title title show-show ani-fade  linked\"><a href=\"https:\/\/hakkers.com\/wp-content\/uploads\/2025\/03\/CO2-bewust-Hakkers-Groep-niveau-5-geldig-tot-30-06-2026-v8.3.pdf\" target=\"_blank\">CO2-bewust Hakkers Groep Niveau 5 (tot 06-2026)<\/a><\/div><\/div><div class=\"gusta-clear gusta-mobile-clear\"><\/div><div class=\"gusta-align-left  \"><a class=\"el-46283358362ea446793680 col-butt-blue ss-element gusta-read-more-button gusta-icon-link gusta-has-span show-show ani-fade linked\" href=\"https:\/\/hakkers.com\/wp-content\/uploads\/2025\/03\/CO2-bewust-Hakkers-Groep-niveau-5-geldig-tot-30-06-2026-v8.3.pdf\" target=\"_blank\"> <span>Download<\/span> <\/a><\/div><div class=\"gusta-clear gusta-mobile-clear\"><\/div><\/div><\/div><\/div><\/div><\/div><\/div><\/div><\/div><\/div><\/div><\/div>[\/vc_column][\/vc_row][vc_row full_width=&#8220;stretch_row&#8220; content_placement=&#8220;middle&#8220; el_class=&#8220;black-qoute-background&#8220;][vc_column el_class=&#8220;column1&#8243;][vc_row_inner][vc_column_inner][vc_column_text el_class=&#8220;quote&#8220;]Nachhaltigkeit f\u00fcr eine gesunde Zukunft, verbunden mit der Umwelt.[\/vc_column_text][vc_column_text el_class=&#8220;name&#8220;]Sander de Kraker, Koordinator f\u00fcr Nachhaltigkeit[\/vc_column_text][\/vc_column_inner][\/vc_row_inner]<div class=\"templatera_shortcode\"><style type=\"text\/css\" data-type=\"vc_shortcodes-custom-css\">.vc_custom_1678184704891{background-image: url(https:\/\/hakkers.com\/wp-content\/uploads\/2022\/07\/texture_triangle_white.svg?id=183) !important;}<\/style><div class=\"vc_row wpb_row vc_row-fluid white-triangle-block wpex-relative\"><div class=\"wpb_column vc_column_container vc_col-sm-12\"><div class=\"vc_column-inner\"><div class=\"wpb_wrapper\"><div class=\"vc_row wpb_row vc_inner vc_row-fluid white-triangle-bkg vc_custom_1678184704891 wpex-relative wpex-vc_row-has-fill wpex-vc-reset-negative-margin\"><div class=\"wpb_column vc_column_container vc_col-sm-12\"><div class=\"vc_column-inner\"><div class=\"wpb_wrapper\"><div class=\"vcex-spacing wpex-w-100 wpex-clear\"><\/div><\/div><\/div><\/div><\/div><\/div><\/div><\/div><\/div><\/div>[\/vc_column][\/vc_row][vc_row el_id=&#8220;Contact blok&#8220;][vc_column][vc_raw_html]W3RlbXBsYXRlcmEgaWQ9IjQ5Il0=[\/vc_raw_html][\/vc_column][\/vc_row]\n<\/div>","protected":false},"excerpt":{"rendered":"","protected":false},"author":21,"featured_media":2936,"parent":3097,"menu_order":0,"comment_status":"closed","ping_status":"closed","template":"","meta":{"footnotes":""},"class_list":["post-2935","page","type-page","status-publish","has-post-thumbnail","hentry","entry","no-media"],"yoast_head":"<!-- This site is optimized with the Yoast SEO plugin v27.3 - https:\/\/yoast.com\/product\/yoast-seo-wordpress\/ -->\n<title>Nachhaltigkeit - Hakkers<\/title>\n<meta name=\"description\" content=\"Die Entscheidungen, die wir heute treffen, wirken sich auf diese k\u00fcnftigen Generationen und die Umwelt aus. Um Kontinuit\u00e4t zu gew\u00e4hrleisten, wollen wir innovativ sein und uns weiterentwickeln.\" \/>\n<meta name=\"robots\" content=\"index, follow, max-snippet:-1, max-image-preview:large, max-video-preview:-1\" \/>\n<link rel=\"canonical\" href=\"https:\/\/hakkers.com\/de\/hakkers\/nachhaltigkeit\/\" \/>\n<meta property=\"og:locale\" content=\"de_DE\" \/>\n<meta property=\"og:type\" content=\"article\" \/>\n<meta property=\"og:title\" content=\"Nachhaltigkeit - Hakkers\" \/>\n<meta property=\"og:description\" content=\"Die Entscheidungen, die wir heute treffen, wirken sich auf diese k\u00fcnftigen Generationen und die Umwelt aus. Um Kontinuit\u00e4t zu gew\u00e4hrleisten, wollen wir innovativ sein und uns weiterentwickeln.\" \/>\n<meta property=\"og:url\" content=\"https:\/\/hakkers.com\/de\/hakkers\/nachhaltigkeit\/\" \/>\n<meta property=\"og:site_name\" content=\"Hakkers\" \/>\n<meta property=\"article:modified_time\" content=\"2024-01-11T13:53:56+00:00\" \/>\n<meta property=\"og:image\" content=\"https:\/\/hakkers.com\/wp-content\/uploads\/2022\/11\/Duurzaamheid-bij-Hakkers-zonnepanelen.jpg\" \/>\n\t<meta property=\"og:image:width\" content=\"1920\" \/>\n\t<meta property=\"og:image:height\" content=\"900\" \/>\n\t<meta property=\"og:image:type\" content=\"image\/jpeg\" \/>\n<meta name=\"twitter:card\" content=\"summary_large_image\" \/>\n<meta name=\"twitter:label1\" content=\"Gesch\u00e4tzte Lesezeit\" \/>\n\t<meta name=\"twitter:data1\" content=\"3\u00a0Minuten\" \/>\n<!-- \/ Yoast SEO plugin. -->","yoast_head_json":{"title":"Nachhaltigkeit - Hakkers","description":"Die Entscheidungen, die wir heute treffen, wirken sich auf diese k\u00fcnftigen Generationen und die Umwelt aus. Um Kontinuit\u00e4t zu gew\u00e4hrleisten, wollen wir innovativ sein und uns weiterentwickeln.","robots":{"index":"index","follow":"follow","max-snippet":"max-snippet:-1","max-image-preview":"max-image-preview:large","max-video-preview":"max-video-preview:-1"},"canonical":"https:\/\/hakkers.com\/de\/hakkers\/nachhaltigkeit\/","og_locale":"de_DE","og_type":"article","og_title":"Nachhaltigkeit - Hakkers","og_description":"Die Entscheidungen, die wir heute treffen, wirken sich auf diese k\u00fcnftigen Generationen und die Umwelt aus. Um Kontinuit\u00e4t zu gew\u00e4hrleisten, wollen wir innovativ sein und uns weiterentwickeln.","og_url":"https:\/\/hakkers.com\/de\/hakkers\/nachhaltigkeit\/","og_site_name":"Hakkers","article_modified_time":"2024-01-11T13:53:56+00:00","og_image":[{"width":1920,"height":900,"url":"https:\/\/hakkers.com\/wp-content\/uploads\/2022\/11\/Duurzaamheid-bij-Hakkers-zonnepanelen.jpg","type":"image\/jpeg"}],"twitter_card":"summary_large_image","twitter_misc":{"Gesch\u00e4tzte Lesezeit":"3\u00a0Minuten"},"schema":{"@context":"https:\/\/schema.org","@graph":[{"@type":"WebPage","@id":"https:\/\/hakkers.com\/de\/hakkers\/nachhaltigkeit\/","url":"https:\/\/hakkers.com\/de\/hakkers\/nachhaltigkeit\/","name":"Nachhaltigkeit - Hakkers","isPartOf":{"@id":"https:\/\/hakkers.com\/#website"},"primaryImageOfPage":{"@id":"https:\/\/hakkers.com\/de\/hakkers\/nachhaltigkeit\/#primaryimage"},"image":{"@id":"https:\/\/hakkers.com\/de\/hakkers\/nachhaltigkeit\/#primaryimage"},"thumbnailUrl":"https:\/\/hakkers.com\/wp-content\/uploads\/2022\/11\/Duurzaamheid-bij-Hakkers-zonnepanelen.jpg","datePublished":"2022-08-02T14:00:20+00:00","dateModified":"2024-01-11T13:53:56+00:00","description":"Die Entscheidungen, die wir heute treffen, wirken sich auf diese k\u00fcnftigen Generationen und die Umwelt aus. Um Kontinuit\u00e4t zu gew\u00e4hrleisten, wollen wir innovativ sein und uns weiterentwickeln.","breadcrumb":{"@id":"https:\/\/hakkers.com\/de\/hakkers\/nachhaltigkeit\/#breadcrumb"},"inLanguage":"de","potentialAction":[{"@type":"ReadAction","target":["https:\/\/hakkers.com\/de\/hakkers\/nachhaltigkeit\/"]}]},{"@type":"ImageObject","inLanguage":"de","@id":"https:\/\/hakkers.com\/de\/hakkers\/nachhaltigkeit\/#primaryimage","url":"https:\/\/hakkers.com\/wp-content\/uploads\/2022\/11\/Duurzaamheid-bij-Hakkers-zonnepanelen.jpg","contentUrl":"https:\/\/hakkers.com\/wp-content\/uploads\/2022\/11\/Duurzaamheid-bij-Hakkers-zonnepanelen.jpg","width":1920,"height":900},{"@type":"BreadcrumbList","@id":"https:\/\/hakkers.com\/de\/hakkers\/nachhaltigkeit\/#breadcrumb","itemListElement":[{"@type":"ListItem","position":1,"name":"Home","item":"https:\/\/hakkers.com\/de\/"},{"@type":"ListItem","position":2,"name":"Hakkers","item":"https:\/\/hakkers.com\/de\/hakkers\/"},{"@type":"ListItem","position":3,"name":"Nachhaltigkeit"}]},{"@type":"WebSite","@id":"https:\/\/hakkers.com\/#website","url":"https:\/\/hakkers.com\/","name":"Hakkers","description":"Maakt het mogelijk","publisher":{"@id":"https:\/\/hakkers.com\/#organization"},"potentialAction":[{"@type":"SearchAction","target":{"@type":"EntryPoint","urlTemplate":"https:\/\/hakkers.com\/?s={search_term_string}"},"query-input":{"@type":"PropertyValueSpecification","valueRequired":true,"valueName":"search_term_string"}}],"inLanguage":"de"},{"@type":"Organization","@id":"https:\/\/hakkers.com\/#organization","name":"Hakkers","url":"https:\/\/hakkers.com\/","logo":{"@type":"ImageObject","inLanguage":"de","@id":"https:\/\/hakkers.com\/#\/schema\/logo\/image\/","url":"https:\/\/hakkers.com\/wp-content\/uploads\/2025\/09\/Hakkers_Logo150_liggend_CMYK.jpg","contentUrl":"https:\/\/hakkers.com\/wp-content\/uploads\/2025\/09\/Hakkers_Logo150_liggend_CMYK.jpg","width":2343,"height":559,"caption":"Hakkers"},"image":{"@id":"https:\/\/hakkers.com\/#\/schema\/logo\/image\/"}}]}},"_links":{"self":[{"href":"https:\/\/hakkers.com\/de\/wp-json\/wp\/v2\/pages\/2935","targetHints":{"allow":["GET"]}}],"collection":[{"href":"https:\/\/hakkers.com\/de\/wp-json\/wp\/v2\/pages"}],"about":[{"href":"https:\/\/hakkers.com\/de\/wp-json\/wp\/v2\/types\/page"}],"author":[{"embeddable":true,"href":"https:\/\/hakkers.com\/de\/wp-json\/wp\/v2\/users\/21"}],"replies":[{"embeddable":true,"href":"https:\/\/hakkers.com\/de\/wp-json\/wp\/v2\/comments?post=2935"}],"version-history":[{"count":10,"href":"https:\/\/hakkers.com\/de\/wp-json\/wp\/v2\/pages\/2935\/revisions"}],"predecessor-version":[{"id":4211,"href":"https:\/\/hakkers.com\/de\/wp-json\/wp\/v2\/pages\/2935\/revisions\/4211"}],"up":[{"embeddable":true,"href":"https:\/\/hakkers.com\/de\/wp-json\/wp\/v2\/pages\/3097"}],"wp:featuredmedia":[{"embeddable":true,"href":"https:\/\/hakkers.com\/de\/wp-json\/wp\/v2\/media\/2936"}],"wp:attachment":[{"href":"https:\/\/hakkers.com\/de\/wp-json\/wp\/v2\/media?parent=2935"}],"curies":[{"name":"wp","href":"https:\/\/api.w.org\/{rel}","templated":true}]}}