						
						{"id":2928,"date":"2022-10-19T14:40:42","date_gmt":"2022-10-19T12:40:42","guid":{"rendered":"https:\/\/hakkers.com\/sicherheit\/"},"modified":"2023-12-21T13:28:54","modified_gmt":"2023-12-21T12:28:54","slug":"sicherheit","status":"publish","type":"page","link":"https:\/\/hakkers.com\/de\/hakkers\/sicherheit\/","title":{"rendered":"Sicherheit"},"content":{"rendered":"<div class=\"wpb-content-wrapper\">[vc_row full_width=&#8220;stretch_row&#8220; wpex_bg_overlay=&#8220;custom&#8220; wpex_post_thumbnail_bg=&#8220;true&#8220; el_class=&#8220;diensten-hero&#8220; wpex_bg_overlay_color=&#8220;palette-7&#8243; wpex_bg_overlay_opacity=&#8220;0.25&#8243;][vc_column][vc_column_text el_class=&#8220;title&#8220;]\n<h1><strong>SICHERHEIT IST HAK:<\/strong> HELFEN. ANSPRECHEN. KENNEN.<\/h1>\n[\/vc_column_text]<div class=\"templatera_shortcode\"><style type=\"text\/css\" data-type=\"vc_shortcodes-custom-css\">.vc_custom_1678184704891{background-image: url(https:\/\/hakkers.com\/wp-content\/uploads\/2022\/07\/texture_triangle_white.svg?id=183) !important;}<\/style><div class=\"vc_row wpb_row vc_row-fluid white-triangle-block wpex-relative\"><div class=\"wpb_column vc_column_container vc_col-sm-12\"><div class=\"vc_column-inner\"><div class=\"wpb_wrapper\"><div class=\"vc_row wpb_row vc_inner vc_row-fluid white-triangle-bkg vc_custom_1678184704891 wpex-relative wpex-vc_row-has-fill wpex-vc-reset-negative-margin\"><div class=\"wpb_column vc_column_container vc_col-sm-12\"><div class=\"vc_column-inner\"><div class=\"wpb_wrapper\"><div class=\"vcex-spacing wpex-w-100 wpex-clear\"><\/div><\/div><\/div><\/div><\/div><\/div><\/div><\/div><\/div><\/div>[\/vc_column][\/vc_row][vc_row el_class=&#8220;txt-blck-nav&#8220;][vc_column width=&#8220;1\/2&#8243; el_class=&#8220;column1&#8243;][vc_column_text el_class=&#8220;title&#8220;]Sicherheitsprogramm[\/vc_column_text][vc_column_text el_class=&#8220;text&#8220;]In unserem Familienunternehmen ist die gegenseitige F\u00fcrsorge sehr wichtig. Wenn man wei\u00df, dass die Kolleginnen und Kollegen aufeinander aufpassen, f\u00fchlt man sich sicher. Das bedeutet, dass man wissen muss, was schief gehen kann und welche Risiken man eingeht. Auf diese Weise kann man auch etwas unternehmen, wenn etwas nicht gut l\u00e4uft: einander ansprechen und sich gegenseitig warnen. Das gilt f\u00fcr alle, vom Management bis zur Werkbank und umgekehrt![\/vc_column_text][vc_column_text el_class=&#8220;text&#8220;]Bei Hakkers gibt es keine Diskussion \u00fcber Sicherheit, aber es hilft, dar\u00fcber zu sprechen. Indem man nach unserem <a href=\"https:\/\/hakkers.com\/de\/hakkers\/sicherheit\/sicherheitsprogramm\/\">Sicherheitsprogramm<\/a> \u201eWir arbeiten HAK\u201c arbeitet, tr\u00e4gt man zu unseren Grundprinzipien bei. Das verlangen wir von jedem, der f\u00fcr die Hakkers-Gruppe arbeitet: Mitarbeitende, Subunternehmen und Lieferanten. HAK steht f\u00fcr die wichtigsten Dinge, f\u00fcr die wir stehen, wenn es um Sicherheit geht:[\/vc_column_text]<div class=\"vcex-spacing wpex-w-100 wpex-clear\" style=\"height:30px;\"><\/div><style>.vcex-image.vcex_69e1bd151406f .vcex-image-inner{max-width:150px;}<\/style><figure class=\"vcex-image vcex-module vcex_69e1bd151406f\"><div class=\"vcex-image-inner wpex-relative wpex-inline-block\"><a href=\"https:\/\/hakkers.com\/de\/hakkers\/sicherheit\/sicherheitsprogramm\/\" target=\"_blank\" rel=\"noopener noreferrer\"><img width=\"150\" height=\"181\" src=\"https:\/\/hakkers.com\/wp-content\/uploads\/2022\/11\/HAK-logo.svg\" class=\"vcex-image-img wpex-align-middle\" alt=\"\" loading=\"lazy\" decoding=\"async\" \/><\/a><\/div><\/figure><div class=\"vcex-spacing wpex-w-100 wpex-clear\" style=\"height:50px;\"><\/div><div class=\"vcex-module vcex-icon-box vcex-icon-box-one wpex-flex wpex-text-left\"><div class=\"vcex-icon-box-symbol vcex-icon-box-symbol--icon wpex-flex-shrink-0 wpex-mr-20\"><div class=\"vcex-icon-box-icon wpex-items-center wpex-justify-center wpex-child-inherit-color wpex-text-center wpex-leading-none wpex-flex wpex-text-1\"><span class=\"wpex-flex wpex-icon--w fas fa-check\" aria-hidden=\"true\"><\/span><\/div><\/div><div class=\"vcex-icon-box-text wpex-flex-grow\"><div class=\"vcex-icon-box-content wpex-last-mb-0 wpex-clr\"><p><strong>H<\/strong>elfen: Wir <u>helfen<\/u> uns gegenseitig, sicher zu arbeiten.<\/p>\n<\/div><\/div><\/div><div class=\"vcex-module vcex-icon-box vcex-icon-box-one wpex-flex wpex-text-left\"><div class=\"vcex-icon-box-symbol vcex-icon-box-symbol--icon wpex-flex-shrink-0 wpex-mr-20\"><div class=\"vcex-icon-box-icon wpex-items-center wpex-justify-center wpex-child-inherit-color wpex-text-center wpex-leading-none wpex-flex wpex-text-1\"><span class=\"wpex-flex wpex-icon--w fas fa-check\" aria-hidden=\"true\"><\/span><\/div><\/div><div class=\"vcex-icon-box-text wpex-flex-grow\"><div class=\"vcex-icon-box-content wpex-last-mb-0 wpex-clr\"><p><strong>A<\/strong>nsprechen: Wir <u>sprechen<\/u> uns gegenseitig <u>an<\/u> und lassen uns ansprechen.<\/p>\n<\/div><\/div><\/div><div class=\"vcex-module vcex-icon-box vcex-icon-box-one wpex-flex wpex-text-left\"><div class=\"vcex-icon-box-symbol vcex-icon-box-symbol--icon wpex-flex-shrink-0 wpex-mr-20\"><div class=\"vcex-icon-box-icon wpex-items-center wpex-justify-center wpex-child-inherit-color wpex-text-center wpex-leading-none wpex-flex wpex-text-1\"><span class=\"wpex-flex wpex-icon--w fas fa-check\" aria-hidden=\"true\"><\/span><\/div><\/div><div class=\"vcex-icon-box-text wpex-flex-grow\"><div class=\"vcex-icon-box-content wpex-last-mb-0 wpex-clr\"><p><strong>K<\/strong>ennen: Wir <u>kennen<\/u> die Gefahren und Risiken unserer Arbeit.<\/p>\n<\/div><\/div><\/div>[\/vc_column][vc_column width=&#8220;1\/2&#8243; el_class=&#8220;column2&#8243;][vc_row_inner el_class=&#8220;nav-colls&#8220;][vc_column_inner el_class=&#8220;col1&#8243; width=&#8220;1\/4&#8243;]<style>.vcex-image.vcex_69e1bd151ce75 .vcex-image-inner{max-width:80px;}<\/style><figure class=\"vcex-image vcex-module wpex-text-left vcex_69e1bd151ce75\"><div class=\"vcex-image-inner wpex-relative wpex-inline-block\"><img width=\"80\" height=\"260\" src=\"https:\/\/hakkers.com\/wp-content\/uploads\/2022\/07\/nav-blue-triangle.svg\" class=\"vcex-image-img wpex-align-middle\" alt=\"\" loading=\"lazy\" decoding=\"async\" \/><\/div><\/figure>[\/vc_column_inner][vc_column_inner el_class=&#8220;col2&#8243; width=&#8220;3\/4&#8243;][vc_column_text el_class=&#8220;title&#8220;]Navigation[\/vc_column_text]<div class=\"theme-button-wrap theme-button-block-wrap wpex-block wpex-clear\"><a href=\"#lifesaving\" class=\"vcex-button theme-txt-link wpex-inline-block block nav-button local-scroll-link\"><span class=\"vcex-button-inner theme-button-inner wpex-flex wpex-flex-wrap wpex-items-center wpex-justify-center\">Lebensrettende Regeln<\/span><\/a><\/div> <div class=\"theme-button-wrap theme-button-block-wrap wpex-block wpex-clear\"><a href=\"https:\/\/hakkers.com\/hakkers\/sicherheit\/sicherheitsprogramm\/\" class=\"vcex-button theme-txt-link wpex-inline-block block nav-button local-scroll-link\"><span class=\"vcex-button-inner theme-button-inner wpex-flex wpex-flex-wrap wpex-items-center wpex-justify-center\">Sicherheitsprogramm<\/span><\/a><\/div> [\/vc_column_inner][\/vc_row_inner][\/vc_column][\/vc_row][vc_row disable_element=&#8220;yes&#8220;][vc_column]<div class=\"templatera_shortcode\"><style type=\"text\/css\" data-type=\"vc_shortcodes-custom-css\">.vc_custom_1678184025824{background-image: url(https:\/\/hakkers.com\/wp-content\/uploads\/2022\/07\/texture_triangle_steel.svg?id=192) !important;}<\/style><div class=\"vc_row wpb_row vc_row-fluid blue-triangle-block wpex-relative\"><div class=\"wpb_column vc_column_container vc_col-sm-12\"><div class=\"vc_column-inner\"><div class=\"wpb_wrapper\"><div class=\"vc_row wpb_row vc_inner vc_row-fluid blue-triangle-bkg vc_custom_1678184025824 wpex-relative wpex-vc_row-has-fill wpex-vc-reset-negative-margin\"><div class=\"wpb_column vc_column_container vc_col-sm-12\"><div class=\"vc_column-inner\"><div class=\"wpb_wrapper\"><div class=\"vcex-spacing wpex-w-100 wpex-clear\"><\/div><\/div><\/div><\/div><\/div><\/div><\/div><\/div><\/div><\/div>[\/vc_column][\/vc_row][vc_row full_width=&#8220;stretch_row&#8220; content_placement=&#8220;middle&#8220; el_class=&#8220;qoute-background&#8220;][vc_column el_class=&#8220;column1&#8243;][vc_row_inner][vc_column_inner][vc_column_text el_class=&#8220;quote&#8220;]In unserem Familienunternehmen ist die gegenseitige F\u00fcrsorge sehr wichtig.[\/vc_column_text][vc_column_text el_class=&#8220;name&#8220;]Pieter van Luijtelaar, KAM-Manager Hakkers[\/vc_column_text][\/vc_column_inner][\/vc_row_inner]<div class=\"templatera_shortcode\"><style type=\"text\/css\" data-type=\"vc_shortcodes-custom-css\">.vc_custom_1678184704891{background-image: url(https:\/\/hakkers.com\/wp-content\/uploads\/2022\/07\/texture_triangle_white.svg?id=183) !important;}<\/style><div class=\"vc_row wpb_row vc_row-fluid white-triangle-block wpex-relative\"><div class=\"wpb_column vc_column_container vc_col-sm-12\"><div class=\"vc_column-inner\"><div class=\"wpb_wrapper\"><div class=\"vc_row wpb_row vc_inner vc_row-fluid white-triangle-bkg vc_custom_1678184704891 wpex-relative wpex-vc_row-has-fill wpex-vc-reset-negative-margin\"><div class=\"wpb_column vc_column_container vc_col-sm-12\"><div class=\"vc_column-inner\"><div class=\"wpb_wrapper\"><div class=\"vcex-spacing wpex-w-100 wpex-clear\"><\/div><\/div><\/div><\/div><\/div><\/div><\/div><\/div><\/div><\/div>[\/vc_column][\/vc_row][vc_row content_placement=&#8220;middle&#8220; el_class=&#8220;aandachtsgeb-background&#8220; local_scroll_id=&#8220;lifesaving&#8220;][vc_column width=&#8220;1\/2&#8243; el_class=&#8220;column1&#8243;][vc_column_text el_class=&#8220;title&#8220;]Lebensrettende Regeln[\/vc_column_text][vc_column_text el_class=&#8220;text&#8220;]Im Rahmen unseres Sicherheitsprogramms \u201eWir arbeiten HAK\u201c haben wir unsere eigenen lebensrettenden Regeln aufgestellt. Diese ergeben sich aus unseren gr\u00f6\u00dften Risiken. Diese haben wir im Jahr 2021 gemeinsam mit unseren Besch\u00e4ftigten neu definiert.[\/vc_column_text]<style>.vcex-button.vcex_69e1bd1521251{margin-block-start:30px;}<\/style><a href=\"https:\/\/hakkers.com\/wp-content\/uploads\/2023\/02\/HAK-A5-boekje-veiligheid-nieuwe-huisstijl.pdf#page=3\" class=\"vcex-button theme-txt-link wpex-inline-block inline col-butt-blue vcex_69e1bd1521251\" target=\"_blank\" rel=\"noopener noreferrer\"><span class=\"vcex-button-inner theme-button-inner wpex-flex wpex-flex-wrap wpex-items-center wpex-justify-center\">Lebensrettende Regeln ansehen<\/span><\/a> [vc_column_text el_class=&#8220;text&#8220;]Diese lebensrettenden Regeln sind wichtig, damit jede Person gesund von der Arbeit nach Hause kommt. Wenn wir diese Regeln einhalten, helfen wir uns gegenseitig, unsere Arbeit sicher zu erledigen und verringern wir die Gefahr von (schweren) Unf\u00e4llen. Redet also miteinander dar\u00fcber! Wir sind VCA-P-zertifiziert und befinden uns auf Stufe 3 der Sicherheitsleiter (SCL).[\/vc_column_text][\/vc_column][vc_column width=&#8220;1\/2&#8243; el_class=&#8220;column2&#8243;][vc_row_inner equal_height=&#8220;yes&#8220;][vc_column_inner el_class=&#8220;left-image&#8220; width=&#8220;1\/2&#8243;]<figure class=\"vcex-image vcex-module\"><div class=\"vcex-image-inner wpex-relative wpex-inline-block\"><img width=\"500\" height=\"500\" src=\"https:\/\/hakkers.com\/wp-content\/uploads\/2022\/11\/Veiligheid-jaarlijks-oefenen.jpg\" class=\"vcex-image-img wpex-align-middle\" alt=\"\" loading=\"lazy\" decoding=\"async\" srcset=\"https:\/\/hakkers.com\/wp-content\/uploads\/2022\/11\/Veiligheid-jaarlijks-oefenen.jpg 500w, https:\/\/hakkers.com\/wp-content\/uploads\/2022\/11\/Veiligheid-jaarlijks-oefenen-300x300.jpg 300w, https:\/\/hakkers.com\/wp-content\/uploads\/2022\/11\/Veiligheid-jaarlijks-oefenen-150x150.jpg 150w\" sizes=\"auto, (max-width: 500px) 100vw, 500px\" \/><\/div><\/figure>[\/vc_column_inner][vc_column_inner el_class=&#8220;right-image&#8220; width=&#8220;1\/2&#8243;]<figure class=\"vcex-image vcex-module\"><div class=\"vcex-image-inner wpex-relative wpex-inline-block\"><img width=\"500\" height=\"500\" src=\"https:\/\/hakkers.com\/wp-content\/uploads\/2022\/11\/Veiligheid-Helm-reddingsvest-gehoorbescherming.jpg\" class=\"vcex-image-img wpex-align-middle\" alt=\"Veiligheid Helm reddingsvest gehoorbescherming\" loading=\"lazy\" decoding=\"async\" srcset=\"https:\/\/hakkers.com\/wp-content\/uploads\/2022\/11\/Veiligheid-Helm-reddingsvest-gehoorbescherming.jpg 500w, https:\/\/hakkers.com\/wp-content\/uploads\/2022\/11\/Veiligheid-Helm-reddingsvest-gehoorbescherming-300x300.jpg 300w, https:\/\/hakkers.com\/wp-content\/uploads\/2022\/11\/Veiligheid-Helm-reddingsvest-gehoorbescherming-150x150.jpg 150w\" sizes=\"auto, (max-width: 500px) 100vw, 500px\" \/><\/div><\/figure>[\/vc_column_inner][\/vc_row_inner][\/vc_column][\/vc_row][vc_row disable_element=&#8220;yes&#8220; el_class=&#8220;txt-blck-2-3&#8243; local_scroll_id=&#8220;documenten&#8220;][vc_column width=&#8220;2\/3&#8243; el_class=&#8220;column1&#8243;][vc_column_text el_class=&#8220;title&#8220;]Dokumente[\/vc_column_text][vc_column_text el_class=&#8220;text&#8220;]Hier finden Sie die f\u00fcr Hakkers verf\u00fcgbaren Zertifizierungen.[\/vc_column_text][\/vc_column][vc_column width=&#8220;1\/3&#8243; el_class=&#8220;column2&#8243;][\/vc_column][\/vc_row][vc_row disable_element=&#8220;yes&#8220; el_class=&#8220;inspiratie-grid-block&#8220;][vc_column]<div id=\"el-5024646462e3d3a1d2fde\" class=\" card-906 ss-element gusta-post-listing\" data-query_vars=\"YSUzQTklM0ElN0JzJTNBMTQlM0ElMjJwb3N0c19wZXJfcGFnZSUyMiUzQnMlM0EyJTNBJTIyMTAlMjIlM0JzJTNBNiUzQSUyMm9mZnNldCUyMiUzQnMlM0EwJTNBJTIyJTIyJTNCcyUzQTclM0ElMjJvcmRlcmJ5JTIyJTNCcyUzQTQlM0ElMjJkYXRlJTIyJTNCcyUzQTUlM0ElMjJvcmRlciUyMiUzQnMlM0E0JTNBJTIyREVTQyUyMiUzQnMlM0ExMSUzQSUyMnBvc3Rfc3RhdHVzJTIyJTNCcyUzQTclM0ElMjJwdWJsaXNoJTIyJTNCcyUzQTE5JTNBJTIyaWdub3JlX3N0aWNreV9wb3N0cyUyMiUzQmIlM0ExJTNCcyUzQTklM0ElMjJwb3N0X3R5cGUlMjIlM0JzJTNBMTAlM0ElMjJkb2N1bWVudGVuJTIyJTNCcyUzQTklM0ElMjJ0YXhfcXVlcnklMjIlM0JhJTNBMiUzQSU3QnMlM0E4JTNBJTIycmVsYXRpb24lMjIlM0JzJTNBMyUzQSUyMkFORCUyMiUzQmklM0EwJTNCYSUzQTIlM0ElN0JzJTNBOCUzQSUyMnRheG9ub215JTIyJTNCcyUzQTEyJTNBJTIydHlwZWRvY3VtZW50JTIyJTNCcyUzQTUlM0ElMjJ0ZXJtcyUyMiUzQmElM0ExJTNBJTdCaSUzQTAlM0JzJTNBMiUzQSUyMjI1JTIyJTNCJTdEJTdEJTdEcyUzQTUlM0ElMjJwYWdlZCUyMiUzQmklM0ExJTNCJTdE\" data-page=\"2\" data-total=\"3\" data-card_design=\"906\" data-tax=\"0\"><div class=\"gusta-grid\" data-columns><div class=\"post-listing-container\" id=\"gusta-post-1756\" style=\"-webkit-animation-delay: 100ms; animation-delay: 100ms;\"><div class=\"vc_row wpb_row vc_row-fluid document-grid wpex-relative\"><div class=\"wpb_column vc_column_container vc_col-sm-12\"><div class=\"vc_column-inner\"><div class=\"wpb_wrapper\"><div class=\"vc_row wpb_row vc_inner vc_row-fluid content vc_row-o-equal-height vc_row-o-content-middle vc_row-flex wpex-relative\"><div class=\"wpb_column column1 vc_column_container vc_col-sm-3\"><div class=\"vc_column-inner\"><div class=\"wpb_wrapper\">\n\t<div class=\"wpb_raw_code wpb_raw_html wpb_content_element\" >\n\t\t<div class=\"wpb_wrapper\">\n\t\t\t<img src=\"\/wp-content\/uploads\/2022\/08\/pdf-icon.svg\" \/>\n\t\t<\/div>\n\t<\/div>\n<\/div><\/div><\/div><div class=\"wpb_column column2 vc_column_container vc_col-sm-9\"><div class=\"vc_column-inner\"><div class=\"wpb_wrapper\"><div class=\"gusta-align-left  \"><div class=\"el-91822246762e3d3f9bf9a9 ss-element gusta-post-title title show-show ani-fade  linked\"><a href=\"\/wp-content\/uploads\/2022\/11\/PR.07.06.I-Veiligheidsafspraken-versie-21.01.pdf\" target=\"_blank\">Veiligheidsafspraken (versie 21.01)<\/a><\/div><\/div><div class=\"gusta-clear gusta-mobile-clear\"><\/div><div class=\"gusta-align-left  \"><a class=\"el-46283358362ea446793680 col-butt-blue ss-element gusta-read-more-button gusta-icon-link gusta-has-span show-show ani-fade linked\" href=\"\/wp-content\/uploads\/2022\/11\/PR.07.06.I-Veiligheidsafspraken-versie-21.01.pdf\" target=\"_blank\"> <span>Download<\/span> <\/a><\/div><div class=\"gusta-clear gusta-mobile-clear\"><\/div><\/div><\/div><\/div><\/div><\/div><\/div><\/div><\/div><\/div><div class=\"post-listing-container\" id=\"gusta-post-1754\" style=\"-webkit-animation-delay: 200ms; animation-delay: 200ms;\"><div class=\"vc_row wpb_row vc_row-fluid document-grid wpex-relative\"><div class=\"wpb_column vc_column_container vc_col-sm-12\"><div class=\"vc_column-inner\"><div class=\"wpb_wrapper\"><div class=\"vc_row wpb_row vc_inner vc_row-fluid content vc_row-o-equal-height vc_row-o-content-middle vc_row-flex wpex-relative\"><div class=\"wpb_column column1 vc_column_container vc_col-sm-3\"><div class=\"vc_column-inner\"><div class=\"wpb_wrapper\">\n\t<div class=\"wpb_raw_code wpb_raw_html wpb_content_element\" >\n\t\t<div class=\"wpb_wrapper\">\n\t\t\t<img src=\"\/wp-content\/uploads\/2022\/08\/pdf-icon.svg\" \/>\n\t\t<\/div>\n\t<\/div>\n<\/div><\/div><\/div><div class=\"wpb_column column2 vc_column_container vc_col-sm-9\"><div class=\"vc_column-inner\"><div class=\"wpb_wrapper\"><div class=\"gusta-align-left  \"><div class=\"el-91822246762e3d3f9bf9a9 ss-element gusta-post-title title show-show ani-fade  linked\"><a href=\"\/wp-content\/uploads\/2022\/11\/PR.19.02.P-Veiligheid-Gezondheid-en-Milieueisen-ingehuurde-diensten-versie-20.02.pdf\" target=\"_blank\">Procedure ingehuurde diensten<\/a><\/div><\/div><div class=\"gusta-clear gusta-mobile-clear\"><\/div><div class=\"gusta-align-left  \"><a class=\"el-46283358362ea446793680 col-butt-blue ss-element gusta-read-more-button gusta-icon-link gusta-has-span show-show ani-fade linked\" href=\"\/wp-content\/uploads\/2022\/11\/PR.19.02.P-Veiligheid-Gezondheid-en-Milieueisen-ingehuurde-diensten-versie-20.02.pdf\" target=\"_blank\"> <span>Download<\/span> <\/a><\/div><div class=\"gusta-clear gusta-mobile-clear\"><\/div><\/div><\/div><\/div><\/div><\/div><\/div><\/div><\/div><\/div><div class=\"post-listing-container\" id=\"gusta-post-1661\" style=\"-webkit-animation-delay: 300ms; animation-delay: 300ms;\"><div class=\"vc_row wpb_row vc_row-fluid document-grid wpex-relative\"><div class=\"wpb_column vc_column_container vc_col-sm-12\"><div class=\"vc_column-inner\"><div class=\"wpb_wrapper\"><div class=\"vc_row wpb_row vc_inner vc_row-fluid content vc_row-o-equal-height vc_row-o-content-middle vc_row-flex wpex-relative\"><div class=\"wpb_column column1 vc_column_container vc_col-sm-3\"><div class=\"vc_column-inner\"><div class=\"wpb_wrapper\">\n\t<div class=\"wpb_raw_code wpb_raw_html wpb_content_element\" >\n\t\t<div class=\"wpb_wrapper\">\n\t\t\t<img src=\"\/wp-content\/uploads\/2022\/08\/pdf-icon.svg\" \/>\n\t\t<\/div>\n\t<\/div>\n<\/div><\/div><\/div><div class=\"wpb_column column2 vc_column_container vc_col-sm-9\"><div class=\"vc_column-inner\"><div class=\"wpb_wrapper\"><div class=\"gusta-align-left  \"><div class=\"el-91822246762e3d3f9bf9a9 ss-element gusta-post-title title show-show ani-fade  linked\"><a href=\"\/wp-content\/uploads\/2022\/10\/PR.07.05.I-VGM-reglement-versie-21.01.pdf\" target=\"_blank\">VGM reglement (versie 21.01)<\/a><\/div><\/div><div class=\"gusta-clear gusta-mobile-clear\"><\/div><div class=\"gusta-align-left  \"><a class=\"el-46283358362ea446793680 col-butt-blue ss-element gusta-read-more-button gusta-icon-link gusta-has-span show-show ani-fade linked\" href=\"\/wp-content\/uploads\/2022\/10\/PR.07.05.I-VGM-reglement-versie-21.01.pdf\" target=\"_blank\"> <span>Download<\/span> <\/a><\/div><div class=\"gusta-clear gusta-mobile-clear\"><\/div><\/div><\/div><\/div><\/div><\/div><\/div><\/div><\/div><\/div><\/div><\/div>[\/vc_column][\/vc_row][vc_row el_id=&#8220;Contact blok&#8220;][vc_column][vc_raw_html]W3RlbXBsYXRlcmEgaWQ9IjQ5Il0=[\/vc_raw_html][\/vc_column][\/vc_row]\n<\/div>","protected":false},"excerpt":{"rendered":"","protected":false},"author":21,"featured_media":2929,"parent":3097,"menu_order":0,"comment_status":"closed","ping_status":"closed","template":"","meta":{"footnotes":""},"class_list":["post-2928","page","type-page","status-publish","has-post-thumbnail","hentry","entry","no-media"],"yoast_head":"<!-- This site is optimized with the Yoast SEO plugin v27.3 - https:\/\/yoast.com\/product\/yoast-seo-wordpress\/ -->\n<title>Sicherheit - Hakkers<\/title>\n<meta name=\"description\" content=\"In unserem Familienunternehmen ist die gegenseitige F\u00fcrsorge sehr wichtig. Wenn man wei\u00df, dass die Kolleginnen und Kollegen aufeinander aufpassen, f\u00fchlt man sich sicher.\" \/>\n<meta name=\"robots\" content=\"index, follow, max-snippet:-1, max-image-preview:large, max-video-preview:-1\" \/>\n<link rel=\"canonical\" href=\"https:\/\/hakkers.com\/de\/hakkers\/sicherheit\/\" \/>\n<meta property=\"og:locale\" content=\"de_DE\" \/>\n<meta property=\"og:type\" content=\"article\" \/>\n<meta property=\"og:title\" content=\"Sicherheit - Hakkers\" \/>\n<meta property=\"og:description\" content=\"In unserem Familienunternehmen ist die gegenseitige F\u00fcrsorge sehr wichtig. Wenn man wei\u00df, dass die Kolleginnen und Kollegen aufeinander aufpassen, f\u00fchlt man sich sicher.\" \/>\n<meta property=\"og:url\" content=\"https:\/\/hakkers.com\/de\/hakkers\/sicherheit\/\" \/>\n<meta property=\"og:site_name\" content=\"Hakkers\" \/>\n<meta property=\"article:modified_time\" content=\"2023-12-21T12:28:54+00:00\" \/>\n<meta property=\"og:image\" content=\"https:\/\/hakkers.com\/wp-content\/uploads\/2022\/11\/Veiligheid-is-Hak-oefening.jpg\" \/>\n\t<meta property=\"og:image:width\" content=\"1920\" \/>\n\t<meta property=\"og:image:height\" content=\"900\" \/>\n\t<meta property=\"og:image:type\" content=\"image\/jpeg\" \/>\n<meta name=\"twitter:card\" content=\"summary_large_image\" \/>\n<meta name=\"twitter:label1\" content=\"Gesch\u00e4tzte Lesezeit\" \/>\n\t<meta name=\"twitter:data1\" content=\"4\u00a0Minuten\" \/>\n<!-- \/ Yoast SEO plugin. -->","yoast_head_json":{"title":"Sicherheit - Hakkers","description":"In unserem Familienunternehmen ist die gegenseitige F\u00fcrsorge sehr wichtig. Wenn man wei\u00df, dass die Kolleginnen und Kollegen aufeinander aufpassen, f\u00fchlt man sich sicher.","robots":{"index":"index","follow":"follow","max-snippet":"max-snippet:-1","max-image-preview":"max-image-preview:large","max-video-preview":"max-video-preview:-1"},"canonical":"https:\/\/hakkers.com\/de\/hakkers\/sicherheit\/","og_locale":"de_DE","og_type":"article","og_title":"Sicherheit - Hakkers","og_description":"In unserem Familienunternehmen ist die gegenseitige F\u00fcrsorge sehr wichtig. Wenn man wei\u00df, dass die Kolleginnen und Kollegen aufeinander aufpassen, f\u00fchlt man sich sicher.","og_url":"https:\/\/hakkers.com\/de\/hakkers\/sicherheit\/","og_site_name":"Hakkers","article_modified_time":"2023-12-21T12:28:54+00:00","og_image":[{"width":1920,"height":900,"url":"https:\/\/hakkers.com\/wp-content\/uploads\/2022\/11\/Veiligheid-is-Hak-oefening.jpg","type":"image\/jpeg"}],"twitter_card":"summary_large_image","twitter_misc":{"Gesch\u00e4tzte Lesezeit":"4\u00a0Minuten"},"schema":{"@context":"https:\/\/schema.org","@graph":[{"@type":"WebPage","@id":"https:\/\/hakkers.com\/de\/hakkers\/sicherheit\/","url":"https:\/\/hakkers.com\/de\/hakkers\/sicherheit\/","name":"Sicherheit - Hakkers","isPartOf":{"@id":"https:\/\/hakkers.com\/#website"},"primaryImageOfPage":{"@id":"https:\/\/hakkers.com\/de\/hakkers\/sicherheit\/#primaryimage"},"image":{"@id":"https:\/\/hakkers.com\/de\/hakkers\/sicherheit\/#primaryimage"},"thumbnailUrl":"https:\/\/hakkers.com\/wp-content\/uploads\/2022\/11\/Veiligheid-is-Hak-oefening.jpg","datePublished":"2022-10-19T12:40:42+00:00","dateModified":"2023-12-21T12:28:54+00:00","description":"In unserem Familienunternehmen ist die gegenseitige F\u00fcrsorge sehr wichtig. Wenn man wei\u00df, dass die Kolleginnen und Kollegen aufeinander aufpassen, f\u00fchlt man sich sicher.","breadcrumb":{"@id":"https:\/\/hakkers.com\/de\/hakkers\/sicherheit\/#breadcrumb"},"inLanguage":"de","potentialAction":[{"@type":"ReadAction","target":["https:\/\/hakkers.com\/de\/hakkers\/sicherheit\/"]}]},{"@type":"ImageObject","inLanguage":"de","@id":"https:\/\/hakkers.com\/de\/hakkers\/sicherheit\/#primaryimage","url":"https:\/\/hakkers.com\/wp-content\/uploads\/2022\/11\/Veiligheid-is-Hak-oefening.jpg","contentUrl":"https:\/\/hakkers.com\/wp-content\/uploads\/2022\/11\/Veiligheid-is-Hak-oefening.jpg","width":1920,"height":900},{"@type":"BreadcrumbList","@id":"https:\/\/hakkers.com\/de\/hakkers\/sicherheit\/#breadcrumb","itemListElement":[{"@type":"ListItem","position":1,"name":"Home","item":"https:\/\/hakkers.com\/de\/"},{"@type":"ListItem","position":2,"name":"Hakkers","item":"https:\/\/hakkers.com\/de\/hakkers\/"},{"@type":"ListItem","position":3,"name":"Sicherheit"}]},{"@type":"WebSite","@id":"https:\/\/hakkers.com\/#website","url":"https:\/\/hakkers.com\/","name":"Hakkers","description":"Maakt het mogelijk","publisher":{"@id":"https:\/\/hakkers.com\/#organization"},"potentialAction":[{"@type":"SearchAction","target":{"@type":"EntryPoint","urlTemplate":"https:\/\/hakkers.com\/?s={search_term_string}"},"query-input":{"@type":"PropertyValueSpecification","valueRequired":true,"valueName":"search_term_string"}}],"inLanguage":"de"},{"@type":"Organization","@id":"https:\/\/hakkers.com\/#organization","name":"Hakkers","url":"https:\/\/hakkers.com\/","logo":{"@type":"ImageObject","inLanguage":"de","@id":"https:\/\/hakkers.com\/#\/schema\/logo\/image\/","url":"https:\/\/hakkers.com\/wp-content\/uploads\/2025\/09\/Hakkers_Logo150_liggend_CMYK.jpg","contentUrl":"https:\/\/hakkers.com\/wp-content\/uploads\/2025\/09\/Hakkers_Logo150_liggend_CMYK.jpg","width":2343,"height":559,"caption":"Hakkers"},"image":{"@id":"https:\/\/hakkers.com\/#\/schema\/logo\/image\/"}}]}},"_links":{"self":[{"href":"https:\/\/hakkers.com\/de\/wp-json\/wp\/v2\/pages\/2928","targetHints":{"allow":["GET"]}}],"collection":[{"href":"https:\/\/hakkers.com\/de\/wp-json\/wp\/v2\/pages"}],"about":[{"href":"https:\/\/hakkers.com\/de\/wp-json\/wp\/v2\/types\/page"}],"author":[{"embeddable":true,"href":"https:\/\/hakkers.com\/de\/wp-json\/wp\/v2\/users\/21"}],"replies":[{"embeddable":true,"href":"https:\/\/hakkers.com\/de\/wp-json\/wp\/v2\/comments?post=2928"}],"version-history":[{"count":6,"href":"https:\/\/hakkers.com\/de\/wp-json\/wp\/v2\/pages\/2928\/revisions"}],"predecessor-version":[{"id":3954,"href":"https:\/\/hakkers.com\/de\/wp-json\/wp\/v2\/pages\/2928\/revisions\/3954"}],"up":[{"embeddable":true,"href":"https:\/\/hakkers.com\/de\/wp-json\/wp\/v2\/pages\/3097"}],"wp:featuredmedia":[{"embeddable":true,"href":"https:\/\/hakkers.com\/de\/wp-json\/wp\/v2\/media\/2929"}],"wp:attachment":[{"href":"https:\/\/hakkers.com\/de\/wp-json\/wp\/v2\/media?parent=2928"}],"curies":[{"name":"wp","href":"https:\/\/api.w.org\/{rel}","templated":true}]}}