{"id":2923,"date":"2022-10-19T16:20:32","date_gmt":"2022-10-19T14:20:32","guid":{"rendered":"https:\/\/hakkers.com\/geschaeftsstandorte\/"},"modified":"2023-12-21T13:28:55","modified_gmt":"2023-12-21T12:28:55","slug":"geschaeftsstandorte","status":"publish","type":"page","link":"https:\/\/hakkers.com\/de\/hakkers\/geschaeftsstandorte\/","title":{"rendered":"Unternehmensstandorte"},"content":{"rendered":"<div class=\"wpb-content-wrapper\">[vc_row full_width=&#8220;stretch_row&#8220; wpex_bg_overlay=&#8220;custom&#8220; wpex_post_thumbnail_bg=&#8220;true&#8220; el_class=&#8220;domein-hero&#8220; wpex_bg_position=&#8220;center bottom&#8220;][vc_column][vc_column_text el_class=&#8220;title&#8220;]\n<h1>UNTERNEHMENSSTANDORTE<\/h1>\n[\/vc_column_text][\/vc_column][\/vc_row][vc_row el_class=&#8220;txt-blck-nav&#8220;][vc_column width=&#8220;1\/2&#8243; el_class=&#8220;column1&#8243;][vc_column_text el_class=&#8220;text&#8220;]Hakkers ist von verschiedenen Standorten in Werkendam aus t\u00e4tig. Hier treffen sich unsere Mitarbeiter und Mitarbeiterinnen. Gemeinsam suchen wir nach der besten L\u00f6sung f\u00fcr jedes Projekt und sind die gr\u00f6\u00dften Kritiker der anderen. Die Grundlage f\u00fcr ein effizient durchgef\u00fchrtes Projekt ist ein solider Entwurf und ein kontrollierter Prozess. Das garantieren wir an unseren Unternehmensstandorten.[\/vc_column_text][\/vc_column][vc_column width=&#8220;1\/2&#8243; el_class=&#8220;column2&#8243;][vc_row_inner el_class=&#8220;nav-colls&#8220;][vc_column_inner el_class=&#8220;col1&#8243; width=&#8220;1\/4&#8243;]<style>.vcex-image.vcex_69e1bd39d1df2 .vcex-image-inner{max-width:80px;}<\/style><figure class=\"vcex-image vcex-module wpex-text-left vcex_69e1bd39d1df2\"><div class=\"vcex-image-inner wpex-relative wpex-inline-block\"><img width=\"80\" height=\"260\" src=\"https:\/\/hakkers.com\/wp-content\/uploads\/2022\/07\/nav-blue-triangle.svg\" class=\"vcex-image-img wpex-align-middle\" alt=\"\" loading=\"lazy\" decoding=\"async\" \/><\/div><\/figure>[\/vc_column_inner][vc_column_inner el_class=&#8220;col2&#8243; width=&#8220;3\/4&#8243;][vc_column_text el_class=&#8220;title&#8220;]Navigation[\/vc_column_text]<div class=\"theme-button-wrap theme-button-block-wrap wpex-block wpex-clear\"><a href=\"#kantoor\" class=\"vcex-button theme-txt-link wpex-inline-block block nav-button local-scroll-link\"><span class=\"vcex-button-inner theme-button-inner wpex-flex wpex-flex-wrap wpex-items-center wpex-justify-center\">B\u00fcro<\/span><\/a><\/div> <div class=\"theme-button-wrap theme-button-block-wrap wpex-block wpex-clear\"><a href=\"#haven\" class=\"vcex-button theme-txt-link wpex-inline-block block nav-button local-scroll-link\"><span class=\"vcex-button-inner theme-button-inner wpex-flex wpex-flex-wrap wpex-items-center wpex-justify-center\">Hafen und Umschlagplatz<\/span><\/a><\/div> <div class=\"theme-button-wrap theme-button-block-wrap wpex-block wpex-clear\"><a href=\"#staalconstructiewerkplaats\" class=\"vcex-button theme-txt-link wpex-inline-block block nav-button local-scroll-link\"><span class=\"vcex-button-inner theme-button-inner wpex-flex wpex-flex-wrap wpex-items-center wpex-justify-center\">Stahlbauwerkstatt<\/span><\/a><\/div> <div class=\"theme-button-wrap theme-button-block-wrap wpex-block wpex-clear\"><a href=\"#betonwerkplaats\" class=\"vcex-button theme-txt-link wpex-inline-block block nav-button local-scroll-link\"><span class=\"vcex-button-inner theme-button-inner wpex-flex wpex-flex-wrap wpex-items-center wpex-justify-center\">Beton-\/Holzwerkstatt<\/span><\/a><\/div> [\/vc_column_inner][\/vc_row_inner][\/vc_column][\/vc_row][vc_row][vc_column]<div class=\"templatera_shortcode\"><style type=\"text\/css\" data-type=\"vc_shortcodes-custom-css\">.vc_custom_1678184025824{background-image: url(https:\/\/hakkers.com\/wp-content\/uploads\/2022\/07\/texture_triangle_steel.svg?id=192) !important;}<\/style><div class=\"vc_row wpb_row vc_row-fluid blue-triangle-block wpex-relative\"><div class=\"wpb_column vc_column_container vc_col-sm-12\"><div class=\"vc_column-inner\"><div class=\"wpb_wrapper\"><div class=\"vc_row wpb_row vc_inner vc_row-fluid blue-triangle-bkg vc_custom_1678184025824 wpex-relative wpex-vc_row-has-fill wpex-vc-reset-negative-margin\"><div class=\"wpb_column vc_column_container vc_col-sm-12\"><div class=\"vc_column-inner\"><div class=\"wpb_wrapper\"><div class=\"vcex-spacing wpex-w-100 wpex-clear\"><\/div><\/div><\/div><\/div><\/div><\/div><\/div><\/div><\/div><\/div>[\/vc_column][\/vc_row][vc_row content_placement=&#8220;middle&#8220; el_class=&#8220;txt-blck-img&#8220; local_scroll_id=&#8220;kantoor&#8220;][vc_column width=&#8220;1\/2&#8243; el_class=&#8220;column1&#8243;][vc_column_text el_class=&#8220;title&#8220;]\n<h2>B\u00fcro<\/h2>\n[\/vc_column_text][vc_column_text el_class=&#8220;text&#8220;]Unsere B\u00fcros bieten ein inspirierendes Arbeitsumfeld, in dem leistungsstarke L\u00f6sungen entstehen. Unser B\u00fcro auf der Oudsas mit Glasfassade und Lamellenkonstruktion symbolisiert, wof\u00fcr Hakkers steht: Transparenz, Bewusstsein f\u00fcr die Umwelt, moderne L\u00f6sungen. Der B\u00fcroumbau im Jahr 2011 diente nicht nur der optischen Aufwertung und Fl\u00e4chenerweiterung, sondern auch der energetischen Verbesserung des Standortes. Intelligente Ausrichtung zur Sonne f\u00fcr maximale Effizienz im Sommer und im Winter; Isolierung, Klimatisierung und das Heizsystem optimiert f\u00fcr einen umweltbewussten und angenehmen Arbeitsplatz.[\/vc_column_text][\/vc_column][vc_column width=&#8220;1\/2&#8243; el_class=&#8220;column2&#8243;][vc_row_inner equal_height=&#8220;yes&#8220;][vc_column_inner el_class=&#8220;left-image&#8220; width=&#8220;1\/2&#8243;]<figure class=\"vcex-image vcex-module\"><div class=\"vcex-image-inner wpex-relative wpex-inline-block\"><img width=\"500\" height=\"500\" src=\"https:\/\/hakkers.com\/wp-content\/uploads\/2022\/11\/Kantoor-Hakkers-tv-scherm.jpg\" class=\"vcex-image-img wpex-align-middle\" alt=\"\" loading=\"lazy\" decoding=\"async\" srcset=\"https:\/\/hakkers.com\/wp-content\/uploads\/2022\/11\/Kantoor-Hakkers-tv-scherm.jpg 500w, https:\/\/hakkers.com\/wp-content\/uploads\/2022\/11\/Kantoor-Hakkers-tv-scherm-300x300.jpg 300w, https:\/\/hakkers.com\/wp-content\/uploads\/2022\/11\/Kantoor-Hakkers-tv-scherm-150x150.jpg 150w\" sizes=\"auto, (max-width: 500px) 100vw, 500px\" \/><\/div><\/figure>[\/vc_column_inner][vc_column_inner el_class=&#8220;right-image&#8220; width=&#8220;1\/2&#8243;]<figure class=\"vcex-image vcex-module\"><div class=\"vcex-image-inner wpex-relative wpex-inline-block\"><img width=\"500\" height=\"500\" src=\"https:\/\/hakkers.com\/wp-content\/uploads\/2022\/11\/Kantoopand-Oudsas.jpg\" class=\"vcex-image-img wpex-align-middle\" alt=\"\" loading=\"lazy\" decoding=\"async\" srcset=\"https:\/\/hakkers.com\/wp-content\/uploads\/2022\/11\/Kantoopand-Oudsas.jpg 500w, https:\/\/hakkers.com\/wp-content\/uploads\/2022\/11\/Kantoopand-Oudsas-300x300.jpg 300w, https:\/\/hakkers.com\/wp-content\/uploads\/2022\/11\/Kantoopand-Oudsas-150x150.jpg 150w\" sizes=\"auto, (max-width: 500px) 100vw, 500px\" \/><\/div><\/figure>[\/vc_column_inner][\/vc_row_inner][\/vc_column][\/vc_row][vc_row full_width=&#8220;stretch_row&#8220; content_placement=&#8220;middle&#8220; el_class=&#8220;txt-blck-img-dom&#8220; local_scroll_id=&#8220;haven&#8220;][vc_column width=&#8220;1\/2&#8243; el_class=&#8220;column1&#8243;][vc_row_inner equal_height=&#8220;yes&#8220;][vc_column_inner el_class=&#8220;left-image&#8220; width=&#8220;1\/2&#8243;]<figure class=\"vcex-image vcex-module\"><div class=\"vcex-image-inner wpex-relative wpex-inline-block\"><img width=\"500\" height=\"500\" src=\"https:\/\/hakkers.com\/wp-content\/uploads\/2022\/11\/Heftruck-met-chauffeur-op-het-overslagterrein-bij-Hakkers.jpg\" class=\"vcex-image-img wpex-align-middle\" alt=\"Heftruck met chauffeur op het overslagterrein bij Hakkers\" loading=\"lazy\" decoding=\"async\" srcset=\"https:\/\/hakkers.com\/wp-content\/uploads\/2022\/11\/Heftruck-met-chauffeur-op-het-overslagterrein-bij-Hakkers.jpg 500w, https:\/\/hakkers.com\/wp-content\/uploads\/2022\/11\/Heftruck-met-chauffeur-op-het-overslagterrein-bij-Hakkers-300x300.jpg 300w, https:\/\/hakkers.com\/wp-content\/uploads\/2022\/11\/Heftruck-met-chauffeur-op-het-overslagterrein-bij-Hakkers-150x150.jpg 150w\" sizes=\"auto, (max-width: 500px) 100vw, 500px\" \/><\/div><\/figure>[\/vc_column_inner][vc_column_inner el_class=&#8220;right-image&#8220; width=&#8220;1\/2&#8243;]<figure class=\"vcex-image vcex-module\"><div class=\"vcex-image-inner wpex-relative wpex-inline-block\"><img width=\"500\" height=\"500\" src=\"https:\/\/hakkers.com\/wp-content\/uploads\/2022\/11\/BInnenhaven.jpg\" class=\"vcex-image-img wpex-align-middle\" alt=\"\" loading=\"lazy\" decoding=\"async\" srcset=\"https:\/\/hakkers.com\/wp-content\/uploads\/2022\/11\/BInnenhaven.jpg 500w, https:\/\/hakkers.com\/wp-content\/uploads\/2022\/11\/BInnenhaven-300x300.jpg 300w, https:\/\/hakkers.com\/wp-content\/uploads\/2022\/11\/BInnenhaven-150x150.jpg 150w\" sizes=\"auto, (max-width: 500px) 100vw, 500px\" \/><\/div><\/figure>[\/vc_column_inner][\/vc_row_inner][\/vc_column][vc_column width=&#8220;1\/2&#8243; el_class=&#8220;column2&#8243;][vc_column_text el_class=&#8220;title&#8220;]\n<h2>Hafen und Umschlagplatz<\/h2>\n[\/vc_column_text][vc_column_text el_class=&#8220;text&#8220;]Im Industriegebiet Bandijk in Werkendam verf\u00fcgen wir \u00fcber einen eigenen Binnenhafen. Die zentrale Lage an der Nieuwe Merwede, der Steurgat, der Beneden-Merwede und der Boven-Merwede erm\u00f6glicht es, Projektstandorte schnell zu erreichen und die Anlagen effizient im eigenen Haus zu warten. Auch der 200 Meter lange Entladekai kann f\u00fcr den Umschlag genutzt werden. Die Lagerung erfolgt auf dem 4 Hektar gro\u00dfen Gel\u00e4nde oder in einer der Lagerhallen.[\/vc_column_text][\/vc_column][\/vc_row][vc_row content_placement=&#8220;middle&#8220; el_class=&#8220;txt-blck-img&#8220; local_scroll_id=&#8220;staalconstructiewerkplaats&#8220;][vc_column width=&#8220;1\/2&#8243; el_class=&#8220;column1&#8243;][vc_column_text el_class=&#8220;title&#8220;]\n<h2>Stahlbauwerkst\u00e4tten<\/h2>\n[\/vc_column_text][vc_column_text el_class=&#8220;text&#8220;]Wir fertigen unsere Werkst\u00fccke auf unserem eigenen Hafengel\u00e4nde unter den bestm\u00f6glichen Bedingungen, wobei die Sicherheit f\u00fcr Mitarbeiter und Umwelt an erster Stelle steht. Die klimatisierte Arbeitsumgebung sorgt daf\u00fcr, dass wir mit unserer Produktion immer im Zeitplan bleiben. Die Kombination aus H\u00f6he, Hubkapazit\u00e4t und Doppellaufkatze in der Kranbahn erm\u00f6glicht es uns, Werkst\u00fccke sicher zu drehen. Durch die breite Tor\u00f6ffnung kann das Material sicher (horizontal) nach drau\u00dfen auf einen Ponton und zu seinem endg\u00fcltigen Bestimmungsort gebracht werden. Qualit\u00e4t garantiert! Neben einem sicheren Arbeitsplatz spielte dabei auch die Nachhaltigkeit eine zentrale Rolle: Unsere Werkstatt wird v\u00f6llig gasfrei betrieben und ist mit einer Sonnenanlage ausgestattet.[\/vc_column_text][\/vc_column][vc_column width=&#8220;1\/2&#8243; el_class=&#8220;column2&#8243;][vc_row_inner equal_height=&#8220;yes&#8220;][vc_column_inner el_class=&#8220;left-image&#8220; width=&#8220;1\/2&#8243;]<figure class=\"vcex-image vcex-module\"><div class=\"vcex-image-inner wpex-relative wpex-inline-block\"><img width=\"500\" height=\"500\" src=\"https:\/\/hakkers.com\/wp-content\/uploads\/2022\/11\/Staalconstructiewerkplaats-4.jpg\" class=\"vcex-image-img wpex-align-middle\" alt=\"\" loading=\"lazy\" decoding=\"async\" srcset=\"https:\/\/hakkers.com\/wp-content\/uploads\/2022\/11\/Staalconstructiewerkplaats-4.jpg 500w, https:\/\/hakkers.com\/wp-content\/uploads\/2022\/11\/Staalconstructiewerkplaats-4-300x300.jpg 300w, https:\/\/hakkers.com\/wp-content\/uploads\/2022\/11\/Staalconstructiewerkplaats-4-150x150.jpg 150w\" sizes=\"auto, (max-width: 500px) 100vw, 500px\" \/><\/div><\/figure>[\/vc_column_inner][vc_column_inner el_class=&#8220;right-image&#8220; width=&#8220;1\/2&#8243;]<figure class=\"vcex-image vcex-module\"><div class=\"vcex-image-inner wpex-relative wpex-inline-block\"><img width=\"500\" height=\"500\" src=\"https:\/\/hakkers.com\/wp-content\/uploads\/2022\/11\/Staalconstructiewerkplaats-3.jpg\" class=\"vcex-image-img wpex-align-middle\" alt=\"\" loading=\"lazy\" decoding=\"async\" srcset=\"https:\/\/hakkers.com\/wp-content\/uploads\/2022\/11\/Staalconstructiewerkplaats-3.jpg 500w, https:\/\/hakkers.com\/wp-content\/uploads\/2022\/11\/Staalconstructiewerkplaats-3-300x300.jpg 300w, https:\/\/hakkers.com\/wp-content\/uploads\/2022\/11\/Staalconstructiewerkplaats-3-150x150.jpg 150w\" sizes=\"auto, (max-width: 500px) 100vw, 500px\" \/><\/div><\/figure>[\/vc_column_inner][\/vc_row_inner][\/vc_column][\/vc_row][vc_row full_width=&#8220;stretch_row&#8220; content_placement=&#8220;middle&#8220; el_class=&#8220;txt-blck-img-dom&#8220; local_scroll_id=&#8220;betonwerkplaats&#8220;][vc_column width=&#8220;1\/2&#8243; el_class=&#8220;column1&#8243;][vc_row_inner equal_height=&#8220;yes&#8220;][vc_column_inner el_class=&#8220;left-image&#8220; width=&#8220;1\/2&#8243;]<figure class=\"vcex-image vcex-module\"><div class=\"vcex-image-inner wpex-relative wpex-inline-block\"><img width=\"500\" height=\"500\" src=\"https:\/\/hakkers.com\/wp-content\/uploads\/2022\/11\/Timmerwerkplaats-timmerman.jpg\" class=\"vcex-image-img wpex-align-middle\" alt=\"\" loading=\"lazy\" decoding=\"async\" srcset=\"https:\/\/hakkers.com\/wp-content\/uploads\/2022\/11\/Timmerwerkplaats-timmerman.jpg 500w, https:\/\/hakkers.com\/wp-content\/uploads\/2022\/11\/Timmerwerkplaats-timmerman-300x300.jpg 300w, https:\/\/hakkers.com\/wp-content\/uploads\/2022\/11\/Timmerwerkplaats-timmerman-150x150.jpg 150w\" sizes=\"auto, (max-width: 500px) 100vw, 500px\" \/><\/div><\/figure>[\/vc_column_inner][vc_column_inner el_class=&#8220;right-image&#8220; width=&#8220;1\/2&#8243;]<figure class=\"vcex-image vcex-module\"><div class=\"vcex-image-inner wpex-relative wpex-inline-block\"><img width=\"500\" height=\"500\" src=\"https:\/\/hakkers.com\/wp-content\/uploads\/2022\/11\/Betonwerk.jpg\" class=\"vcex-image-img wpex-align-middle\" alt=\"\" loading=\"lazy\" decoding=\"async\" srcset=\"https:\/\/hakkers.com\/wp-content\/uploads\/2022\/11\/Betonwerk.jpg 500w, https:\/\/hakkers.com\/wp-content\/uploads\/2022\/11\/Betonwerk-300x300.jpg 300w, https:\/\/hakkers.com\/wp-content\/uploads\/2022\/11\/Betonwerk-150x150.jpg 150w\" sizes=\"auto, (max-width: 500px) 100vw, 500px\" \/><\/div><\/figure>[\/vc_column_inner][\/vc_row_inner][\/vc_column][vc_column width=&#8220;1\/2&#8243; el_class=&#8220;column2&#8243;][vc_column_text el_class=&#8220;title&#8220;]\n<h2>Beton-\/Holzwerkstatt<\/h2>\n[\/vc_column_text][vc_column_text el_class=&#8220;text&#8220;]F\u00fcr Fertigteil- und Ortbetonarbeiten verf\u00fcgt Hakkers \u00fcber eine Beton-\/Holzwerkstatt. Eine Vielzahl von Betonbauwerken wird auf der Baustelle errichtet oder geschalt, bewehrt und gegossen, wobei wir Schalungen aus eigener Herstellung verwenden. In der Fertigteilhalle stellen wir Schalungen f\u00fcr Fertigteil- und Ortbetonkonstruktionen her. F\u00fcr die Fertigstellung von Kaistrukturen, Dalben und Anlegern werden h\u00e4ufig Holz oder Kunststoff als Schutzmaterial verwendet. Die Fertigteilhalle ist mit allem ausgestattet, was zur Vorbehandlung des Holzes notwendig ist. Auch die Bel\u00e4ge f\u00fcr Holzanleger werden von unseren eigenen Fachkr\u00e4ften zugeschnitten und verarbeitet.[\/vc_column_text][\/vc_column][\/vc_row][vc_row][vc_column]<div class=\"templatera_shortcode\"><style type=\"text\/css\" data-type=\"vc_shortcodes-custom-css\">.vc_custom_1678184025824{background-image: url(https:\/\/hakkers.com\/wp-content\/uploads\/2022\/07\/texture_triangle_steel.svg?id=192) !important;}<\/style><div class=\"vc_row wpb_row vc_row-fluid blue-triangle-block wpex-relative\"><div class=\"wpb_column vc_column_container vc_col-sm-12\"><div class=\"vc_column-inner\"><div class=\"wpb_wrapper\"><div class=\"vc_row wpb_row vc_inner vc_row-fluid blue-triangle-bkg vc_custom_1678184025824 wpex-relative wpex-vc_row-has-fill wpex-vc-reset-negative-margin\"><div class=\"wpb_column vc_column_container vc_col-sm-12\"><div class=\"vc_column-inner\"><div class=\"wpb_wrapper\"><div class=\"vcex-spacing wpex-w-100 wpex-clear\"><\/div><\/div><\/div><\/div><\/div><\/div><\/div><\/div><\/div><\/div>[\/vc_column][\/vc_row][vc_row el_id=&#8220;Contact blok&#8220;][vc_column][vc_raw_html]W3RlbXBsYXRlcmEgaWQ9IjQ5Il0=[\/vc_raw_html][\/vc_column][\/vc_row]\n<\/div>","protected":false},"excerpt":{"rendered":"UNTERNEHMENSSTANDORTE Hakkers ist von verschiedenen Standorten in Werkendam aus t\u00e4tig. Hier treffen sich unsere Mitarbeiter und Mitarbeiterinnen. Gemeinsam suchen wir nach der besten L\u00f6sung f\u00fcr jedes Projekt und sind die gr\u00f6\u00dften Kritiker der anderen. Die Grundlage f\u00fcr ein effizient durchgef\u00fchrtes Projekt ist ein solider Entwurf und ein kontrollierter Prozess. Das garantieren wir an unseren Unternehmensstandorten.&hellip;","protected":false},"author":21,"featured_media":2924,"parent":3097,"menu_order":0,"comment_status":"closed","ping_status":"closed","template":"","meta":{"footnotes":""},"class_list":["post-2923","page","type-page","status-publish","has-post-thumbnail","hentry","entry","has-media"],"yoast_head":"<!-- This site is optimized with the Yoast SEO plugin v27.3 - https:\/\/yoast.com\/product\/yoast-seo-wordpress\/ -->\n<title>Unternehmensstandorte - Hakkers<\/title>\n<meta name=\"description\" content=\"Hakkers ist von verschiedenen Standorten in Werkendam aus t\u00e4tig. Hier treffen sich unsere Mitarbeiter und Mitarbeiterinnen.\" \/>\n<meta name=\"robots\" content=\"index, follow, max-snippet:-1, max-image-preview:large, max-video-preview:-1\" \/>\n<link rel=\"canonical\" href=\"https:\/\/hakkers.com\/de\/hakkers\/geschaeftsstandorte\/\" \/>\n<meta property=\"og:locale\" content=\"de_DE\" \/>\n<meta property=\"og:type\" content=\"article\" \/>\n<meta property=\"og:title\" content=\"Unternehmensstandorte - Hakkers\" \/>\n<meta property=\"og:description\" content=\"Hakkers ist von verschiedenen Standorten in Werkendam aus t\u00e4tig. Hier treffen sich unsere Mitarbeiter und Mitarbeiterinnen.\" \/>\n<meta property=\"og:url\" content=\"https:\/\/hakkers.com\/de\/hakkers\/geschaeftsstandorte\/\" \/>\n<meta property=\"og:site_name\" content=\"Hakkers\" \/>\n<meta property=\"article:modified_time\" content=\"2023-12-21T12:28:55+00:00\" \/>\n<meta property=\"og:image\" content=\"https:\/\/hakkers.com\/wp-content\/uploads\/2022\/11\/Hoofdkantoor-Hakker-Oudsas-Werkendam.jpg\" \/>\n\t<meta property=\"og:image:width\" content=\"1920\" \/>\n\t<meta property=\"og:image:height\" content=\"900\" \/>\n\t<meta property=\"og:image:type\" content=\"image\/jpeg\" \/>\n<meta name=\"twitter:card\" content=\"summary_large_image\" \/>\n<meta name=\"twitter:label1\" content=\"Gesch\u00e4tzte Lesezeit\" \/>\n\t<meta name=\"twitter:data1\" content=\"5\u00a0Minuten\" \/>\n<!-- \/ Yoast SEO plugin. -->","yoast_head_json":{"title":"Unternehmensstandorte - Hakkers","description":"Hakkers ist von verschiedenen Standorten in Werkendam aus t\u00e4tig. Hier treffen sich unsere Mitarbeiter und Mitarbeiterinnen.","robots":{"index":"index","follow":"follow","max-snippet":"max-snippet:-1","max-image-preview":"max-image-preview:large","max-video-preview":"max-video-preview:-1"},"canonical":"https:\/\/hakkers.com\/de\/hakkers\/geschaeftsstandorte\/","og_locale":"de_DE","og_type":"article","og_title":"Unternehmensstandorte - Hakkers","og_description":"Hakkers ist von verschiedenen Standorten in Werkendam aus t\u00e4tig. Hier treffen sich unsere Mitarbeiter und Mitarbeiterinnen.","og_url":"https:\/\/hakkers.com\/de\/hakkers\/geschaeftsstandorte\/","og_site_name":"Hakkers","article_modified_time":"2023-12-21T12:28:55+00:00","og_image":[{"width":1920,"height":900,"url":"https:\/\/hakkers.com\/wp-content\/uploads\/2022\/11\/Hoofdkantoor-Hakker-Oudsas-Werkendam.jpg","type":"image\/jpeg"}],"twitter_card":"summary_large_image","twitter_misc":{"Gesch\u00e4tzte Lesezeit":"5\u00a0Minuten"},"schema":{"@context":"https:\/\/schema.org","@graph":[{"@type":"WebPage","@id":"https:\/\/hakkers.com\/de\/hakkers\/geschaeftsstandorte\/","url":"https:\/\/hakkers.com\/de\/hakkers\/geschaeftsstandorte\/","name":"Unternehmensstandorte - Hakkers","isPartOf":{"@id":"https:\/\/hakkers.com\/#website"},"primaryImageOfPage":{"@id":"https:\/\/hakkers.com\/de\/hakkers\/geschaeftsstandorte\/#primaryimage"},"image":{"@id":"https:\/\/hakkers.com\/de\/hakkers\/geschaeftsstandorte\/#primaryimage"},"thumbnailUrl":"https:\/\/hakkers.com\/wp-content\/uploads\/2022\/11\/Hoofdkantoor-Hakker-Oudsas-Werkendam.jpg","datePublished":"2022-10-19T14:20:32+00:00","dateModified":"2023-12-21T12:28:55+00:00","description":"Hakkers ist von verschiedenen Standorten in Werkendam aus t\u00e4tig. Hier treffen sich unsere Mitarbeiter und Mitarbeiterinnen.","breadcrumb":{"@id":"https:\/\/hakkers.com\/de\/hakkers\/geschaeftsstandorte\/#breadcrumb"},"inLanguage":"de","potentialAction":[{"@type":"ReadAction","target":["https:\/\/hakkers.com\/de\/hakkers\/geschaeftsstandorte\/"]}]},{"@type":"ImageObject","inLanguage":"de","@id":"https:\/\/hakkers.com\/de\/hakkers\/geschaeftsstandorte\/#primaryimage","url":"https:\/\/hakkers.com\/wp-content\/uploads\/2022\/11\/Hoofdkantoor-Hakker-Oudsas-Werkendam.jpg","contentUrl":"https:\/\/hakkers.com\/wp-content\/uploads\/2022\/11\/Hoofdkantoor-Hakker-Oudsas-Werkendam.jpg","width":1920,"height":900},{"@type":"BreadcrumbList","@id":"https:\/\/hakkers.com\/de\/hakkers\/geschaeftsstandorte\/#breadcrumb","itemListElement":[{"@type":"ListItem","position":1,"name":"Home","item":"https:\/\/hakkers.com\/de\/"},{"@type":"ListItem","position":2,"name":"Hakkers","item":"https:\/\/hakkers.com\/de\/hakkers\/"},{"@type":"ListItem","position":3,"name":"Unternehmensstandorte"}]},{"@type":"WebSite","@id":"https:\/\/hakkers.com\/#website","url":"https:\/\/hakkers.com\/","name":"Hakkers","description":"Maakt het mogelijk","publisher":{"@id":"https:\/\/hakkers.com\/#organization"},"potentialAction":[{"@type":"SearchAction","target":{"@type":"EntryPoint","urlTemplate":"https:\/\/hakkers.com\/?s={search_term_string}"},"query-input":{"@type":"PropertyValueSpecification","valueRequired":true,"valueName":"search_term_string"}}],"inLanguage":"de"},{"@type":"Organization","@id":"https:\/\/hakkers.com\/#organization","name":"Hakkers","url":"https:\/\/hakkers.com\/","logo":{"@type":"ImageObject","inLanguage":"de","@id":"https:\/\/hakkers.com\/#\/schema\/logo\/image\/","url":"https:\/\/hakkers.com\/wp-content\/uploads\/2025\/09\/Hakkers_Logo150_liggend_CMYK.jpg","contentUrl":"https:\/\/hakkers.com\/wp-content\/uploads\/2025\/09\/Hakkers_Logo150_liggend_CMYK.jpg","width":2343,"height":559,"caption":"Hakkers"},"image":{"@id":"https:\/\/hakkers.com\/#\/schema\/logo\/image\/"}}]}},"_links":{"self":[{"href":"https:\/\/hakkers.com\/de\/wp-json\/wp\/v2\/pages\/2923","targetHints":{"allow":["GET"]}}],"collection":[{"href":"https:\/\/hakkers.com\/de\/wp-json\/wp\/v2\/pages"}],"about":[{"href":"https:\/\/hakkers.com\/de\/wp-json\/wp\/v2\/types\/page"}],"author":[{"embeddable":true,"href":"https:\/\/hakkers.com\/de\/wp-json\/wp\/v2\/users\/21"}],"replies":[{"embeddable":true,"href":"https:\/\/hakkers.com\/de\/wp-json\/wp\/v2\/comments?post=2923"}],"version-history":[{"count":5,"href":"https:\/\/hakkers.com\/de\/wp-json\/wp\/v2\/pages\/2923\/revisions"}],"predecessor-version":[{"id":3962,"href":"https:\/\/hakkers.com\/de\/wp-json\/wp\/v2\/pages\/2923\/revisions\/3962"}],"up":[{"embeddable":true,"href":"https:\/\/hakkers.com\/de\/wp-json\/wp\/v2\/pages\/3097"}],"wp:featuredmedia":[{"embeddable":true,"href":"https:\/\/hakkers.com\/de\/wp-json\/wp\/v2\/media\/2924"}],"wp:attachment":[{"href":"https:\/\/hakkers.com\/de\/wp-json\/wp\/v2\/media?parent=2923"}],"curies":[{"name":"wp","href":"https:\/\/api.w.org\/{rel}","templated":true}]}}