{"id":2916,"date":"2022-08-03T12:17:44","date_gmt":"2022-08-03T10:17:44","guid":{"rendered":"https:\/\/hakkers.com\/ueber-uns\/"},"modified":"2023-12-21T13:28:53","modified_gmt":"2023-12-21T12:28:53","slug":"ueber-uns","status":"publish","type":"page","link":"https:\/\/hakkers.com\/de\/hakkers\/ueber-uns\/","title":{"rendered":"\u00dcber uns"},"content":{"rendered":"<div class=\"wpb-content-wrapper\">[vc_row full_width=&#8220;stretch_row&#8220; wpex_bg_overlay=&#8220;custom&#8220; wpex_post_thumbnail_bg=&#8220;true&#8220; el_class=&#8220;diensten-hero&#8220; wpex_bg_overlay_color=&#8220;palette-7&#8243; wpex_bg_overlay_opacity=&#8220;0.25&#8243;][vc_column][vc_column_text el_class=&#8220;title&#8220;]\n<h1>DIES IST DIE<br \/> <strong>WELT VON <\/strong><br \/> <strong>HAKKERS.<\/strong><\/h1>\n[\/vc_column_text][\/vc_column][\/vc_row][vc_row el_class=&#8220;txt-blck-nav&#8220;][vc_column width=&#8220;1\/2&#8243; el_class=&#8220;column1&#8243;][vc_column_text el_class=&#8220;title-h2&#8243;]\n<h2>HAKKERS.<br \/> <strong>MACHT\u2018S M\u00d6GLICH.<\/strong><\/h2>\n[\/vc_column_text][vc_column_text el_class=&#8220;text&#8220;]Hakkers ist ein Familienunternehmen mit engagierten Besch\u00e4ftigten, die stolz sind auf ihre Arbeit und die Auswirkungen, die sie damit auf die Gesellschaft haben. Wir sch\u00e4tzen unsere Wurzeln in Werkendam. Wir sind landesweit t\u00e4tig, aber lokal verankert. Als Experten liefern wir sch\u00f6ne Projekte in den Gesch\u00e4ftsfeldern Wasserbau, Fundamentbau und Stahlbau. Als Mitarbeitende sch\u00e4tzen wir das famili\u00e4re Gef\u00fchl, das f\u00fcr Hakkers typisch ist. Wir sorgen daf\u00fcr, dass wir uns auch au\u00dferhalb der Arbeit treffen, organisieren Veranstaltungen und achten auf die gegenseitige Sicherheit und Gesundheit.[\/vc_column_text]<a href=\"\/inspiratie\" class=\"vcex-button theme-txt-link wpex-inline-block inline col-butt-blue\"><span class=\"vcex-button-inner theme-button-inner wpex-flex wpex-flex-wrap wpex-items-center wpex-justify-center\">Projekte ansehen<\/span><\/a> [\/vc_column][vc_column width=&#8220;1\/2&#8243; el_class=&#8220;column2&#8243;][vc_row_inner el_class=&#8220;nav-colls&#8220;][vc_column_inner el_class=&#8220;col1&#8243; width=&#8220;1\/4&#8243;]<style>.vcex-image.vcex_69e1bd39d29ba .vcex-image-inner{max-width:80px;}<\/style><figure class=\"vcex-image vcex-module wpex-text-left vcex_69e1bd39d29ba\"><div class=\"vcex-image-inner wpex-relative wpex-inline-block\"><img width=\"80\" height=\"260\" src=\"https:\/\/hakkers.com\/wp-content\/uploads\/2022\/07\/nav-blue-triangle.svg\" class=\"vcex-image-img wpex-align-middle\" alt=\"\" loading=\"lazy\" decoding=\"async\" \/><\/div><\/figure>[\/vc_column_inner][vc_column_inner el_class=&#8220;col2&#8243; width=&#8220;3\/4&#8243;][vc_column_text el_class=&#8220;title&#8220;]Navigation[\/vc_column_text]<div class=\"theme-button-wrap theme-button-block-wrap wpex-block wpex-clear\"><a href=\"#profiel\" class=\"vcex-button theme-txt-link wpex-inline-block block nav-button local-scroll-link\"><span class=\"vcex-button-inner theme-button-inner wpex-flex wpex-flex-wrap wpex-items-center wpex-justify-center\">Profil<\/span><\/a><\/div> <div class=\"theme-button-wrap theme-button-block-wrap wpex-block wpex-clear\"><a href=\"#cultuur\" class=\"vcex-button theme-txt-link wpex-inline-block block nav-button local-scroll-link\"><span class=\"vcex-button-inner theme-button-inner wpex-flex wpex-flex-wrap wpex-items-center wpex-justify-center\">Kultur<\/span><\/a><\/div> [\/vc_column_inner][\/vc_row_inner][\/vc_column][\/vc_row][vc_row content_placement=&#8220;middle&#8220; el_class=&#8220;profiel-background&#8220; local_scroll_id=&#8220;profiel&#8220;][vc_column width=&#8220;1\/2&#8243; el_class=&#8220;column2&#8243;][vc_row_inner equal_height=&#8220;yes&#8220;][vc_column_inner el_class=&#8220;left-image&#8220; width=&#8220;1\/2&#8243;]<figure class=\"vcex-image vcex-module\"><div class=\"vcex-image-inner wpex-relative wpex-inline-block\"><img width=\"500\" height=\"500\" src=\"https:\/\/hakkers.com\/wp-content\/uploads\/2022\/11\/Heischip-Frank-met-Woltman-A-kraan.jpg\" class=\"vcex-image-img wpex-align-middle\" alt=\"\" loading=\"lazy\" decoding=\"async\" srcset=\"https:\/\/hakkers.com\/wp-content\/uploads\/2022\/11\/Heischip-Frank-met-Woltman-A-kraan.jpg 500w, https:\/\/hakkers.com\/wp-content\/uploads\/2022\/11\/Heischip-Frank-met-Woltman-A-kraan-300x300.jpg 300w, https:\/\/hakkers.com\/wp-content\/uploads\/2022\/11\/Heischip-Frank-met-Woltman-A-kraan-150x150.jpg 150w\" sizes=\"auto, (max-width: 500px) 100vw, 500px\" \/><\/div><\/figure>[\/vc_column_inner][vc_column_inner el_class=&#8220;right-image&#8220; width=&#8220;1\/2&#8243;]<figure class=\"vcex-image vcex-module\"><div class=\"vcex-image-inner wpex-relative wpex-inline-block\"><img width=\"500\" height=\"500\" src=\"https:\/\/hakkers.com\/wp-content\/uploads\/2022\/11\/Hakker-kantoor-personeel.jpg\" class=\"vcex-image-img wpex-align-middle\" alt=\"\" loading=\"lazy\" decoding=\"async\" srcset=\"https:\/\/hakkers.com\/wp-content\/uploads\/2022\/11\/Hakker-kantoor-personeel.jpg 500w, https:\/\/hakkers.com\/wp-content\/uploads\/2022\/11\/Hakker-kantoor-personeel-300x300.jpg 300w, https:\/\/hakkers.com\/wp-content\/uploads\/2022\/11\/Hakker-kantoor-personeel-150x150.jpg 150w\" sizes=\"auto, (max-width: 500px) 100vw, 500px\" \/><\/div><\/figure>[\/vc_column_inner][\/vc_row_inner][\/vc_column][vc_column width=&#8220;1\/2&#8243; el_class=&#8220;column1&#8243;][vc_column_text el_class=&#8220;title&#8220;]Profil[\/vc_column_text][vc_column_text el_class=&#8220;text&#8220;]An der Grenze zwischen Land und Wasser ist Hakkers traditionell voll zu Hause. Wir setzen unser Wissen und unsere Erfahrung in nachhaltige L\u00f6sungen um, die wir sorgf\u00e4ltig auf die W\u00fcnsche von Kunden und Beh\u00f6rden abstimmen. Unsere Kunden wissen es: Auf Hakkers kann man sich verlassen. Unsere Mitarbeitenden denken mit, \u00fcbernehmen Verantwortung und sind echte Teamplayer. Fachkundig und engagiert leisten sie einen wichtigen Beitrag zur Entwicklung, Herstellung und Ausf\u00fchrung von Erd-, Bagger-, Bau-, Gr\u00fcndungs-, K\u00fcsten- und Uferarbeiten. <strong>Hakkers macht\u2018s m\u00f6glich<\/strong>.[\/vc_column_text][\/vc_column][\/vc_row][vc_row full_width=&#8220;stretch_row&#8220; content_placement=&#8220;middle&#8220; el_class=&#8220;black-qoute-background&#8220;][vc_column el_class=&#8220;column1&#8243;][vc_row_inner][vc_column_inner][vc_column_text el_class=&#8220;quote&#8220;]Es gibt nichts Sch\u00f6neres, als sich einer Herausforderung zu stellen und zu wissen, dass sie immer erfolgreich sein wird.[\/vc_column_text][vc_column_text el_class=&#8220;name&#8220;]Jan-Mark van Mastwijk, Gesch\u00e4ftsf\u00fchrer von Hakkers[\/vc_column_text][\/vc_column_inner][\/vc_row_inner]<div class=\"templatera_shortcode\"><style type=\"text\/css\" data-type=\"vc_shortcodes-custom-css\">.vc_custom_1678184704891{background-image: url(https:\/\/hakkers.com\/wp-content\/uploads\/2022\/07\/texture_triangle_white.svg?id=183) !important;}<\/style><div class=\"vc_row wpb_row vc_row-fluid white-triangle-block wpex-relative\"><div class=\"wpb_column vc_column_container vc_col-sm-12\"><div class=\"vc_column-inner\"><div class=\"wpb_wrapper\"><div class=\"vc_row wpb_row vc_inner vc_row-fluid white-triangle-bkg vc_custom_1678184704891 wpex-relative wpex-vc_row-has-fill wpex-vc-reset-negative-margin\"><div class=\"wpb_column vc_column_container vc_col-sm-12\"><div class=\"vc_column-inner\"><div class=\"wpb_wrapper\"><div class=\"vcex-spacing wpex-w-100 wpex-clear\"><\/div><\/div><\/div><\/div><\/div><\/div><\/div><\/div><\/div><\/div>[\/vc_column][\/vc_row][vc_row content_placement=&#8220;middle&#8220; el_class=&#8220;txt-blck-img-mon&#8220; local_scroll_id=&#8220;cultuur&#8220;][vc_column width=&#8220;1\/2&#8243; el_class=&#8220;column1&#8243;][vc_column_text el_class=&#8220;title&#8220;]Kultur[\/vc_column_text][vc_column_text el_class=&#8220;text&#8220;]Sicherheit ist oberstes Gebot. Wir wollen, dass alle am Feierabend sicher zu ihren Familien zur\u00fcckkehren k\u00f6nnen. So sollte es sein, und daf\u00fcr stehen wir. Unser Sicherheitsprogramm \u201ewir arbeiten HAK&#8220; betrifft nicht nur die Sicherheit, es ist unsere Kultur. Wir helfen uns gegenseitig, wo es n\u00f6tig ist, wir sprechen einander an, wenn etwas besser gemacht werden k\u00f6nnte oder nicht klappt, und wir kennen uns und unsere T\u00e4tigkeiten.<\/p>\n<p>Wir kn\u00fcpfen Kontakte, indem wir gemeinsam mit den Kolleginnen und Kollegen sch\u00f6ne Aktivit\u00e4ten unternehmen. J\u00e4hrliche Treffen, um Erfolge und Jubil\u00e4en zu feiern, eine sch\u00f6ne Weihnachts\u00fcberraschung und nat\u00fcrlich ausgezeichnete prim\u00e4re und sekund\u00e4re Arbeitsbedingungen. Vor allem aber engagieren wir uns f\u00fcr unsere Besch\u00e4ftigten und f\u00fcr die pers\u00f6nliche Nachhaltigkeit, die Chance, sich f\u00fcr eine gl\u00fcckliche Zukunft weiterzuentwickeln. Hakkers ist ein mittelgro\u00dfes Unternehmen, in dem der Karriereweg herausfordernd und stimulierend ist. So behalten wir die Freude an unserer Arbeit \u2013 jeden Tag aufs Neue.[\/vc_column_text][\/vc_column][vc_column width=&#8220;1\/2&#8243; el_class=&#8220;column2&#8243;][vc_row_inner equal_height=&#8220;yes&#8220;][vc_column_inner el_class=&#8220;left-image&#8220; width=&#8220;1\/2&#8243;]<figure class=\"vcex-image vcex-module\"><div class=\"vcex-image-inner wpex-relative wpex-inline-block\"><img width=\"500\" height=\"500\" src=\"https:\/\/hakkers.com\/wp-content\/uploads\/2022\/11\/Cultuur-bij-Hakkers-gezelligheid-leuke-activiteiten.jpg\" class=\"vcex-image-img wpex-align-middle\" alt=\"\" loading=\"lazy\" decoding=\"async\" srcset=\"https:\/\/hakkers.com\/wp-content\/uploads\/2022\/11\/Cultuur-bij-Hakkers-gezelligheid-leuke-activiteiten.jpg 500w, https:\/\/hakkers.com\/wp-content\/uploads\/2022\/11\/Cultuur-bij-Hakkers-gezelligheid-leuke-activiteiten-300x300.jpg 300w, https:\/\/hakkers.com\/wp-content\/uploads\/2022\/11\/Cultuur-bij-Hakkers-gezelligheid-leuke-activiteiten-150x150.jpg 150w\" sizes=\"auto, (max-width: 500px) 100vw, 500px\" \/><\/div><\/figure>[\/vc_column_inner][vc_column_inner el_class=&#8220;right-image&#8220; width=&#8220;1\/2&#8243;]<figure class=\"vcex-image vcex-module\"><div class=\"vcex-image-inner wpex-relative wpex-inline-block\"><img width=\"500\" height=\"500\" src=\"https:\/\/hakkers.com\/wp-content\/uploads\/2022\/11\/Cultuur-bij-Hakkers-leuke-activiteiten-met-personeel.jpg\" class=\"vcex-image-img wpex-align-middle\" alt=\"\" loading=\"lazy\" decoding=\"async\" srcset=\"https:\/\/hakkers.com\/wp-content\/uploads\/2022\/11\/Cultuur-bij-Hakkers-leuke-activiteiten-met-personeel.jpg 500w, https:\/\/hakkers.com\/wp-content\/uploads\/2022\/11\/Cultuur-bij-Hakkers-leuke-activiteiten-met-personeel-300x300.jpg 300w, https:\/\/hakkers.com\/wp-content\/uploads\/2022\/11\/Cultuur-bij-Hakkers-leuke-activiteiten-met-personeel-150x150.jpg 150w\" sizes=\"auto, (max-width: 500px) 100vw, 500px\" \/><\/div><\/figure>[\/vc_column_inner][\/vc_row_inner][\/vc_column][\/vc_row][vc_row full_width=&#8220;stretch_row&#8220; el_class=&#8220;video-block-over&#8220;][vc_column]<div class=\"templatera_shortcode\"><style type=\"text\/css\" data-type=\"vc_shortcodes-custom-css\">.vc_custom_1678184025824{background-image: url(https:\/\/hakkers.com\/wp-content\/uploads\/2022\/07\/texture_triangle_steel.svg?id=192) !important;}<\/style><div class=\"vc_row wpb_row vc_row-fluid blue-triangle-block wpex-relative\"><div class=\"wpb_column vc_column_container vc_col-sm-12\"><div class=\"vc_column-inner\"><div class=\"wpb_wrapper\"><div class=\"vc_row wpb_row vc_inner vc_row-fluid blue-triangle-bkg vc_custom_1678184025824 wpex-relative wpex-vc_row-has-fill wpex-vc-reset-negative-margin\"><div class=\"wpb_column vc_column_container vc_col-sm-12\"><div class=\"vc_column-inner\"><div class=\"wpb_wrapper\"><div class=\"vcex-spacing wpex-w-100 wpex-clear\"><\/div><\/div><\/div><\/div><\/div><\/div><\/div><\/div><\/div><\/div>[vc_raw_html]W3ByZXN0b19wbGF5ZXIgaWQ9MTk2XSA=[\/vc_raw_html][vc_row_inner el_class=&#8220;text&#8220;][vc_column_inner][vc_column_text]\n<div class=\"wpb_text_column wpb_content_element \">\n<div class=\"wpb_wrapper\">\n<p>Wir sind der erkennbare Fachbetrieb, der jede Herausforderung mit neuem Schwung anpackt. Jedes Problem ist anders, unser Fachwissen geht flexibel darauf ein und erm\u00f6glicht es uns, konstruktive L\u00f6sungen zu finden.<\/p><\/div>\n<\/div>\n[\/vc_column_text][\/vc_column_inner][\/vc_row_inner][\/vc_column][\/vc_row][vc_row el_id=&#8220;Contact blok&#8220;][vc_column][vc_raw_html]W3RlbXBsYXRlcmEgaWQ9IjQ5Il0=[\/vc_raw_html][\/vc_column][\/vc_row]\n<\/div>","protected":false},"excerpt":{"rendered":"DIES IST DIE WELT VON HAKKERS. HAKKERS. MACHT\u2018S M\u00d6GLICH. Hakkers ist ein Familienunternehmen mit engagierten Besch\u00e4ftigten, die stolz sind auf ihre Arbeit und die Auswirkungen, die sie damit auf die Gesellschaft haben. Wir sch\u00e4tzen unsere Wurzeln in Werkendam. Wir sind landesweit t\u00e4tig, aber lokal verankert. Als Experten liefern wir sch\u00f6ne Projekte in den Gesch\u00e4ftsfeldern Wasserbau,&hellip;","protected":false},"author":21,"featured_media":2917,"parent":3097,"menu_order":0,"comment_status":"closed","ping_status":"closed","template":"","meta":{"footnotes":""},"class_list":["post-2916","page","type-page","status-publish","has-post-thumbnail","hentry","entry","has-media"],"yoast_head":"<!-- This site is optimized with the Yoast SEO plugin v27.3 - https:\/\/yoast.com\/product\/yoast-seo-wordpress\/ -->\n<title>\u00dcber uns - Hakkers<\/title>\n<meta name=\"description\" content=\"Hakkers ist ein Familienunternehmen mit engagierten Besch\u00e4ftigten, die stolz sind auf ihre Arbeit und die Auswirkungen, die sie damit auf die Gesellschaft haben.\" \/>\n<meta name=\"robots\" content=\"index, follow, max-snippet:-1, max-image-preview:large, max-video-preview:-1\" \/>\n<link rel=\"canonical\" href=\"https:\/\/hakkers.com\/de\/hakkers\/ueber-uns\/\" \/>\n<meta property=\"og:locale\" content=\"de_DE\" \/>\n<meta property=\"og:type\" content=\"article\" \/>\n<meta property=\"og:title\" content=\"\u00dcber uns - Hakkers\" \/>\n<meta property=\"og:description\" content=\"Hakkers ist ein Familienunternehmen mit engagierten Besch\u00e4ftigten, die stolz sind auf ihre Arbeit und die Auswirkungen, die sie damit auf die Gesellschaft haben.\" \/>\n<meta property=\"og:url\" content=\"https:\/\/hakkers.com\/de\/hakkers\/ueber-uns\/\" \/>\n<meta property=\"og:site_name\" content=\"Hakkers\" \/>\n<meta property=\"article:modified_time\" content=\"2023-12-21T12:28:53+00:00\" \/>\n<meta property=\"og:image\" content=\"https:\/\/hakkers.com\/wp-content\/uploads\/2022\/11\/Wereld-van-Hakkers.jpg\" \/>\n\t<meta property=\"og:image:width\" content=\"1920\" \/>\n\t<meta property=\"og:image:height\" content=\"900\" \/>\n\t<meta property=\"og:image:type\" content=\"image\/jpeg\" \/>\n<meta name=\"twitter:card\" content=\"summary_large_image\" \/>\n<meta name=\"twitter:label1\" content=\"Gesch\u00e4tzte Lesezeit\" \/>\n\t<meta name=\"twitter:data1\" content=\"5\u00a0Minuten\" \/>\n<!-- \/ Yoast SEO plugin. -->","yoast_head_json":{"title":"\u00dcber uns - Hakkers","description":"Hakkers ist ein Familienunternehmen mit engagierten Besch\u00e4ftigten, die stolz sind auf ihre Arbeit und die Auswirkungen, die sie damit auf die Gesellschaft haben.","robots":{"index":"index","follow":"follow","max-snippet":"max-snippet:-1","max-image-preview":"max-image-preview:large","max-video-preview":"max-video-preview:-1"},"canonical":"https:\/\/hakkers.com\/de\/hakkers\/ueber-uns\/","og_locale":"de_DE","og_type":"article","og_title":"\u00dcber uns - Hakkers","og_description":"Hakkers ist ein Familienunternehmen mit engagierten Besch\u00e4ftigten, die stolz sind auf ihre Arbeit und die Auswirkungen, die sie damit auf die Gesellschaft haben.","og_url":"https:\/\/hakkers.com\/de\/hakkers\/ueber-uns\/","og_site_name":"Hakkers","article_modified_time":"2023-12-21T12:28:53+00:00","og_image":[{"width":1920,"height":900,"url":"https:\/\/hakkers.com\/wp-content\/uploads\/2022\/11\/Wereld-van-Hakkers.jpg","type":"image\/jpeg"}],"twitter_card":"summary_large_image","twitter_misc":{"Gesch\u00e4tzte Lesezeit":"5\u00a0Minuten"},"schema":{"@context":"https:\/\/schema.org","@graph":[{"@type":"WebPage","@id":"https:\/\/hakkers.com\/de\/hakkers\/ueber-uns\/","url":"https:\/\/hakkers.com\/de\/hakkers\/ueber-uns\/","name":"\u00dcber uns - Hakkers","isPartOf":{"@id":"https:\/\/hakkers.com\/#website"},"primaryImageOfPage":{"@id":"https:\/\/hakkers.com\/de\/hakkers\/ueber-uns\/#primaryimage"},"image":{"@id":"https:\/\/hakkers.com\/de\/hakkers\/ueber-uns\/#primaryimage"},"thumbnailUrl":"https:\/\/hakkers.com\/wp-content\/uploads\/2022\/11\/Wereld-van-Hakkers.jpg","datePublished":"2022-08-03T10:17:44+00:00","dateModified":"2023-12-21T12:28:53+00:00","description":"Hakkers ist ein Familienunternehmen mit engagierten Besch\u00e4ftigten, die stolz sind auf ihre Arbeit und die Auswirkungen, die sie damit auf die Gesellschaft haben.","breadcrumb":{"@id":"https:\/\/hakkers.com\/de\/hakkers\/ueber-uns\/#breadcrumb"},"inLanguage":"de","potentialAction":[{"@type":"ReadAction","target":["https:\/\/hakkers.com\/de\/hakkers\/ueber-uns\/"]}]},{"@type":"ImageObject","inLanguage":"de","@id":"https:\/\/hakkers.com\/de\/hakkers\/ueber-uns\/#primaryimage","url":"https:\/\/hakkers.com\/wp-content\/uploads\/2022\/11\/Wereld-van-Hakkers.jpg","contentUrl":"https:\/\/hakkers.com\/wp-content\/uploads\/2022\/11\/Wereld-van-Hakkers.jpg","width":1920,"height":900},{"@type":"BreadcrumbList","@id":"https:\/\/hakkers.com\/de\/hakkers\/ueber-uns\/#breadcrumb","itemListElement":[{"@type":"ListItem","position":1,"name":"Home","item":"https:\/\/hakkers.com\/de\/"},{"@type":"ListItem","position":2,"name":"Hakkers","item":"https:\/\/hakkers.com\/de\/hakkers\/"},{"@type":"ListItem","position":3,"name":"\u00dcber uns"}]},{"@type":"WebSite","@id":"https:\/\/hakkers.com\/#website","url":"https:\/\/hakkers.com\/","name":"Hakkers","description":"Maakt het mogelijk","publisher":{"@id":"https:\/\/hakkers.com\/#organization"},"potentialAction":[{"@type":"SearchAction","target":{"@type":"EntryPoint","urlTemplate":"https:\/\/hakkers.com\/?s={search_term_string}"},"query-input":{"@type":"PropertyValueSpecification","valueRequired":true,"valueName":"search_term_string"}}],"inLanguage":"de"},{"@type":"Organization","@id":"https:\/\/hakkers.com\/#organization","name":"Hakkers","url":"https:\/\/hakkers.com\/","logo":{"@type":"ImageObject","inLanguage":"de","@id":"https:\/\/hakkers.com\/#\/schema\/logo\/image\/","url":"https:\/\/hakkers.com\/wp-content\/uploads\/2025\/09\/Hakkers_Logo150_liggend_CMYK.jpg","contentUrl":"https:\/\/hakkers.com\/wp-content\/uploads\/2025\/09\/Hakkers_Logo150_liggend_CMYK.jpg","width":2343,"height":559,"caption":"Hakkers"},"image":{"@id":"https:\/\/hakkers.com\/#\/schema\/logo\/image\/"}}]}},"_links":{"self":[{"href":"https:\/\/hakkers.com\/de\/wp-json\/wp\/v2\/pages\/2916","targetHints":{"allow":["GET"]}}],"collection":[{"href":"https:\/\/hakkers.com\/de\/wp-json\/wp\/v2\/pages"}],"about":[{"href":"https:\/\/hakkers.com\/de\/wp-json\/wp\/v2\/types\/page"}],"author":[{"embeddable":true,"href":"https:\/\/hakkers.com\/de\/wp-json\/wp\/v2\/users\/21"}],"replies":[{"embeddable":true,"href":"https:\/\/hakkers.com\/de\/wp-json\/wp\/v2\/comments?post=2916"}],"version-history":[{"count":9,"href":"https:\/\/hakkers.com\/de\/wp-json\/wp\/v2\/pages\/2916\/revisions"}],"predecessor-version":[{"id":3936,"href":"https:\/\/hakkers.com\/de\/wp-json\/wp\/v2\/pages\/2916\/revisions\/3936"}],"up":[{"embeddable":true,"href":"https:\/\/hakkers.com\/de\/wp-json\/wp\/v2\/pages\/3097"}],"wp:featuredmedia":[{"embeddable":true,"href":"https:\/\/hakkers.com\/de\/wp-json\/wp\/v2\/media\/2917"}],"wp:attachment":[{"href":"https:\/\/hakkers.com\/de\/wp-json\/wp\/v2\/media?parent=2916"}],"curies":[{"name":"wp","href":"https:\/\/api.w.org\/{rel}","templated":true}]}}