{"id":2908,"date":"2022-07-28T15:18:01","date_gmt":"2022-07-28T13:18:01","guid":{"rendered":"https:\/\/hakkers.com\/dienstleistungen\/"},"modified":"2023-12-21T13:28:52","modified_gmt":"2023-12-21T12:28:52","slug":"dienstleistungen","status":"publish","type":"page","link":"https:\/\/hakkers.com\/de\/dienstleistungen\/","title":{"rendered":"Dienstleistungen"},"content":{"rendered":"<div class=\"wpb-content-wrapper\">[vc_row full_width=&#8220;stretch_row&#8220; wpex_bg_overlay=&#8220;custom&#8220; wpex_post_thumbnail_bg=&#8220;true&#8220; el_class=&#8220;diensten-hero&#8220; wpex_bg_overlay_color=&#8220;palette-7&#8243; wpex_bg_overlay_opacity=&#8220;0.25&#8243;][vc_column][vc_column_text el_class=&#8220;title&#8220;]\n<h1>ALLES BEGINNT DAMIT, DASS MAN <strong>WILL!<\/strong><\/h1>\n[\/vc_column_text]<div class=\"templatera_shortcode\"><style type=\"text\/css\" data-type=\"vc_shortcodes-custom-css\">.vc_custom_1678184704891{background-image: url(https:\/\/hakkers.com\/wp-content\/uploads\/2022\/07\/texture_triangle_white.svg?id=183) !important;}<\/style><div class=\"vc_row wpb_row vc_row-fluid white-triangle-block wpex-relative\"><div class=\"wpb_column vc_column_container vc_col-sm-12\"><div class=\"vc_column-inner\"><div class=\"wpb_wrapper\"><div class=\"vc_row wpb_row vc_inner vc_row-fluid white-triangle-bkg vc_custom_1678184704891 wpex-relative wpex-vc_row-has-fill wpex-vc-reset-negative-margin\"><div class=\"wpb_column vc_column_container vc_col-sm-12\"><div class=\"vc_column-inner\"><div class=\"wpb_wrapper\"><div class=\"vcex-spacing wpex-w-100 wpex-clear\"><\/div><\/div><\/div><\/div><\/div><\/div><\/div><\/div><\/div><\/div>[\/vc_column][\/vc_row][vc_row el_class=&#8220;txt-blck-nav&#8220;][vc_column width=&#8220;1\/2&#8243; el_class=&#8220;column1&#8243;][vc_column_text el_class=&#8220;title&#8220;]Dienstleistungen[\/vc_column_text][vc_column_text el_class=&#8220;text&#8220;]Hakkers ist ein f\u00fchrendes Unternehmen auf dem Markt f\u00fcr Wasserbau und Fundamentbau. Denken und Handeln, das zeichnet uns aus. Im B\u00fcro vorbereiten und drau\u00dfen ausf\u00fchren. Wir k\u00f6nnen mit unvorhersehbaren Faktoren umgehen. Durch unsere hohe Anpassungsf\u00e4higkeit und unser konstruktives Denken bieten wir f\u00fcr jede Herausforderung die passende L\u00f6sung. Es gibt nichts Sch\u00f6neres, als sich einer Herausforderung zu stellen und zu wissen, dass man immer die optimale L\u00f6sung findet. Alleine oder als Teil eines Konsortiums arbeiten wir an Auftr\u00e4gen f\u00fcr Beh\u00f6rden oder Privatunternehmen. Indem wir adaptiv arbeiten, k\u00f6nnen wir sicher sein, dass das, was wir planen, auch wirklich die beste L\u00f6sung ist. Auf diese Weise arbeiten wir flexibel und engagiert an durchdachten L\u00f6sungen. Hakkers hat die Experten im Haus. Wir bieten die Gewissheit, dass wir alle den gleichen Weg zu einem erfolgreichen Endergebnis einschlagen.[\/vc_column_text][\/vc_column][vc_column width=&#8220;1\/2&#8243; el_class=&#8220;column2&#8243;][vc_row_inner el_class=&#8220;nav-colls&#8220;][vc_column_inner el_class=&#8220;col1&#8243; width=&#8220;1\/4&#8243;]<style>.vcex-image.vcex_69e1c1fa87a87 .vcex-image-inner{max-width:80px;}<\/style><figure class=\"vcex-image vcex-module wpex-text-left vcex_69e1c1fa87a87\"><div class=\"vcex-image-inner wpex-relative wpex-inline-block\"><img width=\"80\" height=\"260\" src=\"https:\/\/hakkers.com\/wp-content\/uploads\/2022\/07\/nav-blue-triangle.svg\" class=\"vcex-image-img wpex-align-middle\" alt=\"\" loading=\"lazy\" decoding=\"async\" \/><\/div><\/figure>[\/vc_column_inner][vc_column_inner el_class=&#8220;col2&#8243; width=&#8220;3\/4&#8243;][vc_column_text el_class=&#8220;title&#8220;]Navigation[\/vc_column_text]<div class=\"theme-button-wrap theme-button-block-wrap wpex-block wpex-clear\"><a href=\"#advies-en-ontwerp\" class=\"vcex-button theme-txt-link wpex-inline-block block nav-button local-scroll-link\"><span class=\"vcex-button-inner theme-button-inner wpex-flex wpex-flex-wrap wpex-items-center wpex-justify-center\">Beratung und Entwurf<\/span><\/a><\/div> <div class=\"theme-button-wrap theme-button-block-wrap wpex-block wpex-clear\"><a href=\"#realisatie\" class=\"vcex-button theme-txt-link wpex-inline-block block nav-button local-scroll-link\"><span class=\"vcex-button-inner theme-button-inner wpex-flex wpex-flex-wrap wpex-items-center wpex-justify-center\">Umsetzung<\/span><\/a><\/div> [\/vc_column_inner][\/vc_row_inner][\/vc_column][\/vc_row][vc_row][vc_column]<div class=\"templatera_shortcode\"><style type=\"text\/css\" data-type=\"vc_shortcodes-custom-css\">.vc_custom_1678184025824{background-image: url(https:\/\/hakkers.com\/wp-content\/uploads\/2022\/07\/texture_triangle_steel.svg?id=192) !important;}<\/style><div class=\"vc_row wpb_row vc_row-fluid blue-triangle-block wpex-relative\"><div class=\"wpb_column vc_column_container vc_col-sm-12\"><div class=\"vc_column-inner\"><div class=\"wpb_wrapper\"><div class=\"vc_row wpb_row vc_inner vc_row-fluid blue-triangle-bkg vc_custom_1678184025824 wpex-relative wpex-vc_row-has-fill wpex-vc-reset-negative-margin\"><div class=\"wpb_column vc_column_container vc_col-sm-12\"><div class=\"vc_column-inner\"><div class=\"wpb_wrapper\"><div class=\"vcex-spacing wpex-w-100 wpex-clear\"><\/div><\/div><\/div><\/div><\/div><\/div><\/div><\/div><\/div><\/div>[\/vc_column][\/vc_row][vc_row full_width=&#8220;stretch_row&#8220; content_placement=&#8220;middle&#8220; el_class=&#8220;dienst-oena-background&#8220; local_scroll_id=&#8220;advies-en-ontwerp&#8220;][vc_column width=&#8220;1\/2&#8243; el_class=&#8220;column1&#8243;][vc_column_text el_class=&#8220;title&#8220;]Beratung und Entwurf[\/vc_column_text][vc_column_text el_class=&#8220;text&#8220;]Wir kommen aus den Startl\u00f6chern, um die Herausforderungen eines Projekts so schnell wie m\u00f6glich anzugehen. Dies erm\u00f6glicht es uns, die besonderen Aspekte zu erkennen, da kein Projekt dem anderen gleicht. Wir arbeiten mit dem theoretischen Rahmen als Ausgangspunkt, um die beste L\u00f6sung f\u00fcr die Praxis zu finden. Hakkers verf\u00fcgt \u00fcber eine eigene Konstruktionsabteilung, die eng mit unserer Kalkulations- und Ausschreibungsabteilung zusammenarbeitet, um eine optimale Beratung zu gew\u00e4hrleisten. Dank unserer Anpassungsf\u00e4higkeit trifft die L\u00f6sung nahtlos mit der Herausforderung \u00fcberein. Wir vertrauen darauf, dass alles, was wir planen, wirklich die beste L\u00f6sung ist. Ist das nicht sch\u00f6n? Klarheit ist von Anfang an einer der Hauptpfeiler eines integrierten Ansatzes. Sowohl das Projektteam von Hakkers als auch der Auftraggeber \u00fcberwachen st\u00e4ndig Planung, Zeitplan, Qualit\u00e4t, Risiken, Kosten und Umweltaspekte. Kurze Wege und eine offene Kommunikation machen es leicht, auf dem Weg zu einem erfolgreichen Endergebnis schnell zu reagieren, vorzugsweise gemeinsam mit unserem Kunden.[\/vc_column_text][\/vc_column][vc_column width=&#8220;1\/2&#8243; el_class=&#8220;column2&#8243;][vc_row_inner equal_height=&#8220;yes&#8220;][vc_column_inner el_class=&#8220;left-image&#8220; width=&#8220;1\/2&#8243;]<figure class=\"vcex-image vcex-module\"><div class=\"vcex-image-inner wpex-relative wpex-inline-block\"><img width=\"500\" height=\"500\" src=\"https:\/\/hakkers.com\/wp-content\/uploads\/2022\/11\/Diensten-onderzoek-survey.jpg\" class=\"vcex-image-img wpex-align-middle\" alt=\"\" loading=\"lazy\" decoding=\"async\" srcset=\"https:\/\/hakkers.com\/wp-content\/uploads\/2022\/11\/Diensten-onderzoek-survey.jpg 500w, https:\/\/hakkers.com\/wp-content\/uploads\/2022\/11\/Diensten-onderzoek-survey-300x300.jpg 300w, https:\/\/hakkers.com\/wp-content\/uploads\/2022\/11\/Diensten-onderzoek-survey-150x150.jpg 150w\" sizes=\"auto, (max-width: 500px) 100vw, 500px\" \/><\/div><\/figure>[\/vc_column_inner][vc_column_inner el_class=&#8220;right-image&#8220; width=&#8220;1\/2&#8243;]<figure class=\"vcex-image vcex-module\"><div class=\"vcex-image-inner wpex-relative wpex-inline-block\"><img width=\"500\" height=\"500\" src=\"https:\/\/hakkers.com\/wp-content\/uploads\/2022\/11\/Hakker-diensten-advies.jpg\" class=\"vcex-image-img wpex-align-middle\" alt=\"\" loading=\"lazy\" decoding=\"async\" srcset=\"https:\/\/hakkers.com\/wp-content\/uploads\/2022\/11\/Hakker-diensten-advies.jpg 500w, https:\/\/hakkers.com\/wp-content\/uploads\/2022\/11\/Hakker-diensten-advies-300x300.jpg 300w, https:\/\/hakkers.com\/wp-content\/uploads\/2022\/11\/Hakker-diensten-advies-150x150.jpg 150w\" sizes=\"auto, (max-width: 500px) 100vw, 500px\" \/><\/div><\/figure>[\/vc_column_inner][\/vc_row_inner][\/vc_column][\/vc_row][vc_row full_width=&#8220;stretch_row&#8220; content_placement=&#8220;middle&#8220; el_class=&#8220;qoute-background&#8220;][vc_column el_class=&#8220;column1&#8243;][vc_row_inner][vc_column_inner][vc_column_text el_class=&#8220;quote&#8220;]Alles, was man sich ausdenkt und macht, sollte wirklich die beste und sch\u00f6nste L\u00f6sung sein.[\/vc_column_text][vc_column_text el_class=&#8220;name&#8220;]Hein van Laar, kaufm\u00e4nnischer Leiter von Hakkers[\/vc_column_text][\/vc_column_inner][\/vc_row_inner]<div class=\"templatera_shortcode\"><style type=\"text\/css\" data-type=\"vc_shortcodes-custom-css\">.vc_custom_1678184704891{background-image: url(https:\/\/hakkers.com\/wp-content\/uploads\/2022\/07\/texture_triangle_white.svg?id=183) !important;}<\/style><div class=\"vc_row wpb_row vc_row-fluid white-triangle-block wpex-relative\"><div class=\"wpb_column vc_column_container vc_col-sm-12\"><div class=\"vc_column-inner\"><div class=\"wpb_wrapper\"><div class=\"vc_row wpb_row vc_inner vc_row-fluid white-triangle-bkg vc_custom_1678184704891 wpex-relative wpex-vc_row-has-fill wpex-vc-reset-negative-margin\"><div class=\"wpb_column vc_column_container vc_col-sm-12\"><div class=\"vc_column-inner\"><div class=\"wpb_wrapper\"><div class=\"vcex-spacing wpex-w-100 wpex-clear\"><\/div><\/div><\/div><\/div><\/div><\/div><\/div><\/div><\/div><\/div>[\/vc_column][\/vc_row][vc_row local_scroll_id=&#8220;realisatie&#8220;][vc_column]<figure class=\"vcex-image vcex-module big-image-left-corner\"><div class=\"vcex-image-inner wpex-relative wpex-inline-block\"><img width=\"1920\" height=\"900\" src=\"https:\/\/hakkers.com\/wp-content\/uploads\/2022\/11\/Hypermoderne-constructiehal.jpg\" class=\"vcex-image-img wpex-align-middle\" alt=\"\" loading=\"lazy\" decoding=\"async\" srcset=\"https:\/\/hakkers.com\/wp-content\/uploads\/2022\/11\/Hypermoderne-constructiehal.jpg 1920w, https:\/\/hakkers.com\/wp-content\/uploads\/2022\/11\/Hypermoderne-constructiehal-300x141.jpg 300w, https:\/\/hakkers.com\/wp-content\/uploads\/2022\/11\/Hypermoderne-constructiehal-1024x480.jpg 1024w, https:\/\/hakkers.com\/wp-content\/uploads\/2022\/11\/Hypermoderne-constructiehal-768x360.jpg 768w, https:\/\/hakkers.com\/wp-content\/uploads\/2022\/11\/Hypermoderne-constructiehal-1536x720.jpg 1536w\" sizes=\"auto, (max-width: 1920px) 100vw, 1920px\" \/><\/div><\/figure>[\/vc_column][\/vc_row][vc_row el_class=&#8220;txt-blck-2-3&#8243; local_scroll_id=&#8220;realisatie&#8220;][vc_column width=&#8220;2\/3&#8243; el_class=&#8220;column1&#8243;][vc_column_text el_class=&#8220;title&#8220;]Umsetzung[\/vc_column_text][vc_column_text el_class=&#8220;text&#8220;]Vom Entwurf auf dem Rei\u00dfbrett zum fertigen Projektabschluss. Bei Hakkers ist dies alles unter einem Dach m\u00f6glich. Neben Engineering und Vermessung verf\u00fcgen wir \u00fcber mehrere hochmoderne Konstruktionshallen, in denen wir Ideen in konkrete Ergebnisse umsetzen. Durch die Vorfertigung von Stahl- und Betonteilen erh\u00f6hen wir die Qualit\u00e4t und beeintr\u00e4chtigen nicht die Umgebung der Orte, an denen wir arbeiten. Dar\u00fcber hinaus sorgen wir mit unserer Adaptionsf\u00e4higkeit f\u00fcr eine genaue Anpassung an diese Umgebung, selbst unter den manchmal unvorhersehbaren Umst\u00e4nden, unter denen wir arbeiten. F\u00fcr jede L\u00f6sung haben wir ein Schiff, dass die Anlage versorgt. Hakkers macht\u2018s m\u00f6glich. Was wir (gemeinsam) ausdenken und machen, muss in unseren Augen wirklich die beste und sch\u00f6nste L\u00f6sung sein![\/vc_column_text]<a href=\"\/inspiratie\/\" class=\"vcex-button theme-txt-link wpex-inline-block inline col-butt-blue\"><span class=\"vcex-button-inner theme-button-inner wpex-flex wpex-flex-wrap wpex-items-center wpex-justify-center\">Unsere Projekte<\/span><\/a> [\/vc_column][vc_column width=&#8220;1\/3&#8243; el_class=&#8220;column2&#8243;][\/vc_column][\/vc_row][vc_row el_id=&#8220;Contact blok&#8220;][vc_column][vc_raw_html]W3RlbXBsYXRlcmEgaWQ9IjQ5Il0=[\/vc_raw_html][\/vc_column][\/vc_row]\n<\/div>","protected":false},"excerpt":{"rendered":"ALLES BEGINNT DAMIT, DASS MAN WILL! Dienstleistungen Hakkers ist ein f\u00fchrendes Unternehmen auf dem Markt f\u00fcr Wasserbau und Fundamentbau. Denken und Handeln, das zeichnet uns aus. Im B\u00fcro vorbereiten und drau\u00dfen ausf\u00fchren. Wir k\u00f6nnen mit unvorhersehbaren Faktoren umgehen. Durch unsere hohe Anpassungsf\u00e4higkeit und unser konstruktives Denken bieten wir f\u00fcr jede Herausforderung die passende L\u00f6sung. Es&hellip;","protected":false},"author":21,"featured_media":2909,"parent":0,"menu_order":0,"comment_status":"closed","ping_status":"closed","template":"","meta":{"footnotes":""},"class_list":["post-2908","page","type-page","status-publish","has-post-thumbnail","hentry","entry","has-media"],"yoast_head":"<!-- This site is optimized with the Yoast SEO plugin v27.3 - https:\/\/yoast.com\/product\/yoast-seo-wordpress\/ -->\n<title>Unsere Dienstleistungen %%page% - Hakkers<\/title>\n<meta name=\"description\" content=\"Hakkers ist ein f\u00fchrendes Unternehmen auf dem Markt f\u00fcr Wasserbau und Fundamentbau. Denken und Handeln, das zeichnet uns aus. Hakkers hat die Experten im Haus.\" \/>\n<meta name=\"robots\" content=\"index, follow, max-snippet:-1, max-image-preview:large, max-video-preview:-1\" \/>\n<link rel=\"canonical\" href=\"https:\/\/hakkers.com\/de\/dienstleistungen\/\" \/>\n<meta property=\"og:locale\" content=\"de_DE\" \/>\n<meta property=\"og:type\" content=\"article\" \/>\n<meta property=\"og:title\" content=\"Unsere Dienstleistungen %%page% - Hakkers\" \/>\n<meta property=\"og:description\" content=\"Hakkers ist ein f\u00fchrendes Unternehmen auf dem Markt f\u00fcr Wasserbau und Fundamentbau. Denken und Handeln, das zeichnet uns aus. Hakkers hat die Experten im Haus.\" \/>\n<meta property=\"og:url\" content=\"https:\/\/hakkers.com\/de\/dienstleistungen\/\" \/>\n<meta property=\"og:site_name\" content=\"Hakkers\" \/>\n<meta property=\"article:modified_time\" content=\"2023-12-21T12:28:52+00:00\" \/>\n<meta property=\"og:image\" content=\"https:\/\/hakkers.com\/wp-content\/uploads\/2022\/11\/Hakker-diensten-advies-en-ontwerp.jpg\" \/>\n\t<meta property=\"og:image:width\" content=\"1920\" \/>\n\t<meta property=\"og:image:height\" content=\"900\" \/>\n\t<meta property=\"og:image:type\" content=\"image\/jpeg\" \/>\n<meta name=\"twitter:card\" content=\"summary_large_image\" \/>\n<meta name=\"twitter:label1\" content=\"Gesch\u00e4tzte Lesezeit\" \/>\n\t<meta name=\"twitter:data1\" content=\"5\u00a0Minuten\" \/>\n<!-- \/ Yoast SEO plugin. -->","yoast_head_json":{"title":"Unsere Dienstleistungen %%page% - Hakkers","description":"Hakkers ist ein f\u00fchrendes Unternehmen auf dem Markt f\u00fcr Wasserbau und Fundamentbau. Denken und Handeln, das zeichnet uns aus. Hakkers hat die Experten im Haus.","robots":{"index":"index","follow":"follow","max-snippet":"max-snippet:-1","max-image-preview":"max-image-preview:large","max-video-preview":"max-video-preview:-1"},"canonical":"https:\/\/hakkers.com\/de\/dienstleistungen\/","og_locale":"de_DE","og_type":"article","og_title":"Unsere Dienstleistungen %%page% - Hakkers","og_description":"Hakkers ist ein f\u00fchrendes Unternehmen auf dem Markt f\u00fcr Wasserbau und Fundamentbau. Denken und Handeln, das zeichnet uns aus. Hakkers hat die Experten im Haus.","og_url":"https:\/\/hakkers.com\/de\/dienstleistungen\/","og_site_name":"Hakkers","article_modified_time":"2023-12-21T12:28:52+00:00","og_image":[{"width":1920,"height":900,"url":"https:\/\/hakkers.com\/wp-content\/uploads\/2022\/11\/Hakker-diensten-advies-en-ontwerp.jpg","type":"image\/jpeg"}],"twitter_card":"summary_large_image","twitter_misc":{"Gesch\u00e4tzte Lesezeit":"5\u00a0Minuten"},"schema":{"@context":"https:\/\/schema.org","@graph":[{"@type":"WebPage","@id":"https:\/\/hakkers.com\/de\/dienstleistungen\/","url":"https:\/\/hakkers.com\/de\/dienstleistungen\/","name":"Unsere Dienstleistungen %%page% - Hakkers","isPartOf":{"@id":"https:\/\/hakkers.com\/#website"},"primaryImageOfPage":{"@id":"https:\/\/hakkers.com\/de\/dienstleistungen\/#primaryimage"},"image":{"@id":"https:\/\/hakkers.com\/de\/dienstleistungen\/#primaryimage"},"thumbnailUrl":"https:\/\/hakkers.com\/wp-content\/uploads\/2022\/11\/Hakker-diensten-advies-en-ontwerp.jpg","datePublished":"2022-07-28T13:18:01+00:00","dateModified":"2023-12-21T12:28:52+00:00","description":"Hakkers ist ein f\u00fchrendes Unternehmen auf dem Markt f\u00fcr Wasserbau und Fundamentbau. Denken und Handeln, das zeichnet uns aus. Hakkers hat die Experten im Haus.","breadcrumb":{"@id":"https:\/\/hakkers.com\/de\/dienstleistungen\/#breadcrumb"},"inLanguage":"de","potentialAction":[{"@type":"ReadAction","target":["https:\/\/hakkers.com\/de\/dienstleistungen\/"]}]},{"@type":"ImageObject","inLanguage":"de","@id":"https:\/\/hakkers.com\/de\/dienstleistungen\/#primaryimage","url":"https:\/\/hakkers.com\/wp-content\/uploads\/2022\/11\/Hakker-diensten-advies-en-ontwerp.jpg","contentUrl":"https:\/\/hakkers.com\/wp-content\/uploads\/2022\/11\/Hakker-diensten-advies-en-ontwerp.jpg","width":1920,"height":900},{"@type":"BreadcrumbList","@id":"https:\/\/hakkers.com\/de\/dienstleistungen\/#breadcrumb","itemListElement":[{"@type":"ListItem","position":1,"name":"Home","item":"https:\/\/hakkers.com\/de\/"},{"@type":"ListItem","position":2,"name":"Dienstleistungen"}]},{"@type":"WebSite","@id":"https:\/\/hakkers.com\/#website","url":"https:\/\/hakkers.com\/","name":"Hakkers","description":"Maakt het mogelijk","publisher":{"@id":"https:\/\/hakkers.com\/#organization"},"potentialAction":[{"@type":"SearchAction","target":{"@type":"EntryPoint","urlTemplate":"https:\/\/hakkers.com\/?s={search_term_string}"},"query-input":{"@type":"PropertyValueSpecification","valueRequired":true,"valueName":"search_term_string"}}],"inLanguage":"de"},{"@type":"Organization","@id":"https:\/\/hakkers.com\/#organization","name":"Hakkers","url":"https:\/\/hakkers.com\/","logo":{"@type":"ImageObject","inLanguage":"de","@id":"https:\/\/hakkers.com\/#\/schema\/logo\/image\/","url":"https:\/\/hakkers.com\/wp-content\/uploads\/2025\/09\/Hakkers_Logo150_liggend_CMYK.jpg","contentUrl":"https:\/\/hakkers.com\/wp-content\/uploads\/2025\/09\/Hakkers_Logo150_liggend_CMYK.jpg","width":2343,"height":559,"caption":"Hakkers"},"image":{"@id":"https:\/\/hakkers.com\/#\/schema\/logo\/image\/"}}]}},"_links":{"self":[{"href":"https:\/\/hakkers.com\/de\/wp-json\/wp\/v2\/pages\/2908","targetHints":{"allow":["GET"]}}],"collection":[{"href":"https:\/\/hakkers.com\/de\/wp-json\/wp\/v2\/pages"}],"about":[{"href":"https:\/\/hakkers.com\/de\/wp-json\/wp\/v2\/types\/page"}],"author":[{"embeddable":true,"href":"https:\/\/hakkers.com\/de\/wp-json\/wp\/v2\/users\/21"}],"replies":[{"embeddable":true,"href":"https:\/\/hakkers.com\/de\/wp-json\/wp\/v2\/comments?post=2908"}],"version-history":[{"count":5,"href":"https:\/\/hakkers.com\/de\/wp-json\/wp\/v2\/pages\/2908\/revisions"}],"predecessor-version":[{"id":3917,"href":"https:\/\/hakkers.com\/de\/wp-json\/wp\/v2\/pages\/2908\/revisions\/3917"}],"wp:featuredmedia":[{"embeddable":true,"href":"https:\/\/hakkers.com\/de\/wp-json\/wp\/v2\/media\/2909"}],"wp:attachment":[{"href":"https:\/\/hakkers.com\/de\/wp-json\/wp\/v2\/media?parent=2908"}],"curies":[{"name":"wp","href":"https:\/\/api.w.org\/{rel}","templated":true}]}}